{"id":11660,"date":"2023-12-10T01:25:15","date_gmt":"2023-12-10T01:25:15","guid":{"rendered":"https:\/\/freedomges.com\/inicio\/"},"modified":"2024-02-27T04:08:22","modified_gmt":"2024-02-27T04:08:22","slug":"inicio","status":"publish","type":"page","link":"https:\/\/freedomges.com\/es\/","title":{"rendered":"Inicio"},"content":{"rendered":"<div class=\"wpb-content-wrapper\"><p>[vc_row full_width=&#8221;stretch_row_content_no_spaces&#8221; kd_background_image_position=&#8221;vc_row-bg-position-top&#8221; el_class=&#8221;hide-bg-on-mobile&#8221; css_tablet_portrait=&#8221;.vc_custom_1605871666244{padding-top: 0px !important;}&#8221; css_mobile=&#8221;.vc_custom_1605871666245{padding-top: 0px !important;}&#8221;][vc_column css=&#8221;.vc_custom_1513003956648{padding-top: 0px !important;}&#8221;][vc_row_inner full_width=&#8221;inner_row_contained&#8221; kd_background_image_position=&#8221;vc_row-bg-position-top&#8221; kd_background_overlay=&#8221;true&#8221; css=&#8221;.vc_custom_1703693360658{margin-right: 60px !important;margin-left: 60px !important;padding-top: 250px !important;padding-bottom: 100px !important;}&#8221; el_class=&#8221;border-bottom-radius&#8221; css_tablet_landscape=&#8221;.vc_custom_1703693360660{margin-right: 0px !important;margin-left: 0px !important;padding-top: 150px !important;}&#8221; css_tablet_portrait=&#8221;.vc_custom_1703693360663{margin-right: 0px !important;margin-left: 0px !important;padding-top: 100px !important;padding-right: 30px !important;padding-left: 30px !important;}&#8221; css_mobile=&#8221;.vc_custom_1703693360665{margin-right: 0px !important;margin-left: 0px !important;padding-top: 100px !important;padding-right: 15px !important;padding-left: 15px !important;}&#8221;][vc_column_inner width=&#8221;1\/2&#8243; css=&#8221;.vc_custom_1600352541039{margin-left: 0px !important;padding-top: 0px !important;padding-right: 0px !important;padding-bottom: 80px !important;padding-left: 0px !important;}&#8221; offset=&#8221;vc_col-lg-6 vc_col-md-12&#8243;]<header class=\"kd-section-title col-lg-12 text-left  subtitle-below-title kd-animated fadeIn   vc_custom_1703693326172\" data-animation-delay=200><h1 class=\"separator_off\" style=\"font-size: 57px;line-height: 67px;margin-bottom:35px;\">Su socio financiero de confianza<\/h1><h6 class=\"subtitle\" style=\"font-size:20px;\">Ocuparse de sus finanzas personales y empresariales es esencial para alcanzar sus objetivos financieros. Creemos que es la piedra angular para construir un futuro pr\u00f3spero y seguro para usted y los suyos.<\/h6><\/header><a  href=\"https:\/\/freedomges.com\/home\/accounting-services\/\"  target=\"_self\"  title=\"Seguros\"  class=\"tt_button tt_primary_button btn_primary_color hover_outline_secondary btn-align-left button-action-link icon_right  vc_custom_1702793235513 kd-animated zoomIn\" data-animation-delay=200><span class=\"prim_text\">CONTABILIDAD<\/span><span class=\"fas fa-chevron-right iconita\" ><\/span><\/a><a  href=\"https:\/\/freedomges.com\/home\/taxes\/\"  target=\"_self\"  title=\"Impuestos\"  class=\"tt_button tt_primary_button btn_primary_color  btn-align-left button-action-link icon_right  vc_custom_1702793567393 kd-animated zoomIn\" data-animation-delay=200><span class=\"prim_text\">IMPUESTOS<\/span><span class=\"fas fa-chevron-right iconita\" ><\/span><\/a><a  href=\"https:\/\/freedomges.com\/home\/insurance\/\"  target=\"_self\"  title=\"Seguros\"  class=\"tt_button tt_primary_button btn_primary_color hover_outline_secondary btn-align-left button-action-link icon_right  vc_custom_1702793727158 kd-animated zoomIn\" data-animation-delay=200><span class=\"prim_text\">SEGURO<\/span><span class=\"fas fa-chevron-right iconita\" ><\/span><\/a><div class=\"scroll-down-wrapper  kd-animated fadeInUp  vc_custom_1703693274007\" data-animation-delay=400><a href=\"#Section-1a\" class=\"scroll-down-arrow btn-smooth-scroll\"  aria-label=\"Scroll down\"><\/a><\/div>[\/vc_column_inner][vc_column_inner width=&#8221;1\/2&#8243; css=&#8221;.vc_custom_1600853734339{padding-right: 0px !important;padding-left: 0px !important;}&#8221; offset=&#8221;vc_col-lg-6 vc_col-md-12&#8243; css_mobile=&#8221;.vc_custom_1600853734340{padding-top: 70px !important;}&#8221; css_tablet_landscape=&#8221;.vc_custom_1600853734339{padding-top: 50px !important;}&#8221; css_tablet_portrait=&#8221;.vc_custom_1600853734340{padding-top: 100px !important;}&#8221;]<div class=\"kd-photo-group group-layout-right-left no-shadow disable-parallax  vc_custom_1703692359257 disable-responsive\">\n                <div class=\"kd-group-image first-image-wrapper\"><div class=\"kd-group-image-animation kd-animated fadeInUp\" data-animation-delay=200><img loading=\"lazy\" decoding=\"async\" class=\"photo-group-img\" src=\"https:\/\/www.swaytheme.com\/wp-content\/uploads\/sites\/3\/2020\/09\/moving1.png\" alt=\"\" loading=\"lazy\" width=\"529\" height=\"615\" \/><\/div><\/div>\n                <div class=\"kd-group-image second-image-wrapper\" style=\"bottom: 0px;\"><div class=\"kd-group-image-animation kd-animated fadeInUp\" data-animation-delay=600><img loading=\"lazy\" decoding=\"async\" class=\"photo-group-img\" src=\"https:\/\/www.swaytheme.com\/wp-content\/uploads\/sites\/3\/2020\/08\/business-1.jpg\" alt=\"\" loading=\"lazy\" width=\"529\" height=\"728\" \/><\/div><\/div>\n            <\/div><div class=\"kd-shapes shape_dots  kd-animated fadeInDown\" style=\"top: -123px;right: -135px;width: 172px;height: 340px;\"  data-animation-delay=1000><\/div><div class=\"kd-shapes shape_dots  kd-animated fadeInUp\" style=\"bottom: -60px;left: 50px;width: 141px;height: 156px;\"  data-animation-delay=1000><\/div>[\/vc_column_inner][\/vc_row_inner][\/vc_column][\/vc_row][vc_row full_width=&#8221;stretch_row_content&#8221; kd_background_image_position=&#8221;vc_row-bg-position-top&#8221; el_class=&#8221;overflow-fix&#8221; css=&#8221;.vc_custom_1702256392071{padding-top: 200px !important;padding-bottom: 200px !important;}&#8221; el_id=&#8221;Secci\u00f3n 1&#8243;][vc_column css_tablet_portrait=&#8221;.vc_custom_1598609688950{padding-right: 0px !important;padding-left: 0px !important;}&#8221; css_mobile=&#8221;.vc_custom_1598609688951{padding-right: 0px !important;padding-left: 0px !important;}&#8221;][vc_row_inner full_width=&#8221;inner_row_contained&#8221; kd_background_image_position=&#8221;vc_row-bg-position-top&#8221; kd_background_overlay=&#8221;true&#8221; css=&#8221;.vc_custom_1703736782199{margin-right: 45px !important;margin-left: 45px !important;padding-top: 60px !important;padding-bottom: 0px !important;border-radius: 50px !important;}&#8221; css_tablet_portrait=&#8221;.vc_custom_1703736782204{margin-right: 0px !important;margin-left: 0px !important;padding-bottom: 100px !important;border-radius: 0px !important;}&#8221; css_mobile=&#8221;.vc_custom_1703736782207{margin-right: 0px !important;margin-left: 0px !important;padding-bottom: 100px !important;border-radius: 0px !important;}&#8221; css_tablet_landscape=&#8221;.vc_custom_1703736782202{margin-right: 0px !important;margin-left: 0px !important;padding-bottom: 100px !important;}&#8221; el_id=&#8221;Section-1a&#8221;][vc_column_inner width=&#8221;1\/4&#8243; css=&#8221;.vc_custom_1598612879768{padding-top: 190px !important;}&#8221; css_tablet_portrait=&#8221;.vc_custom_1598612879769{padding-top: 150px !important;}&#8221; css_mobile=&#8221;.vc_custom_1598612879770{padding-top: 0px !important;}&#8221; offset=&#8221;vc_col-lg-3 vc_col-md-6 vc_col-xs-12&#8243;]<div class=\"key-icon-box icon-default icon-top cont-left ib-hover-1 with-shadow    icon-with-background icon-no-border kd-animated fadeInUp\" style=\"background-color: transparent;\" data-animation-delay=200><div class=\"ib-wrapper\" style=\"padding-top:40px;padding-bottom:40px;padding-left:35px;padding-right:35px;\"><div class=\"ib-icon-wrapper\" style=\"background-color: #e0f0fd;width:70px;height:70px;margin-bottom:30px;\"><i class=\"iconsmind-Financial iconsmind-Business-Finance\" style=\"color: #377ef9;font-size: 30px;font-weight: 400;\"><\/i> <\/div><h4 class=\"service-heading\" >Contabilidad<\/h4><p >Nuestros experimentados profesionales ofrecen un conjunto completo de servicios financieros para garantizar la salud financiera de su empresa.<\/p><p class=\"ib-link \"><a href=\"https:\/\/freedomges.com\/home\/accounting-services\/\" target=\"_self\" >M\u00e1s informaci\u00f3n<\/a><\/p><\/div><\/div><div class=\"kd-shapes shape_dots with-parallax kd-animated zoomIn\" style=\"bottom: 60px;left: -100px;width: 340px;height: 173px;\" data-parallax-speed=\"0.1\" data-animation-delay=400><\/div>[\/vc_column_inner][vc_column_inner width=&#8221;1\/4&#8243; css=&#8221;.vc_custom_1598612823705{margin-bottom: -100px !important;}&#8221; css_tablet_portrait=&#8221;.vc_custom_1598612823706{margin-bottom: 0px !important;}&#8221; css_mobile=&#8221;.vc_custom_1598612823707{margin-bottom: 0px !important;}&#8221; offset=&#8221;vc_col-lg-3 vc_col-md-6 vc_col-xs-12&#8243;]<div class=\"kd-shapes shape_dots with-parallax kd-animated zoomIn\" style=\"top: -60px;right: -45px;width: 172px;height: 173px;\" data-parallax-speed=\"0.1\" data-animation-delay=400><\/div><div class=\"key-icon-box icon-default icon-top cont-left ib-hover-1 with-shadow    icon-with-background icon-no-border kd-animated fadeInDown\" style=\"background-color: transparent;margin-bottom:30px;\" data-animation-delay=200><div class=\"ib-wrapper\" style=\"padding-top:40px;padding-bottom:40px;padding-left:35px;padding-right:35px;\"><div class=\"ib-icon-wrapper\" style=\"background-color: #e0f0fd;width:70px;height:70px;margin-bottom:30px;\"><i class=\"iconsmind-Wallet-2 iconsmind-Business-Finance\" style=\"color: #377ef9;font-size: 30px;font-weight: 400;\"><\/i> <\/div><h4 class=\"service-heading\" >Impuestos<\/h4><p >Nos especializamos en la preparaci\u00f3n del impuesto sobre la renta de las personas f\u00edsicas y de las empresas.<\/p><p class=\"ib-link \"><a href=\"https:\/\/freedomges.com\/home\/taxes\/\" target=\"_self\" >M\u00e1s informaci\u00f3n<\/a><\/p><\/div><\/div><div class=\"key-icon-box icon-default icon-top cont-left ib-hover-1 with-shadow    icon-with-background icon-no-border kd-animated fadeInUp\" style=\"background-color: transparent;\" data-animation-delay=200><div class=\"ib-wrapper\" style=\"padding-top:40px;padding-bottom:40px;padding-left:35px;padding-right:35px;\"><div class=\"ib-icon-wrapper\" style=\"background-color: #e0f0fd;width:70px;height:70px;margin-bottom:30px;\"><i class=\"iconsmind-Globe iconsmind-Maps-Locations\" style=\"color: #377ef9;font-size: 30px;font-weight: 400;\"><\/i> <\/div><h4 class=\"service-heading\" >Seguros<\/h4><p >roteger lo que m\u00e1s te importa es nuestra prioridad.<\/p><p class=\"ib-link \"><a href=\"https:\/\/freedomges.com\/home\/insurance\/\" target=\"_self\" >M\u00e1s informaci\u00f3n<\/a><\/p><\/div><\/div>[\/vc_column_inner][vc_column_inner width=&#8221;1\/2&#8243; css=&#8221;.vc_custom_1598631117964{padding-top: 100px !important;padding-left: 115px !important;}&#8221; css_tablet_portrait=&#8221;.vc_custom_1598631117965{padding-top: 50px !important;padding-left: 15px !important;}&#8221; css_mobile=&#8221;.vc_custom_1598631117966{padding-top: 50px !important;padding-left: 15px !important;}&#8221; offset=&#8221;vc_col-lg-6 vc_col-md-12 vc_col-xs-12&#8243; css_tablet_landscape=&#8221;.vc_custom_1598631117965{padding-top: 100px !important;padding-left: 15px !important;}&#8221;]<header class=\"kd-section-title col-lg-12 text-left  subtitle-below-title kd-animated fadeIn   vc_custom_1706510951946\" data-animation-delay=200><h2 class=\"separator_off\" style=\"margin-bottom:30px;\">Explore nuestros completos servicios financieros<\/h2><h6 class=\"subtitle\" >El \u00e9xito financiero empieza por una planificaci\u00f3n adecuada, una contabilidad diligente y una cobertura de seguros meditada. Nos comprometemos a proporcionar los pilares esenciales de la estabilidad y la seguridad financieras.<\/p>\n<p>Su bienestar financiero es nuestra prioridad<\/p>\n<p>En Freedom GES, nos dedicamos a apoyar a particulares y empresas en su trayectoria financiera. Ofrecemos una gama completa de servicios esenciales, todos bajo un mismo techo, incluidos servicios de sociedades, contabilidad, preparaci\u00f3n de impuestos y asesoramiento experto en seguros de salud, vida, autom\u00f3vil, hogar y empresa. A continuaci\u00f3n le explicamos c\u00f3mo podemos ayudarle a alcanzar sus aspiraciones financieras:<\/h6><\/header><a  href=\"https:\/\/freedomges.com\/es\/comenzar\/\"  target=\"_self\"  title=\"Comenzar\"  class=\"tt_button tt_primary_button btn_primary_color  btn-align-left button-action-link icon_right  vc_custom_1708994615101 kd-animated zoomIn\" data-animation-delay=200><span class=\"prim_text\">Comenzar<\/span><span class=\"fas fa-chevron-right iconita\" ><\/span><\/a>[\/vc_column_inner][\/vc_row_inner][\/vc_column][\/vc_row][vc_row full_width=&#8221;stretch_row_content_no_spaces&#8221; kd_background_image_position=&#8221;vc_row-bg-position-top&#8221;][vc_column css=&#8221;.vc_custom_1597665991208{padding-right: 0px !important;padding-left: 0px !important;}&#8221;][vc_row_inner full_width=&#8221;inner_row_contained&#8221; kd_background_image_position=&#8221;vc_row-bg-position-top&#8221; css=&#8221;.vc_custom_1598629266356{margin-right: 60px !important;margin-left: 60px !important;padding-top: 160px !important;padding-bottom: 165px !important;background-image: url(https:\/\/www.swaytheme.com\/wp-content\/uploads\/sites\/3\/2020\/08\/business-2.jpg?id=) !important;background-position: center !important;background-repeat: no-repeat !important;background-size: cover !important;border-radius: 50px !important;}&#8221; css_tablet_portrait=&#8221;.vc_custom_1598629266357{margin-right: 0px !important;margin-left: 0px !important;padding-top: 100px !important;padding-bottom: 100px !important;border-radius: 0px !important;}&#8221; css_mobile=&#8221;.vc_custom_1598629266358{margin-right: 0px !important;margin-left: 0px !important;padding-top: 100px !important;padding-bottom: 100px !important;border-radius: 0px !important;}&#8221; css_tablet_landscape=&#8221;.vc_custom_1598629266357{margin-right: 0px !important;margin-left: 0px !important;border-radius: 0px !important;}&#8221;][vc_column_inner width=&#8221;1\/2&#8243; css_tablet_portrait=&#8221;.vc_custom_1598614995974{padding-left: 30px !important;}&#8221; css_mobile=&#8221;.vc_custom_1598614995975{padding-left: 15px !important;}&#8221;]<div class=\"kd-shapes shape_dots  kd-animated fadeInDown\" style=\"top: -240px;left: 70%;width: 340px;height: 143px;background-color: #ffffff;\"  data-animation-delay=600><\/div><header class=\"kd-section-title col-lg-12 text-left  subtitle-above-title kd-animated fadeIn   vc_custom_1699323628002\" data-animation-delay=200><h6 class=\"subtitle\" style=\"color: #ffffff;font-size:15px;\">Su socio financiero de confianza<\/h6><h1 class=\"separator_off\" style=\"color: #ffffff;\">Estamos orgullosos de haber ayudado a m\u00e1s de 1.000 particulares y empresas.<\/h1><\/header><a  href=\"https:\/\/freedomges.com\/es\/comenzar\/\"  target=\"_self\"  title=\"Comenzar\"  class=\"tt_button tt_primary_button btn_primary_color hover_solid_secondary btn-align-left button-action-link   kd-animated zoomIn\" data-animation-delay=200><span class=\"prim_text\">Comenzar<\/span><\/a><div class=\"kd-shapes shape_dots  kd-animated fadeInUp\" style=\"bottom: -220px;left: 35%;width: 173px;height: 143px;background-color: #ffffff;\"  data-animation-delay=600><\/div>[\/vc_column_inner][vc_column_inner width=&#8221;1\/2&#8243; css=&#8221;.vc_custom_1597672141666{padding-top: 100px !important;}&#8221;][\/vc_column_inner][\/vc_row_inner][\/vc_column][\/vc_row][vc_row kd_background_image_position=&#8221;vc_row-bg-position-top&#8221;][vc_column][vc_row_inner kd_background_image_position=&#8221;vc_row-bg-position-top&#8221; css=&#8221;.vc_custom_1598626725779{padding-top: 160px !important;padding-bottom: 50px !important;}&#8221; css_tablet_portrait=&#8221;.vc_custom_1598626725781{padding-top: 100px !important;}&#8221; css_mobile=&#8221;.vc_custom_1598626725781{padding-top: 100px !important;}&#8221;][vc_column_inner css=&#8221;.vc_custom_1699324986651{padding-top: 50px !important;padding-right: 30px !important;padding-left: 0px !important;}&#8221; offset=&#8221;vc_col-lg-offset-0 vc_col-lg-6 vc_col-md-offset-0 vc_col-sm-offset-0&#8243; css_tablet_portrait=&#8221;.vc_custom_1699324986654{padding-right: 0px !important;}&#8221; css_mobile=&#8221;.vc_custom_1699324986656{padding-right: 0px !important;}&#8221;]<div class=\"kd-photo-group group-layout-left-right large-shadow enable-parallax  vc_custom_1703864485709\">\n                <div class=\"kd-group-image first-image-wrapper\"><div class=\"kd-group-image-animation kd-animated fadeInDown\" data-animation-delay=200><img loading=\"lazy\" decoding=\"async\" class=\"photo-group-img\" src=\"https:\/\/www.swaytheme.com\/wp-content\/uploads\/sites\/3\/2020\/08\/business-6.jpg\" alt=\"\" loading=\"lazy\" width=\"370\" height=\"430\" \/><\/div><\/div>\n                <div class=\"kd-group-image second-image-wrapper\" style=\"bottom: -15%;\"><div class=\"kd-group-image-animation kd-animated fadeInUp\" data-animation-delay=200><img loading=\"lazy\" decoding=\"async\" class=\"photo-group-img\" src=\"https:\/\/www.swaytheme.com\/wp-content\/uploads\/sites\/3\/2020\/08\/business-5.jpg\" alt=\"\" loading=\"lazy\" width=\"400\" height=\"500\" \/><\/div><\/div>\n            <\/div><div class=\"kd-shapes shape_dots with-parallax kd-animated zoomIn\" style=\"right: -45px;bottom: -160px;width: 340px;height: 173px;\" data-parallax-speed=\"-0.05\" data-animation-delay=400><\/div>[\/vc_column_inner][vc_column_inner css=&#8221;.vc_custom_1598629364542{padding-top: 30px !important;padding-right: 50px !important;padding-left: 100px !important;}&#8221; offset=&#8221;vc_col-lg-6&#8243; css_tablet_portrait=&#8221;.vc_custom_1598629364544{padding-top: 100px !important;padding-right: 15px !important;padding-left: 15px !important;}&#8221; css_mobile=&#8221;.vc_custom_1598629364545{padding-top: 100px !important;padding-right: 15px !important;padding-left: 15px !important;}&#8221; css_tablet_landscape=&#8221;.vc_custom_1598629364543{padding-top: 100px !important;padding-right: 10px !important;padding-left: 15px !important;}&#8221;]<header class=\"kd-section-title col-lg-12 text-left  subtitle-below-title kd-animated fadeIn   vc_custom_1699323707072\" data-animation-delay=200><h2 class=\"separator_off\" style=\"margin-bottom:30px;\">\u00bfPor qu\u00e9 elegir Freedom GES?<\/h2><\/header><div class=\"key-icon-box icon-default icon-left cont-left ib-no-effect     icon-no-background icon-no-border kd-animated fadeIn\" style=\"background-color: transparent;margin-bottom:40px;\" data-animation-delay=200><div class=\"ib-simple-icon-wrapper\" ><i class=\"iconsmind-Handshake iconsmind-Business-Finance\" style=\"font-size: 25px;font-weight: 700;\"><\/i> <\/div><h6 class=\"service-heading\" >Experiencia:<\/h6><p style=\"font-size: 18px;\">Con a\u00f1os de experiencia en los sectores financiero y de seguros, nuestro equipo cuenta con los conocimientos y la experiencia necesarios para prestar servicios de primera categor\u00eda.<\/p><\/div><div class=\"key-icon-box icon-default icon-left cont-left ib-no-effect     icon-no-background icon-no-border kd-animated fadeIn\" style=\"background-color: transparent;margin-bottom:40px;\" data-animation-delay=200><div class=\"ib-simple-icon-wrapper\" ><i class=\"iconsmind-Target iconsmind-Seo-Icons\" style=\"font-size: 25px;font-weight: 700;\"><\/i> <\/div><h6 class=\"service-heading\" >Soluciones integrales (servicios):<\/h6><p style=\"font-size: 18px;\">Tanto si necesita asistencia contable, servicios fiscales, orientaci\u00f3n sobre seguros o una combinaci\u00f3n de todos ellos, le ofrecemos un enfoque hol\u00edstico para gestionar sus finanzas en un solo lugar, ahorr\u00e1ndole tiempo y recursos.<\/p><\/div><div class=\"key-icon-box icon-default icon-left cont-left ib-no-effect     icon-no-background icon-no-border kd-animated fadeIn\" style=\"background-color: transparent;margin-bottom:40px;\" data-animation-delay=200><div class=\"ib-simple-icon-wrapper\" ><i class=\"iconsmind-Bar-Chart iconsmind-Business-Finance\" style=\"font-size: 25px;font-weight: 700;\"><\/i> <\/div><h6 class=\"service-heading\" >Enfoque personalizado:<\/h6><p style=\"font-size: 18px;\">Entendemos que la situaci\u00f3n financiera de cada cliente es \u00fanica. Nuestros servicios se adaptan a sus objetivos y requisitos espec\u00edficos.<\/p><\/div><div class=\"key-icon-box icon-default icon-left cont-left ib-no-effect     icon-no-background icon-no-border kd-animated fadeIn\" style=\"background-color: transparent;margin-bottom:40px;\" data-animation-delay=200><div class=\"ib-simple-icon-wrapper\" ><i class=\"iconsmind-Idea-4 iconsmind-Seo-Icons\" style=\"font-size: 25px;font-weight: 700;\"><\/i> <\/div><h6 class=\"service-heading\" >Asesores de confianza:<\/h6><p style=\"font-size: 18px;\">Construir relaciones duraderas con nuestros clientes basadas en la confianza, la integridad y la transparencia para un bienestar financiero es nuestra prioridad.<\/p><\/div><div class=\"key-icon-box icon-default icon-left cont-left ib-no-effect     icon-no-background icon-no-border kd-animated fadeIn\" style=\"background-color: transparent;\" data-animation-delay=200><div class=\"ib-simple-icon-wrapper\" ><i class=\"iconsmind-Cursor-Click iconsmind-Interface\" style=\"font-size: 25px;font-weight: 700;\"><\/i> <\/div><h6 class=\"service-heading\" >Rentabilidad:<\/h6><p style=\"font-size: 18px;\">Nuestros servicios est\u00e1n dise\u00f1ados para ahorrarle tiempo y dinero, permiti\u00e9ndole centrarse en lo que mejor sabe hacer: dirigir su empresa y disfrutar de la vida.<\/p><\/div><a  href=\"https:\/\/freedomges.com\/es\/comenzar\/\"  target=\"_self\"  title=\"Comenzar\"  class=\"tt_button tt_primary_button btn_primary_color hover_solid_secondary btn-align-left button-action-link   vc_custom_1708996250793 kd-animated zoomIn\" data-animation-delay=200><span class=\"prim_text\">Comenzar<\/span><\/a>[\/vc_column_inner][\/vc_row_inner][\/vc_column][\/vc_row][vc_row kd_background_image_position=&#8221;vc_row-bg-position-top&#8221;][vc_column][\/vc_column][\/vc_row][vc_row full_width=&#8221;stretch_row&#8221; kd_background_image_position=&#8221;vc_row-bg-position-top&#8221;][vc_column]<header class=\"kd-section-title vc_col-lg-6 vc_col-sm-8 text-center solid-line sep-border-width-2  subtitle-below-title kd-animated fadeIn   vc_custom_1703744773950\" data-animation-delay=200><h2 class=\"separator_on\" >Vea por qu\u00e9 a nuestros clientes les encanta trabajar con nosotros.<\/h2><div class=\"kd-separator below_title\" ><div class=\"kd-separator-line\" ><\/div><\/div><\/header>[vc_raw_html]PHNjcmlwdCB0eXBlPSJ0ZXh0L2phdmFzY3JpcHQiIHNyYz0iaHR0cHM6Ly9hcGkubGVhZGNvbm5lY3RvcmhxLmNvbS9qcy9yZXZpZXdzX3dpZGdldC5qcyI+PC9zY3JpcHQ+PGlmcmFtZSBjbGFzcz0ibGNfcmV2aWV3c193aWRnZXQiIHNyYz0iaHR0cHM6Ly9zZXJ2aWNlcy5sZWFkY29ubmVjdG9yaHEuY29tL3JlcHV0YXRpb24vd2lkZ2V0cy9yZXZpZXdfd2lkZ2V0L0xleDNWV096UFZUT09wSkc1YThyIiBmcmFtZWJvcmRlcj0iMCIgc2Nyb2xsaW5nPSJubyIgc3R5bGU9Im1pbi13aWR0aDogMTAwJTt3aWR0aDogMTAwJTsiPjwvaWZyYW1lPg==[\/vc_raw_html][\/vc_column][\/vc_row][vc_row full_width=&#8221;stretch_row&#8221; kd_background_image_position=&#8221;vc_row-bg-position-top&#8221; css=&#8221;.vc_custom_1597836754480{padding-top: 100px !important;background: #21233f url(https:\/\/www.swaytheme.com\/wp-content\/uploads\/sites\/3\/2020\/08\/Map.png?id=) !important;background-position: 0 0 !important;background-repeat: no-repeat !important;}&#8221; el_class=&#8221;background-blend&#8221;][vc_column css=&#8221;.vc_custom_1597665991208{padding-right: 0px !important;padding-left: 0px !important;}&#8221;]<header class=\"kd-section-title col-lg-12 text-center  subtitle-above-title kd-animated fadeIn   vc_custom_1708839827729\" data-animation-delay=200><h6 class=\"subtitle\" style=\"color: #ffffff;font-size:15px;\">Su \u00e9xito financiero y su seguridad nos importan. Iniciemos una conversaci\u00f3n sobre c\u00f3mo Freedom GES puede ayudarle en su viaje financiero.<\/p>\n<p>P\u00f3ngase en contacto con nosotros hoy mismo para programar una consulta con uno de nuestros expertos. Esperamos colaborar con usted para construir un futuro seguro y pr\u00f3spero.<\/br><\/h6><h2 class=\"separator_off\" style=\"color: #ffffff;font-size: 42px;\">Iniciemos una conversaci\u00f3n<\/h2><\/header><div class=\"key-icon-box icon-default icon-top cont-center ib-no-effect    with-border icon-no-background icon-no-border kd-animated fadeInUp\" style=\"background-color: transparent;border: 1px solid rgba(55,126,249,0.3);\" ><div class=\"ib-wrapper\" style=\"padding-bottom:50px;\"><div class=\"ib-simple-icon-wrapper\" style=\"margin-bottom:30px;\"><i class=\"iconsmind-Envelope-2 iconsmind-Emails\" style=\"font-size: 40px;font-weight: 400;\"><\/i> <\/div><h6 class=\"service-heading\" style=\"color: #ffffff;\">P\u00f3ngase en contacto con nosotros<\/h6><p style=\"color:#ffffff;\">Nos encantar\u00eda hablar de c\u00f3mo podemos trabajar juntos.<\/p><p class=\"ib-link \"><a href=\"https:\/\/freedomges.com\/home\/contact-us\/\" target=\"_self\" style=\"color: #377ef9;\">Contactenos<\/a><\/p><\/div><\/div>[\/vc_column][\/vc_row]<\/p>\n<\/div>","protected":false},"excerpt":{"rendered":"<p>[vc_row full_width=&#8221;stretch_row_content_no_spaces&#8221; kd_background_image_position=&#8221;vc_row-bg-position-top&#8221; el_class=&#8221;hide-bg-on-mobile&#8221; css_tablet_portrait=&#8221;.vc_custom_1605871666244{padding-top: 0px !important;}&#8221; css_mobile=&#8221;.vc_custom_1605871666245{padding-top: 0px !important;}&#8221;][vc_column css=&#8221;.vc_custom_1513003956648{padding-top: 0px !important;}&#8221;][vc_row_inner full_width=&#8221;inner_row_contained&#8221; kd_background_image_position=&#8221;vc_row-bg-position-top&#8221; kd_background_overlay=&#8221;true&#8221; css=&#8221;.vc_custom_1703693360658{margin-right: 60px !important;margin-left: 60px [&hellip;]<\/p>\n","protected":false},"author":9,"featured_media":0,"parent":0,"menu_order":0,"comment_status":"closed","ping_status":"closed","template":"","meta":{"footnotes":""},"class_list":["post-11660","page","type-page","status-publish","hentry"],"_links":{"self":[{"href":"https:\/\/freedomges.com\/es\/wp-json\/wp\/v2\/pages\/11660","targetHints":{"allow":["GET"]}}],"collection":[{"href":"https:\/\/freedomges.com\/es\/wp-json\/wp\/v2\/pages"}],"about":[{"href":"https:\/\/freedomges.com\/es\/wp-json\/wp\/v2\/types\/page"}],"author":[{"embeddable":true,"href":"https:\/\/freedomges.com\/es\/wp-json\/wp\/v2\/users\/9"}],"replies":[{"embeddable":true,"href":"https:\/\/freedomges.com\/es\/wp-json\/wp\/v2\/comments?post=11660"}],"version-history":[{"count":22,"href":"https:\/\/freedomges.com\/es\/wp-json\/wp\/v2\/pages\/11660\/revisions"}],"predecessor-version":[{"id":13063,"href":"https:\/\/freedomges.com\/es\/wp-json\/wp\/v2\/pages\/11660\/revisions\/13063"}],"wp:attachment":[{"href":"https:\/\/freedomges.com\/es\/wp-json\/wp\/v2\/media?parent=11660"}],"curies":[{"name":"wp","href":"https:\/\/api.w.org\/{rel}","templated":true}]}}