{"id":12678,"date":"2023-11-05T18:47:32","date_gmt":"2023-11-05T18:47:32","guid":{"rendered":"https:\/\/freedomges.com\/inicio\/contabilidad\/servicios-de-contabilidad\/"},"modified":"2024-01-29T07:20:52","modified_gmt":"2024-01-29T07:20:52","slug":"servicios-de-contabilidad","status":"publish","type":"page","link":"https:\/\/freedomges.com\/es\/inicio\/contabilidad\/servicios-de-contabilidad\/","title":{"rendered":"Servicios de contabilidad"},"content":{"rendered":"<div class=\"wpb-content-wrapper\"><p>[vc_row full_width=&#8221;stretch_row&#8221; kd_background_image_position=&#8221;vc_row-bg-position-top&#8221; kd_bottom_separator_style=&#8221;waves&#8221; kd_bottom_separator_height=&#8221;separator-height-large&#8221; kd_fixed_background=&#8221;true&#8221; kd_bottom_separator=&#8221;true&#8221; css=&#8221;.vc_custom_1703584181323{margin-top: 80px !important;padding-top: 290px !important;padding-bottom: 270px !important;background-image: url(https:\/\/freedomges.com\/wp-content\/uploads\/2023\/12\/business-man-financial-inspector-secretary_With_Blue_Overlay_@_50_Opacity.jpg?id=11307) !important;background-position: center !important;background-repeat: no-repeat !important;background-size: cover !important;}&#8221; el_class=&#8221;intro-section&#8221; css_mobile=&#8221;.vc_custom_1703584181325{margin-top: 0px !important;padding-top: 100px !important;padding-bottom: 150px !important;}&#8221; css_tablet_portrait=&#8221;.vc_custom_1703584181324{margin-top: 0px !important;padding-top: 200px !important;padding-bottom: 250px !important;}&#8221;][vc_column][vc_row_inner kd_background_image_position=&#8221;vc_row-bg-position-top&#8221;][vc_column_inner]<header class=\"kd-section-title col-lg-12 text-center  subtitle-below-title kd-animated fadeIn   vc_custom_1704221032512\" data-animation-delay=200><h1 class=\"separator_off\" style=\"color: #ffffff;font-size: 72px;line-height: 80px;margin-bottom:30px;\">Contabilidad, n\u00f3minas y m\u00e1s<\/h1><h6 class=\"subtitle\" style=\"color: #ffffff;\">Nuestros expertos ofrecen el proceso m\u00e1s sencillo y fiable para atender a su empresa<\/h6><\/header>[\/vc_column_inner][\/vc_row_inner][vc_row_inner kd_background_image_position=&#8221;vc_row-bg-position-top&#8221;][vc_column_inner width=&#8221;1\/4&#8243;][\/vc_column_inner][vc_column_inner width=&#8221;1\/2&#8243; css=&#8221;.vc_custom_1600777457771{padding-right: 65px !important;padding-left: 65px !important;}&#8221; css_tablet_landscape=&#8221;.vc_custom_1600777457772{padding-right: 0px !important;padding-left: 0px !important;}&#8221; css_tablet_portrait=&#8221;.vc_custom_1600777457772{padding-right: 0px !important;padding-left: 0px !important;}&#8221; css_mobile=&#8221;.vc_custom_1600777457773{padding-right: 0px !important;padding-left: 0px !important;}&#8221;]<a  href=\"https:\/\/freedomges.com\/es\/comenzar\/\"  target=\"_self\"  title=\"Comenzar\"  class=\"tt_button tt_primary_button btn_primary_color hover_solid_secondary button-center button-action-link   kd-animated zoomIn\" data-animation-delay=200><span class=\"prim_text\">Comenzar<\/span><\/a><div class=\"scroll-down-wrapper sd-align-center kd-animated fadeInUp  vc_custom_1703545661889\" data-animation-delay=200><a href=\"#intro-section\" class=\"scroll-down-arrow btn-smooth-scroll\" style=\"background-color: #ffffff;\" aria-label=\"Scroll down\"><\/a><\/div>[\/vc_column_inner][vc_column_inner width=&#8221;1\/4&#8243;][\/vc_column_inner][\/vc_row_inner][\/vc_column][\/vc_row][vc_row full_width=&#8221;stretch_row_content&#8221; kd_background_image_position=&#8221;vc_row-bg-position-top&#8221; el_class=&#8221;overflow-fix&#8221; css=&#8221;.vc_custom_1618239083613{padding-top: 100px !important;padding-bottom: 70px !important;}&#8221; el_id=&#8221;intro-secci\u00f3n&#8221; css_tablet_portrait=&#8221;.vc_custom_1618239083614{padding-bottom: 0px !important;}&#8221; css_mobile=&#8221;.vc_custom_1618239083614{padding-bottom: 0px !important;}&#8221;][vc_column css_tablet_portrait=&#8221;.vc_custom_1598609688950{padding-right: 0px !important;padding-left: 0px !important;}&#8221; css_mobile=&#8221;.vc_custom_1598609688951{padding-right: 0px !important;padding-left: 0px !important;}&#8221;]<header class=\"kd-section-title col-lg-12 text-center  subtitle-above-title kd-animated fadeIn   vc_custom_1703546189691\" data-animation-delay=200><h2 class=\"separator_off\" style=\"font-size: 42px;\">Usted dirige su negocio, nosotros nos ocupamos de los libros<\/h2><\/header>[vc_row_inner full_width=&#8221;inner_row_contained&#8221; kd_background_image_position=&#8221;vc_row-bg-position-top&#8221; css=&#8221;.vc_custom_1599567687171{padding-bottom: 0px !important;}&#8221; css_tablet_portrait=&#8221;.vc_custom_1599567687174{margin-right: 0px !important;margin-left: 0px !important;padding-bottom: 100px !important;border-radius: 0px !important;}&#8221; css_mobile=&#8221;.vc_custom_1599567687175{margin-right: 0px !important;margin-left: 0px !important;padding-bottom: 100px !important;border-radius: 0px !important;}&#8221; css_tablet_landscape=&#8221;.vc_custom_1599567687172{margin-right: 0px !important;margin-left: 0px !important;padding-bottom: 100px !important;}&#8221;][vc_column_inner width=&#8221;1\/4&#8243; css=&#8221;.vc_custom_1699805439959{padding-top: 150px !important;}&#8221; css_tablet_portrait=&#8221;.vc_custom_1699805439962{padding-top: 0px !important;}&#8221; css_mobile=&#8221;.vc_custom_1699805439963{padding-top: 0px !important;}&#8221; offset=&#8221;vc_col-lg-3 vc_col-md-6 vc_col-xs-12&#8243;]<div class=\"kd-shapes shape_dots with-parallax kd-animated zoomIn\" style=\"top: 0px;left: -50px;width: 172px;height: 156px;\" data-parallax-speed=\"0.1\" data-animation-delay=400><\/div><div class=\"key-icon-box icon-default icon-top cont-left ib-hover-1    with-border icon-with-background icon-no-border kd-animated fadeInDown\" style=\"background-color: transparent;border: 1px solid #e7e7e7;margin-bottom:30px;\" data-animation-delay=200><div class=\"ib-wrapper\" style=\"padding-top:40px;padding-bottom:40px;padding-left:35px;padding-right:35px;\"><div class=\"ib-icon-wrapper\" style=\"width:60px;height:60px;margin-bottom:30px;\"><div class=\"tt-iconbox-customimg\"><img decoding=\"async\" src=\"https:\/\/www.swaytheme.com\/wp-content\/uploads\/sites\/3\/2021\/04\/Accounting-Icon1.png\" alt=\"\" \/><\/div><\/div><h4 class=\"service-heading\" >Ahorrar dinero<\/h4><p class=\"ib-link \"><a href=\"\" target=\"_self\" ><\/a><\/p><\/div><\/div>[\/vc_column_inner][vc_column_inner width=&#8221;1\/4&#8243; css=&#8221;.vc_custom_1598612823705{margin-bottom: -100px !important;}&#8221; css_tablet_portrait=&#8221;.vc_custom_1598612823706{margin-bottom: 0px !important;}&#8221; css_mobile=&#8221;.vc_custom_1598612823707{margin-bottom: 0px !important;}&#8221; offset=&#8221;vc_col-lg-3 vc_col-md-6 vc_col-xs-12&#8243;]<div class=\"key-icon-box icon-default icon-top cont-left ib-hover-1    with-border icon-with-background icon-no-border kd-animated fadeInDown\" style=\"background-color: transparent;border: 1px solid #e7e7e7;margin-bottom:30px;\" data-animation-delay=200><div class=\"ib-wrapper\" style=\"padding-top:40px;padding-bottom:40px;padding-left:35px;padding-right:35px;\"><div class=\"ib-icon-wrapper\" style=\"width:60px;height:60px;margin-bottom:30px;\"><div class=\"tt-iconbox-customimg\"><img decoding=\"async\" src=\"https:\/\/www.swaytheme.com\/wp-content\/uploads\/sites\/3\/2021\/04\/Accounting-Icon2.png\" alt=\"\" \/><\/div><\/div><h4 class=\"service-heading\" >Reducir el estr\u00e9s<\/h4><p class=\"ib-link \"><a href=\"\" target=\"_self\" ><\/a><\/p><\/div><\/div><div class=\"key-icon-box icon-default icon-top cont-left ib-hover-1    with-border icon-with-background icon-no-border kd-animated fadeInDown\" style=\"background-color: transparent;border: 1px solid #e7e7e7;margin-bottom:30px;\" data-animation-delay=200><div class=\"ib-wrapper\" style=\"padding-top:40px;padding-bottom:40px;padding-left:35px;padding-right:35px;\"><div class=\"ib-icon-wrapper\" style=\"width:60px;height:60px;margin-bottom:30px;\"><div class=\"tt-iconbox-customimg\"><img decoding=\"async\" src=\"https:\/\/www.swaytheme.com\/wp-content\/uploads\/sites\/3\/2021\/04\/Accounting-Icon4.png\" alt=\"\" \/><\/div><\/div><h4 class=\"service-heading\" >Tomar decisiones financieras con mayor conocimiento de causa<\/h4><p class=\"ib-link \"><a href=\"\" target=\"_self\" ><\/a><\/p><\/div><\/div>[\/vc_column_inner][vc_column_inner width=&#8221;1\/2&#8243; css=&#8221;.vc_custom_1699802887024{padding-top: 0px !important;padding-left: 115px !important;}&#8221; css_tablet_portrait=&#8221;.vc_custom_1699802887029{padding-top: 50px !important;padding-left: 15px !important;}&#8221; css_mobile=&#8221;.vc_custom_1699802887030{padding-top: 50px !important;padding-left: 15px !important;}&#8221; offset=&#8221;vc_col-lg-6 vc_col-md-12 vc_col-xs-12&#8243; css_tablet_landscape=&#8221;.vc_custom_1699802887027{padding-top: 100px !important;padding-left: 15px !important;}&#8221;]<header class=\"kd-section-title col-lg-12 text-left  subtitle-below-title kd-animated fadeIn   vc_custom_1699802441576\" data-animation-delay=200><h2 class=\"separator_off\" style=\"margin-bottom:30px;\">Ventajas de controlar la contabilidad<\/h2><\/header><ul class=\"kd-icon-list kd-animated fadeIn\" data-animation-delay=400><li class=\"kd-icon-list-item\"><div class=\"kd-icon-wrapper icon-square\" style=\"background-color: #95c11f;\"><i class=\"fas fa-check\" style=\"color: #ffffff;\"><\/i><\/div><span class=\"kd-list-text\" ><strong>Save money<\/strong> \u2013 actively planning and keeping track of your expenses constantly will help you save more on taxes.<\/span><\/li><li class=\"kd-icon-list-item\"><div class=\"kd-icon-wrapper icon-square\" style=\"background-color: #95c11f;\"><i class=\"fas fa-check\" style=\"color: #ffffff;\"><\/i><\/div><span class=\"kd-list-text\" ><strong>Reduce stress<\/strong> \u2013 your mind will be free from worrying about your books the entire year, knowing that they\u2019re being taken care of.<\/span><\/li><li class=\"kd-icon-list-item\"><div class=\"kd-icon-wrapper icon-square\" style=\"background-color: #95c11f;\"><i class=\"fas fa-check\" style=\"color: #ffffff;\"><\/i><\/div><span class=\"kd-list-text\" ><strong>Make more informed financial decisions<\/strong> \u2013 since you are able to track your income and expenses immediately, you can make better business decisions when the need calls for it \u2013 saving you from having to wait an entire year before it\u2019s too late to pivot.<\/span><\/li><\/ul><header class=\"kd-section-title col-lg-12 text-left  subtitle-below-title kd-animated fadeIn   vc_custom_1706512820585\" data-animation-delay=200><h2 class=\"separator_off\" style=\"margin-bottom:30px;\">Conclusi\u00f3n<\/h2><h6 class=\"subtitle\" ><\/p>\n<p>\n\u25cf La contabilidad no tiene por qu\u00e9 ser abrumadora. Freedom GES est\u00e1 aqu\u00ed para gestionar sus libros y permitirle tener una vida financiera m\u00e1s organizada y menos estresante.\n<\/p>\n<p>\n\u25cf Recuerde: ser inteligente con su contabilidad no solo tiene que ver con las deducciones fiscales; tambi\u00e9n le permite tener el poder de tomar decisiones informadas de forma r\u00e1pida y eficaz.<\/p>\n<p\/><\/h6><\/header><a  href=\"https:\/\/freedomges.com\/es\/comenzar\/\"  target=\"_self\"  title=\"Comenzar\"  class=\"tt_button tt_primary_button btn_primary_color hover_solid_secondary btn-align-left button-action-link icon_right  vc_custom_1706512831862 kd-animated zoomIn\" data-animation-delay=200><span class=\"prim_text\">Comenzar<\/span><span class=\"fas fa-chevron-right iconita\" ><\/span><\/a>[\/vc_column_inner][\/vc_row_inner][\/vc_column][\/vc_row][vc_row full_width=&#8221;stretch_row&#8221; content_placement=&#8221;middle&#8221; kd_background_image_position=&#8221;vc_row-bg-position-top&#8221; css=&#8221;.vc_custom_1618239933480{background-color: #f7f7f7 !important;}&#8221;][vc_column][vc_row_inner content_placement=&#8221;middle&#8221; kd_background_image_position=&#8221;vc_row-bg-position-top&#8221; css=&#8221;.vc_custom_1618240714873{padding-top: 100px !important;padding-bottom: 100px !important;}&#8221;][vc_column_inner css=&#8221;.vc_custom_1618240890712{margin-top: 30px !important;padding-right: 100px !important;padding-left: 0px !important;}&#8221; offset=&#8221;vc_col-lg-offset-0 vc_col-lg-6 vc_col-md-offset-0 vc_col-md-6 vc_col-sm-offset-0 vc_col-xs-12&#8243; css_tablet_portrait=&#8221;.vc_custom_1618240890712{padding-top: 0px !important;padding-right: 0px !important;padding-bottom: 0px !important;padding-left: 0px !important;}&#8221; css_mobile=&#8221;.vc_custom_1618240890713{padding-top: 0px !important;padding-right: 0px !important;padding-bottom: 50px !important;padding-left: 0px !important;}&#8221; css_tablet_landscape=&#8221;.vc_custom_1618240890712{padding-bottom: 0px !important;}&#8221;]<header class=\"kd-section-title col-lg-12 text-left  subtitle-below-title kd-animated fadeIn   vc_custom_1699805667251\" data-animation-delay=200><h2 class=\"separator_off\" >\u00bfQu\u00e9 significa &quot;n\u00f3mina&quot;?<\/h2><h6 class=\"subtitle\" >La n\u00f3mina se define como el total de todas las retribuciones que un empresario debe pagar a sus empleados durante un periodo determinado o en una fecha concreta. Tambi\u00e9n puede definirse como el proceso de retribuir a los empleados por el trabajo que realizan en nombre de sus organizaciones.<\/h6><\/header><header class=\"kd-section-title col-lg-12 text-left  subtitle-below-title kd-animated fadeIn   vc_custom_1699805691067\" data-animation-delay=200><h2 class=\"separator_off\" >\u00bfPor qu\u00e9 es tan importante?<\/h2><h6 class=\"subtitle\" >La gesti\u00f3n de n\u00f3minas es una parte importante de cualquier empresa porque ayuda a mejorar el compromiso de los empleados y el cumplimiento de la normativa. Sin un medio eficaz y preciso de pagar a los empleados, depositar y declarar los impuestos y mantener los registros, los empresarios podr\u00edan enfrentarse a reclamaciones salariales y costosas sanciones.<\/h6><\/header><header class=\"kd-section-title col-lg-12 text-left  subtitle-below-title kd-animated fadeIn   vc_custom_1699805729778\" data-animation-delay=200><h2 class=\"separator_off\" >\u00bfC\u00f3mo podemos ayudarle?<\/h2><h6 class=\"subtitle\" >Las n\u00f3minas de las SRL, sociedades y entidades empresariales de todo tipo pueden ser complejas. Entender mal los requisitos, calcular mal cualquiera de los componentes implicados, incumplir los plazos e incumplir cualquier otra obligaci\u00f3n de cumplimiento puede acarrear costosas multas, sanciones, acciones legales o algo peor. Es importante que los empresarios recurran a la experiencia de profesionales cualificados -como especialistas en recursos humanos, contabilidad y n\u00f3minas- que puedan guiarles en el proceso de creaci\u00f3n y gesti\u00f3n de todos los aspectos de sus n\u00f3minas.<\/h6><\/header><a  href=\"https:\/\/freedomges.com\/es\/comenzar\/\"  target=\"_self\"  title=\"Comenzar\"  class=\"tt_button tt_primary_button btn_primary_color hover_solid_secondary btn-align-left button-action-link icon_right  vc_custom_1706512848347 kd-animated zoomIn\" data-animation-delay=200><span class=\"prim_text\">Comenzar<\/span><span class=\"fas fa-chevron-right iconita\" ><\/span><\/a>[\/vc_column_inner][vc_column_inner offset=&#8221;vc_col-lg-6 vc_col-md-6 vc_col-xs-12&#8243; css=&#8221;.vc_custom_1618240884668{margin-top: 20px !important;padding-right: 0px !important;padding-left: 40px !important;}&#8221; css_mobile=&#8221;.vc_custom_1618240884669{padding-left: 0px !important;}&#8221;]<div class=\"kd-photo-group group-layout-right-left large-shadow enable-parallax\">\n                <div class=\"kd-group-image first-image-wrapper\"><div class=\"kd-group-image-animation kd-animated fadeInDown\" data-animation-delay=200><img loading=\"lazy\" decoding=\"async\" class=\"photo-group-img\" src=\"https:\/\/www.swaytheme.com\/wp-content\/uploads\/sites\/3\/2021\/04\/Accounting-1.jpg\" alt=\"\" loading=\"lazy\" width=\"470\" height=\"300\" \/><\/div><\/div>\n                <div class=\"kd-group-image second-image-wrapper\" style=\"bottom: 40%;\"><div class=\"kd-group-image-animation kd-animated fadeInUp\" data-animation-delay=200><img loading=\"lazy\" decoding=\"async\" class=\"photo-group-img\" src=\"https:\/\/www.swaytheme.com\/wp-content\/uploads\/sites\/3\/2021\/04\/Accounting-2.jpg\" alt=\"\" loading=\"lazy\" width=\"220\" height=\"230\" \/><\/div><\/div>\n            <\/div>[\/vc_column_inner][\/vc_row_inner][\/vc_column][\/vc_row]<\/p>\n<\/div>","protected":false},"excerpt":{"rendered":"<p>[vc_row full_width=&#8221;stretch_row&#8221; kd_background_image_position=&#8221;vc_row-bg-position-top&#8221; kd_bottom_separator_style=&#8221;waves&#8221; kd_bottom_separator_height=&#8221;separator-height-large&#8221; kd_fixed_background=&#8221;true&#8221; kd_bottom_separator=&#8221;true&#8221; css=&#8221;.vc_custom_1703584181323{margin-top: 80px !important;padding-top: 290px !important;padding-bottom: 270px !important;background-image: url(https:\/\/freedomges.com\/wp-content\/uploads\/2023\/12\/business-man-financial-inspector-secretary_With_Blue_Overlay_@_50_Opacity.jpg?id=11307) !important;background-position: center !important;background-repeat: no-repeat !important;background-size: [&hellip;]<\/p>\n","protected":false},"author":9,"featured_media":0,"parent":12670,"menu_order":2,"comment_status":"closed","ping_status":"closed","template":"","meta":{"footnotes":""},"class_list":["post-12678","page","type-page","status-publish","hentry"],"_links":{"self":[{"href":"https:\/\/freedomges.com\/es\/wp-json\/wp\/v2\/pages\/12678","targetHints":{"allow":["GET"]}}],"collection":[{"href":"https:\/\/freedomges.com\/es\/wp-json\/wp\/v2\/pages"}],"about":[{"href":"https:\/\/freedomges.com\/es\/wp-json\/wp\/v2\/types\/page"}],"author":[{"embeddable":true,"href":"https:\/\/freedomges.com\/es\/wp-json\/wp\/v2\/users\/9"}],"replies":[{"embeddable":true,"href":"https:\/\/freedomges.com\/es\/wp-json\/wp\/v2\/comments?post=12678"}],"version-history":[{"count":7,"href":"https:\/\/freedomges.com\/es\/wp-json\/wp\/v2\/pages\/12678\/revisions"}],"predecessor-version":[{"id":12878,"href":"https:\/\/freedomges.com\/es\/wp-json\/wp\/v2\/pages\/12678\/revisions\/12878"}],"up":[{"embeddable":true,"href":"https:\/\/freedomges.com\/es\/wp-json\/wp\/v2\/pages\/12670"}],"wp:attachment":[{"href":"https:\/\/freedomges.com\/es\/wp-json\/wp\/v2\/media?parent=12678"}],"curies":[{"name":"wp","href":"https:\/\/api.w.org\/{rel}","templated":true}]}}