{"id":12690,"date":"2023-12-26T00:11:26","date_gmt":"2023-12-26T00:11:26","guid":{"rendered":"https:\/\/freedomges.com\/inicio\/impuestos\/impuestos-individuales\/"},"modified":"2024-01-29T07:04:22","modified_gmt":"2024-01-29T07:04:22","slug":"impuestos-individuales","status":"publish","type":"page","link":"https:\/\/freedomges.com\/es\/inicio\/impuestos\/impuestos-individuales\/","title":{"rendered":"Impuestos individuales"},"content":{"rendered":"<div class=\"wpb-content-wrapper\"><p>[vc_row full_width=&#8221;stretch_row&#8221; kd_background_image_position=&#8221;vc_row-bg-position-top&#8221; kd_bottom_separator_style=&#8221;waves&#8221; kd_bottom_separator_height=&#8221;separator-height-large&#8221; kd_fixed_background=&#8221;true&#8221; kd_bottom_separator=&#8221;true&#8221; css=&#8221;.vc_custom_1703551269585{margin-top: 80px !important;padding-top: 290px !important;padding-bottom: 270px !important;background-image: url(https:\/\/freedomges.com\/wp-content\/uploads\/2023\/12\/i-3-1_50_Blue_Overlay.webp?id=11276) !important;background-position: center !important;background-repeat: no-repeat !important;background-size: cover !important;}&#8221; el_class=&#8221;intro-section&#8221; css_mobile=&#8221;.vc_custom_1703551269593{margin-top: 0px !important;padding-top: 100px !important;padding-bottom: 150px !important;}&#8221; css_tablet_portrait=&#8221;.vc_custom_1703551269590{margin-top: 0px !important;padding-top: 200px !important;padding-bottom: 250px !important;}&#8221;][vc_column][vc_row_inner kd_background_image_position=&#8221;vc_row-bg-position-top&#8221;][vc_column_inner]<header class=\"kd-section-title col-lg-12 text-center  subtitle-below-title kd-animated fadeIn   vc_custom_1703550390333\" data-animation-delay=200><h1 class=\"separator_off\" style=\"color: #ffffff;font-size: 72px;line-height: 80px;margin-bottom:30px;\">Maximice sus beneficios fiscales<\/h1><h6 class=\"subtitle\" style=\"color: #ffffff;\">Concertar una consulta gratuita<\/h6><\/header>[\/vc_column_inner][\/vc_row_inner][vc_row_inner kd_background_image_position=&#8221;vc_row-bg-position-top&#8221;][vc_column_inner width=&#8221;1\/4&#8243;][\/vc_column_inner][vc_column_inner width=&#8221;1\/2&#8243; css=&#8221;.vc_custom_1600777457771{padding-right: 65px !important;padding-left: 65px !important;}&#8221; css_tablet_landscape=&#8221;.vc_custom_1600777457772{padding-right: 0px !important;padding-left: 0px !important;}&#8221; css_tablet_portrait=&#8221;.vc_custom_1600777457772{padding-right: 0px !important;padding-left: 0px !important;}&#8221; css_mobile=&#8221;.vc_custom_1600777457773{padding-right: 0px !important;padding-left: 0px !important;}&#8221;]<a  href=\"https:\/\/freedomges.com\/es\/comenzar\/\"  target=\"_self\"  title=\"Comenzar\"  class=\"tt_button tt_primary_button btn_primary_color hover_solid_secondary button-center button-action-link   kd-animated zoomIn\" data-animation-delay=200><span class=\"prim_text\">Comenzar<\/span><\/a><div class=\"scroll-down-wrapper sd-align-center kd-animated fadeInUp  vc_custom_1703869559331\" data-animation-delay=200><a href=\"#B1\" class=\"scroll-down-arrow btn-smooth-scroll\" style=\"background-color: #ffffff;\" aria-label=\"Scroll down\"><\/a><\/div>[\/vc_column_inner][vc_column_inner width=&#8221;1\/4&#8243;][\/vc_column_inner][\/vc_row_inner][\/vc_column][\/vc_row][vc_row kd_background_image_position=&#8221;vc_row-bg-position-top&#8221; css=&#8221;.vc_custom_1599038698298{padding-top: 100px !important;}&#8221;][vc_column]<header class=\"kd-section-title col-lg-12 text-center  subtitle-above-title kd-animated fadeIn   vc_custom_1706511057631\" data-animation-delay=200><h6 class=\"subtitle\" style=\"color: #aeaeae;font-size:15px;\">TRABAJAMOS CODO CON CODO CON NUESTROS CLIENTES A LARGO PLAZO<\/h6><h1 class=\"separator_off\" style=\"line-height: 52px;\">Prepare sus impuestos con un profesional<\/h1><\/header>[\/vc_column][\/vc_row][vc_row full_width=&#8221;stretch_row&#8221; content_placement=&#8221;middle&#8221; kd_background_image_position=&#8221;vc_row-bg-position-top&#8221;][vc_column][vc_row_inner kd_background_image_position=&#8221;vc_row-bg-position-top&#8221; css=&#8221;.vc_custom_1703869769404{margin-bottom: 20px !important;padding-top: 00px !important;}&#8221; el_id=&#8221;B1&#8243;][vc_column_inner width=&#8221;7\/12&#8243; css=&#8221;.vc_custom_1600781737295{padding-right: 0px !important;padding-left: 0px !important;}&#8221; offset=&#8221;vc_col-lg-offset-0 vc_col-lg-7 vc_col-md-offset-0 vc_col-md-6 vc_col-sm-offset-0&#8243; css_mobile=&#8221;.vc_custom_1600781737296{margin-left: 30px !important;}&#8221; css_tablet_portrait=&#8221;.vc_custom_1600781737296{margin-left: 15px !important;padding-top: 80px !important;}&#8221;][vc_single_image image=&#8221;12546&#8243; img_size=&#8221;full&#8221; alignment=&#8221;center&#8221; css_animation=&#8221;fadeIn&#8221; css=&#8221;.vc_custom_1703555185640{margin-left: -55px !important;}&#8221;][\/vc_column_inner][vc_column_inner width=&#8221;5\/12&#8243; css=&#8221;.vc_custom_1600781563327{padding-top: 80px !important;padding-right: 0px !important;padding-left: 30px !important;}&#8221; offset=&#8221;vc_col-lg-5 vc_col-md-6&#8243; css_tablet_portrait=&#8221;.vc_custom_1600781563328{padding-top: 30px !important;padding-right: 15px !important;padding-left: 15px !important;}&#8221; css_mobile=&#8221;.vc_custom_1600781563329{padding-top: 30px !important;padding-right: 0px !important;padding-left: 0px !important;}&#8221;]<header class=\"kd-section-title col-lg-12 text-left  subtitle-below-title kd-animated fadeIn   vc_custom_1703556128103\" data-animation-delay=200><h2 class=\"separator_off\" style=\"margin-bottom:30px;\">\u00bfC\u00f3mo s\u00e9 si un preparador fiscal es legal?<\/h2><h6 class=\"subtitle\" >Los preparadores de declaraciones remunerados deben tener un PTIN emitido por el IRS. Deben anotar ese n\u00famero, junto con su nombre y firma, en cada declaraci\u00f3n de la renta que preparen a cambio de un pago y deben entregarle una copia de la declaraci\u00f3n. Obtenga su historial fiscal y controle cualquier actividad en su cuenta.<\/h6><\/header><a  href=\"https:\/\/freedomges.com\/es\/comenzar\/\"  target=\"_self\"  title=\"Comenzar\"  class=\"tt_button tt_primary_button btn_primary_color  btn-align-left button-action-link icon_right  kd-animated zoomIn\" data-animation-delay=200><span class=\"prim_text\">Comenzar<\/span><span class=\"fas fa-chevron-right iconita\" style=\"font-size:12px;\"><\/span><\/a>[\/vc_column_inner][\/vc_row_inner][vc_row_inner content_placement=&#8221;middle&#8221; kd_background_image_position=&#8221;vc_row-bg-position-top&#8221; css=&#8221;.vc_custom_1599214779963{padding-top: 50px !important;padding-bottom: 100px !important;}&#8221; css_mobile=&#8221;.vc_custom_1599214779965{padding-top: 0px !important;}&#8221;][vc_column_inner css=&#8221;.vc_custom_1599031893723{padding-right: 50px !important;padding-left: 100px !important;}&#8221; offset=&#8221;vc_col-lg-6&#8243; css_tablet_portrait=&#8221;.vc_custom_1599031893725{padding-right: 15px !important;padding-left: 15px !important;}&#8221; css_mobile=&#8221;.vc_custom_1599031893726{padding-right: 15px !important;padding-left: 15px !important;}&#8221;]<header class=\"kd-section-title col-lg-12 text-left  subtitle-below-title kd-animated fadeIn   vc_custom_1706511083616\" data-animation-delay=200><h2 class=\"separator_off\" style=\"margin-bottom:30px;\">\u00bfQu\u00e9 necesito saber?<\/h2><h6 class=\"subtitle\" >En algunos casos, el preparador de la declaraci\u00f3n podr\u00eda robarle todo el reembolso cambiando la informaci\u00f3n de dep\u00f3sito directo. Otra situaci\u00f3n habitual de fraude es cuando el preparador presenta una declaraci\u00f3n de la renta sin su autorizaci\u00f3n o modifica la declaraci\u00f3n sin su conocimiento. Es posible que dispongan de sus datos de un a\u00f1o anterior y los utilicen para presentar la declaraci\u00f3n de la renta del a\u00f1o en curso. O tal vez se reuni\u00f3 con un preparador de declaraciones y luego decidi\u00f3 no contratarlo, pero el preparador present\u00f3 una declaraci\u00f3n de impuestos utilizando su informaci\u00f3n de todos modos.<br \/>\nProblemas a evitar:<\/h6><\/header><ul class=\"kd-icon-list kd-animated fadeIn\" data-animation-delay=400><li class=\"kd-icon-list-item\"><div class=\"kd-icon-wrapper icon-circle\" style=\"background-color: #12d864;\"><i class=\"fas fa-check\" style=\"color: #ffffff;\"><\/i><\/div><span class=\"kd-list-text\" ><span style=\"font-weight: 400;\">Preparers who do not sign your return as the paid preparer,\u00a0<\/span><\/span><\/li><li class=\"kd-icon-list-item\"><div class=\"kd-icon-wrapper icon-circle\" style=\"background-color: #12d864;\"><i class=\"fas fa-check\" style=\"color: #ffffff;\"><\/i><\/div><span class=\"kd-list-text\" ><span style=\"font-weight: 400;\">Preparers promising \u201ctoo good to be true\u201d larger refunds,\u00a0<\/span><\/span><\/li><li class=\"kd-icon-list-item\"><div class=\"kd-icon-wrapper icon-circle\" style=\"background-color: #12d864;\"><i class=\"fas fa-check\" style=\"color: #ffffff;\"><\/i><\/div><span class=\"kd-list-text\" ><span style=\"font-weight: 400;\">Preparers without an established business, and<\/span><\/span><\/li><li class=\"kd-icon-list-item\"><div class=\"kd-icon-wrapper icon-circle\" style=\"background-color: #12d864;\"><i class=\"fas fa-check\" style=\"color: #ffffff;\"><\/i><\/div><span class=\"kd-list-text\" ><span style=\"font-weight: 400;\">Returns reporting credits or deductions you do not understand.<\/span><\/span><\/li><\/ul><a  href=\"https:\/\/freedomges.com\/get-started\/\"  target=\"_self\"  title=\"Comenzar\"  class=\"tt_button tt_primary_button btn_primary_color  btn-align-left button-action-link icon_right  vc_custom_1706511836118 kd-animated zoomIn\" data-animation-delay=200><span class=\"prim_text\">Comenzar<\/span><span class=\"fas fa-chevron-right iconita\" style=\"font-size:12px;\"><\/span><\/a>[\/vc_column_inner][vc_column_inner css=&#8221;.vc_custom_1599032090530{padding-right: 30px !important;padding-left: 0px !important;}&#8221; offset=&#8221;vc_col-lg-offset-0 vc_col-lg-6 vc_col-md-offset-0 vc_col-sm-offset-0&#8243; css_tablet_portrait=&#8221;.vc_custom_1599032090533{padding-right: 0px !important;padding-bottom: 50px !important;}&#8221; css_mobile=&#8221;.vc_custom_1599032090534{padding-right: 0px !important;padding-bottom: 50px !important;}&#8221; css_tablet_landscape=&#8221;.vc_custom_1599032090532{padding-bottom: 50px !important;}&#8221;]<div class=\"kd-photo-group group-layout-right-left large-shadow enable-parallax\">\n                <div class=\"kd-group-image first-image-wrapper\"><div class=\"kd-group-image-animation kd-animated fadeInUp\" data-animation-delay=200><img loading=\"lazy\" decoding=\"async\" class=\"photo-group-img\" src=\"https:\/\/www.swaytheme.com\/wp-content\/uploads\/sites\/3\/2020\/08\/business-6.jpg\" alt=\"\" loading=\"lazy\" width=\"370\" height=\"430\" \/><\/div><\/div>\n                <div class=\"kd-group-image second-image-wrapper\" style=\"bottom: 15%;\"><div class=\"kd-group-image-animation kd-animated fadeInDown\" data-animation-delay=200><img loading=\"lazy\" decoding=\"async\" class=\"photo-group-img\" src=\"https:\/\/www.swaytheme.com\/wp-content\/uploads\/sites\/3\/2020\/08\/business-5.jpg\" alt=\"\" loading=\"lazy\" width=\"400\" height=\"500\" \/><\/div><\/div>\n            <\/div><div class=\"kd-shapes shape_dots with-parallax kd-animated zoomIn\" style=\"top: -10px;right: -10px;width: 172px;height: 173px;background-color: #61e49b;\" data-parallax-speed=\"-0.05\" data-animation-delay=400><\/div><div class=\"kd-shapes shape_dots with-parallax kd-animated zoomIn\" style=\"bottom: -80px;left: -54px;width: 340px;height: 173px;\" data-parallax-speed=\"-0.05\" data-animation-delay=400><\/div>[\/vc_column_inner][\/vc_row_inner][\/vc_column][\/vc_row][vc_row kd_background_image_position=&#8221;vc_row-bg-position-top&#8221; css=&#8221;.vc_custom_1701046352829{margin-top: 20px !important;}&#8221; css_tablet_portrait=&#8221;.vc_custom_1701046352831{margin-top: 0px !important;}&#8221; css_mobile=&#8221;.vc_custom_1701046352832{margin-top: 0px !important;}&#8221;][vc_column css=&#8221;.vc_custom_1597665991208{padding-right: 0px !important;padding-left: 0px !important;}&#8221;][vc_row_inner full_width=&#8221;inner_row_contained&#8221; kd_background_image_position=&#8221;vc_row-bg-position-top&#8221; css=&#8221;.vc_custom_1701047790106{margin-right: 60px !important;margin-left: 60px !important;padding-top: 30px !important;padding-bottom: 30px !important;background-image: url(https:\/\/www.swaytheme.com\/wp-content\/uploads\/sites\/3\/2020\/09\/consulting1.jpg?id=) !important;background-position: center !important;background-repeat: no-repeat !important;background-size: cover !important;border-radius: 50px !important;}&#8221; css_tablet_portrait=&#8221;.vc_custom_1701047790108{margin-right: 0px !important;margin-left: 0px !important;padding-top: 100px !important;padding-bottom: 50px !important;border-radius: 0px !important;}&#8221; css_mobile=&#8221;.vc_custom_1701047790110{margin-right: 0px !important;margin-left: 0px !important;padding-top: 100px !important;padding-bottom: 50px !important;border-radius: 0px !important;}&#8221; css_tablet_landscape=&#8221;.vc_custom_1701047790107{margin-right: 0px !important;margin-left: 0px !important;padding-top: 150px !important;padding-bottom: 150px !important;border-radius: 0px !important;}&#8221;][vc_column_inner width=&#8221;1\/2&#8243; css_tablet_portrait=&#8221;.vc_custom_1598614995974{padding-left: 30px !important;}&#8221; css_mobile=&#8221;.vc_custom_1598614995975{padding-left: 15px !important;}&#8221;]<header class=\"kd-section-title col-lg-12 text-left  subtitle-below-title kd-animated fadeIn   vc_custom_1703556871689\" data-animation-delay=200><h2 class=\"separator_off\" style=\"font-size: 36px;line-height: 36px;margin-bottom:30px;\">Obtenga su consulta gratuita hoy mismo<\/h2><h6 class=\"subtitle\" style=\"font-size:20px;\">P\u00f3ngase en contacto con nosotros y descubra c\u00f3mo podemos ayudarle a alcanzar sus objetivos financieros.<\/h6><\/header>[vc_column_text css=&#8221;.vc_custom_1703547239655{padding-bottom: 20px !important;}&#8221;]<span style=\"color: #003366;\">Inicie su consulta gratuita.<\/span>[\/vc_column_text]<a  href=\"https:\/\/freedomges.com\/es\/comenzar\/\"  target=\"_self\"  title=\"\"  class=\"tt_button tt_primary_button btn_primary_color hover_solid_secondary btn-align-left button-action-link icon_right  vc_custom_1706511855971 kd-animated zoomIn\" data-animation-delay=200><span class=\"prim_text\">Comenzar<\/span><span class=\"fas fa-chevron-right iconita\" ><\/span><\/a>[\/vc_column_inner][vc_column_inner width=&#8221;1\/2&#8243; css=&#8221;.vc_custom_1597672141666{padding-top: 100px !important;}&#8221;][\/vc_column_inner][\/vc_row_inner][\/vc_column][\/vc_row]<\/p>\n<\/div>","protected":false},"excerpt":{"rendered":"<p>[vc_row full_width=&#8221;stretch_row&#8221; kd_background_image_position=&#8221;vc_row-bg-position-top&#8221; kd_bottom_separator_style=&#8221;waves&#8221; kd_bottom_separator_height=&#8221;separator-height-large&#8221; kd_fixed_background=&#8221;true&#8221; kd_bottom_separator=&#8221;true&#8221; css=&#8221;.vc_custom_1703551269585{margin-top: 80px !important;padding-top: 290px !important;padding-bottom: 270px !important;background-image: url(https:\/\/freedomges.com\/wp-content\/uploads\/2023\/12\/i-3-1_50_Blue_Overlay.webp?id=11276) !important;background-position: center !important;background-repeat: no-repeat !important;background-size: [&hellip;]<\/p>\n","protected":false},"author":9,"featured_media":0,"parent":12685,"menu_order":2,"comment_status":"closed","ping_status":"closed","template":"","meta":{"footnotes":""},"class_list":["post-12690","page","type-page","status-publish","hentry"],"_links":{"self":[{"href":"https:\/\/freedomges.com\/es\/wp-json\/wp\/v2\/pages\/12690","targetHints":{"allow":["GET"]}}],"collection":[{"href":"https:\/\/freedomges.com\/es\/wp-json\/wp\/v2\/pages"}],"about":[{"href":"https:\/\/freedomges.com\/es\/wp-json\/wp\/v2\/types\/page"}],"author":[{"embeddable":true,"href":"https:\/\/freedomges.com\/es\/wp-json\/wp\/v2\/users\/9"}],"replies":[{"embeddable":true,"href":"https:\/\/freedomges.com\/es\/wp-json\/wp\/v2\/comments?post=12690"}],"version-history":[{"count":6,"href":"https:\/\/freedomges.com\/es\/wp-json\/wp\/v2\/pages\/12690\/revisions"}],"predecessor-version":[{"id":12874,"href":"https:\/\/freedomges.com\/es\/wp-json\/wp\/v2\/pages\/12690\/revisions\/12874"}],"up":[{"embeddable":true,"href":"https:\/\/freedomges.com\/es\/wp-json\/wp\/v2\/pages\/12685"}],"wp:attachment":[{"href":"https:\/\/freedomges.com\/es\/wp-json\/wp\/v2\/media?parent=12690"}],"curies":[{"name":"wp","href":"https:\/\/api.w.org\/{rel}","templated":true}]}}