{"id":12715,"date":"2023-12-10T06:37:46","date_gmt":"2023-12-10T06:37:46","guid":{"rendered":"https:\/\/freedomges.com\/inicio\/seguros\/seguro-de-coche\/"},"modified":"2024-02-26T18:13:03","modified_gmt":"2024-02-26T18:13:03","slug":"seguro-de-auto","status":"publish","type":"page","link":"https:\/\/freedomges.com\/es\/inicio\/seguros\/seguro-de-auto\/","title":{"rendered":"Seguro de auto"},"content":{"rendered":"<div class=\"wpb-content-wrapper\"><p>[vc_row full_width=&#8221;stretch_row&#8221; kd_background_image_position=&#8221;vc_row-bg-position-top&#8221; kd_bottom_separator_style=&#8221;waves&#8221; kd_bottom_separator_height=&#8221;separator-height-large&#8221; kd_fixed_background=&#8221;true&#8221; kd_bottom_separator=&#8221;true&#8221; css=&#8221;.vc_custom_1703196841746{margin-top: 80px !important;padding-top: 290px !important;padding-bottom: 270px !important;background-image: url(https:\/\/freedomges.com\/wp-content\/uploads\/2023\/12\/family-summer-forest-by-open-trunk_Scaled_TO_1920x1280.jpg?id=11216) !important;background-position: center !important;background-repeat: no-repeat !important;background-size: cover !important;}&#8221; el_class=&#8221;intro-section&#8221; css_mobile=&#8221;.vc_custom_1703196841748{margin-top: 0px !important;padding-top: 100px !important;padding-bottom: 150px !important;}&#8221; css_tablet_portrait=&#8221;.vc_custom_1703196841748{margin-top: 0px !important;padding-top: 200px !important;padding-bottom: 250px !important;}&#8221;][vc_column][vc_row_inner kd_background_image_position=&#8221;vc_row-bg-position-top&#8221;][vc_column_inner]<header class=\"kd-section-title col-lg-12 text-center  subtitle-below-title kd-animated fadeIn   vc_custom_1708970172807\" data-animation-delay=200><h1 class=\"separator_off\" style=\"color: #ffffff;font-size: 72px;line-height: 80px;margin-bottom:30px;\">Seguro de Auto<\/h1><h6 class=\"subtitle\" style=\"color: #ffffff;\">Elegir un seguro de auto puede ser complicado. Nuestros agentes de seguros locales con licencia est\u00e1n a su disposici\u00f3n para ayudarle. Pida presupuesto hoy mismo<\/h6><\/header>[\/vc_column_inner][\/vc_row_inner][vc_row_inner kd_background_image_position=&#8221;vc_row-bg-position-top&#8221;][vc_column_inner width=&#8221;1\/4&#8243;][\/vc_column_inner][vc_column_inner width=&#8221;1\/2&#8243; css=&#8221;.vc_custom_1600777457771{padding-right: 65px !important;padding-left: 65px !important;}&#8221; css_tablet_landscape=&#8221;.vc_custom_1600777457772{padding-right: 0px !important;padding-left: 0px !important;}&#8221; css_tablet_portrait=&#8221;.vc_custom_1600777457772{padding-right: 0px !important;padding-left: 0px !important;}&#8221; css_mobile=&#8221;.vc_custom_1600777457773{padding-right: 0px !important;padding-left: 0px !important;}&#8221;]<a  href=\"https:\/\/freedomges.com\/es\/comenzar\/\"  target=\"_self\"  title=\"Comenzar\"  class=\"tt_button tt_primary_button btn_primary_color hover_solid_white button-center button-action-link   kd-animated zoomIn\" data-animation-delay=200><span class=\"prim_text\">Comenzar<\/span><\/a><div class=\"scroll-down-wrapper sd-align-center kd-animated fadeInUp  vc_custom_1703872534954\" data-animation-delay=200><a href=\"#Car-Ins\" class=\"scroll-down-arrow btn-smooth-scroll\" style=\"background-color: #ffffff;\" aria-label=\"Scroll down\"><\/a><\/div>[\/vc_column_inner][vc_column_inner width=&#8221;1\/4&#8243;][\/vc_column_inner][\/vc_row_inner][\/vc_column][\/vc_row][vc_row kd_background_image_position=&#8221;vc_row-bg-position-top&#8221; css=&#8221;.vc_custom_1598372323510{margin-bottom: 80px !important;}&#8221;][vc_column]<div class=\"feature-sections-wrapper navigation-icons kd-fsp-69ea234393ee2\">\r\n            <div class=\"feature-sections-tabs  \">\r\n              <nav class=\"kd-feature-tabs\">\r\n                <ul class=\"nav nav-tabs sticky-tabs container\">\r\n                <\/ul>\r\n              <\/nav>\r\n            <\/div>\r\n            <section id=\"Car-Ins\" class=\"featured-left \"><li class=\"nav-label\"><a class=\"feature-tabs-scroll\" href=\"#Car-Ins\"><span class=\"nav-number\"><\/span>\u00bfNecesito un seguro de coche?<\/a><\/li><div class=\"container\">\r\n                <div class=\"side-content-wrapper kd-animated fadeInRight\" data-animation-delay=\"200\"><h2 class=\"side-content-title\" >\u00bfNecesito un seguro de coche?<\/h2><div class=\"side-content-text\" >Most probably, yes. The majority of states mandate car insurance and generally establish minimum requirements for the following types of coverage:<\/p>\n<ol>\n<li>Bodily injury liability<\/li>\n<li>Medical payments<\/li>\n<li>Property damage<\/li>\n<li>Uninsured motorist coverage<\/li>\n<\/ol>\n<p>If you lease or finance a car, you might need to include Comprehensive and Collision insurance in your policy to ensure comprehensive coverage.<\/p>\n<p>If you&#8217;re unsure where to begin, allow a Comparion car insurance agent to assist you in discovering the most suitable car insurance coverage available.<\/div><div class=\"side-content-link sc-primary-btn\"><a href=\"https:\/\/freedomges.com\/es\/comenzar\/\" target=\"_self\" title=\"Comenzar\" class=\"tt_button tt_primary_button btn_primary_color button-action-link\">Comenzar<\/a><\/div><\/div><div class=\"side-featured-wrapper fss-rectangle kd-animated fadeInLeft\" data-animation-delay=\"200\">\r\n      <div class=\"featured-image\"><img decoding=\"async\" src=\"https:\/\/freedomges.com\/wp-content\/uploads\/2023\/12\/Vehicle_Insurance_Policies-1.svg\" class=\"attachment-full\" alt=\"\" title=\"Vehicle_Insurance_Policies (1)\" \/><\/div>\r\n    <\/div><\/div>\r\n            <\/section><section id=\"Coverage\" class=\"featured-right \"><li class=\"nav-label\"><a class=\"feature-tabs-scroll\" href=\"#Coverage\"><span class=\"nav-number\"><\/span>\u00bfQu\u00e9 cubre?<\/a><\/li><div class=\"container\">\r\n                <div class=\"side-content-wrapper kd-animated fadeInLeft\" data-animation-delay=\"200\"><h2 class=\"side-content-title\" >Entre las principales caracter\u00edsticas del Seguro de Coche se incluyen:<\/h2><div class=\"side-content-text\" ><\/p>\n<ul>\n<li>Bodily Injury Coverage<\/li>\n<li>Property Damage Coverage<\/li>\n<li>Personal Liability Protection (PIP)<\/li>\n<li>Roadside Assistance<\/li>\n<li>Uninsured\/Underinsured Draivers<\/li>\n<\/ul>\n<p><\/div><div class=\"side-content-link sc-primary-btn\"><a href=\"https:\/\/freedomges.com\/es\/comenzar\/\" target=\"_self\" title=\"Comenzar\" class=\"tt_button tt_primary_button btn_primary_color button-action-link\">Comenzar<\/a><\/div><\/div><div class=\"side-featured-wrapper fss-rectangle kd-animated fadeInRight\" data-animation-delay=\"200\">\r\n      <div class=\"featured-image\"><img fetchpriority=\"high\" decoding=\"async\" width=\"1920\" height=\"1356\" src=\"https:\/\/freedomges.com\/wp-content\/uploads\/2023\/12\/vecteezy_car-accident-two-cars-collided-causing-smoke-and-damage-to_5604589.jpg\" class=\"attachment-full\" alt=\"\" title=\"vecteezy_car-accident-two-cars-collided-causing-smoke-and-damage-to_5604589\" srcset=\"https:\/\/freedomges.com\/wp-content\/uploads\/2023\/12\/vecteezy_car-accident-two-cars-collided-causing-smoke-and-damage-to_5604589.jpg 1920w, https:\/\/freedomges.com\/wp-content\/uploads\/2023\/12\/vecteezy_car-accident-two-cars-collided-causing-smoke-and-damage-to_5604589-300x212.jpg 300w, https:\/\/freedomges.com\/wp-content\/uploads\/2023\/12\/vecteezy_car-accident-two-cars-collided-causing-smoke-and-damage-to_5604589-1024x723.jpg 1024w, https:\/\/freedomges.com\/wp-content\/uploads\/2023\/12\/vecteezy_car-accident-two-cars-collided-causing-smoke-and-damage-to_5604589-768x542.jpg 768w, https:\/\/freedomges.com\/wp-content\/uploads\/2023\/12\/vecteezy_car-accident-two-cars-collided-causing-smoke-and-damage-to_5604589-1536x1085.jpg 1536w\" sizes=\"(max-width: 1920px) 100vw, 1920px\" \/><\/div>\r\n    <\/div><\/div>\r\n            <\/section><section id=\"Save\" class=\"featured-left \"><li class=\"nav-label\"><a class=\"feature-tabs-scroll\" href=\"#Save\"><span class=\"nav-number\"><\/span>\u00bfPor qu\u00e9 elegir Freedom GES?<\/a><\/li><div class=\"container\">\r\n                <div class=\"side-content-wrapper kd-animated fadeInRight\" data-animation-delay=\"200\"><h2 class=\"side-content-title\" >\u00bfPor qu\u00e9 elegir Freedom GES?<\/h2><h6 class=\"side-content-subtitle\" >Aunque el precio es importante, el servicio es lo que se paga. Por lo tanto, si usted necesita hacer una actualizaci\u00f3n de su seguro de auto, presentar una reclamaci\u00f3n, o simplemente tiene preguntas acerca de sus p\u00f3lizas de seguro, podemos ayudarle.<\/h6><div class=\"side-content-link sc-primary-btn\"><a href=\"https:\/\/freedomges.com\/es\/comenzar\/\" target=\"_self\" title=\"Comenzar\" class=\"tt_button tt_primary_button btn_primary_color button-action-link\">Comenzar<\/a><\/div><\/div><div class=\"side-featured-wrapper fss-rectangle kd-animated fadeInLeft\" data-animation-delay=\"200\">\r\n      <div class=\"featured-image\"><img decoding=\"async\" width=\"1920\" height=\"1308\" src=\"https:\/\/freedomges.com\/wp-content\/uploads\/2023\/12\/vecteezy_cute-customer-service-woman-illustration-vector-flat_5927969-1.jpg\" class=\"attachment-full\" alt=\"\" title=\"vecteezy_cute-customer-service-woman-illustration-vector-flat_5927969-1\" srcset=\"https:\/\/freedomges.com\/wp-content\/uploads\/2023\/12\/vecteezy_cute-customer-service-woman-illustration-vector-flat_5927969-1.jpg 1920w, https:\/\/freedomges.com\/wp-content\/uploads\/2023\/12\/vecteezy_cute-customer-service-woman-illustration-vector-flat_5927969-1-300x204.jpg 300w, https:\/\/freedomges.com\/wp-content\/uploads\/2023\/12\/vecteezy_cute-customer-service-woman-illustration-vector-flat_5927969-1-1024x698.jpg 1024w, https:\/\/freedomges.com\/wp-content\/uploads\/2023\/12\/vecteezy_cute-customer-service-woman-illustration-vector-flat_5927969-1-768x523.jpg 768w, https:\/\/freedomges.com\/wp-content\/uploads\/2023\/12\/vecteezy_cute-customer-service-woman-illustration-vector-flat_5927969-1-1536x1046.jpg 1536w\" sizes=\"(max-width: 1920px) 100vw, 1920px\" \/><\/div>\r\n    <\/div><\/div>\r\n            <\/section>\r\n            <\/div><style><\/style>[\/vc_column][\/vc_row][vc_row full_width=&#8221;stretch_row_content_no_spaces&#8221; kd_background_image_position=&#8221;vc_row-bg-position-top&#8221;][vc_column css=&#8221;.vc_custom_1597665991208{padding-right: 0px !important;padding-left: 0px !important;}&#8221;][vc_row_inner full_width=&#8221;inner_row_contained&#8221; kd_background_image_position=&#8221;vc_row-bg-position-top&#8221; css=&#8221;.vc_custom_1599477002014{margin-right: 60px !important;margin-left: 60px !important;padding-top: 200px !important;padding-bottom: 200px !important;background-image: url(https:\/\/www.swaytheme.com\/wp-content\/uploads\/sites\/3\/2020\/09\/insurance2.jpg) !important;background-position: center !important;background-repeat: no-repeat !important;background-size: cover !important;border-radius: 50px !important;}&#8221; css_tablet_portrait=&#8221;.vc_custom_1599477002017{margin-right: 0px !important;margin-left: 0px !important;padding-top: 100px !important;padding-bottom: 100px !important;border-radius: 0px !important;}&#8221; css_mobile=&#8221;.vc_custom_1599477002018{margin-right: 0px !important;margin-left: 0px !important;padding-top: 100px !important;padding-bottom: 100px !important;border-radius: 0px !important;}&#8221; css_tablet_landscape=&#8221;.vc_custom_1599477002015{margin-right: 0px !important;margin-left: 0px !important;border-radius: 0px !important;}&#8221;][vc_column_inner css_tablet_portrait=&#8221;.vc_custom_1598614995974{padding-left: 30px !important;}&#8221; css_mobile=&#8221;.vc_custom_1598614995975{padding-left: 15px !important;}&#8221;]<div class=\"kd-shapes shape_dots with-parallax kd-animated fadeIn\" style=\"top: -200px;left: -7%;width: 172px;height: 302px;background-color: #c9cbd0;\" data-parallax-speed=\"-0.1\" data-animation-delay=400><\/div><header class=\"kd-section-title col-lg-12 text-center  subtitle-above-title kd-animated fadeIn   vc_custom_1703200492504\" data-animation-delay=200><h6 class=\"subtitle\" style=\"color: #ffffff;\">Elegir un seguro de coche puede ser complicado. Nuestros agentes de seguros locales con licencia est\u00e1n a su disposici\u00f3n para ayudarle.<\/h6><h2 class=\"separator_off\" style=\"color: #ffffff;font-size: 42px;\">Pida presupuesto hoy mismo<\/h2><\/header><a  href=\"https:\/\/freedomges.com\/es\/comenzar\/\"  target=\"_self\"  title=\"Comenzar\"  class=\"tt_button tt_primary_button btn_primary_color hover_solid_white button-center button-action-link   kd-animated zoomIn\" data-animation-delay=200><span class=\"prim_text\">Comenzar<\/span><\/a><div class=\"kd-shapes shape_dots with-parallax kd-animated fadeIn\" style=\"right: -7%;bottom: -320px;width: 340px;height: 173px;background-color: rgba(201,203,208,0.7);\" data-parallax-speed=\"-0.1\" data-animation-delay=400><\/div>[\/vc_column_inner][\/vc_row_inner][\/vc_column][\/vc_row]<\/p>\n<\/div>","protected":false},"excerpt":{"rendered":"<p>[vc_row full_width=&#8221;stretch_row&#8221; kd_background_image_position=&#8221;vc_row-bg-position-top&#8221; kd_bottom_separator_style=&#8221;waves&#8221; kd_bottom_separator_height=&#8221;separator-height-large&#8221; kd_fixed_background=&#8221;true&#8221; kd_bottom_separator=&#8221;true&#8221; css=&#8221;.vc_custom_1703196841746{margin-top: 80px !important;padding-top: 290px !important;padding-bottom: 270px !important;background-image: url(https:\/\/freedomges.com\/wp-content\/uploads\/2023\/12\/family-summer-forest-by-open-trunk_Scaled_TO_1920x1280.jpg?id=11216) !important;background-position: center !important;background-repeat: no-repeat !important;background-size: [&hellip;]<\/p>\n","protected":false},"author":9,"featured_media":0,"parent":12700,"menu_order":2,"comment_status":"closed","ping_status":"closed","template":"","meta":{"footnotes":""},"class_list":["post-12715","page","type-page","status-publish","hentry"],"_links":{"self":[{"href":"https:\/\/freedomges.com\/es\/wp-json\/wp\/v2\/pages\/12715","targetHints":{"allow":["GET"]}}],"collection":[{"href":"https:\/\/freedomges.com\/es\/wp-json\/wp\/v2\/pages"}],"about":[{"href":"https:\/\/freedomges.com\/es\/wp-json\/wp\/v2\/types\/page"}],"author":[{"embeddable":true,"href":"https:\/\/freedomges.com\/es\/wp-json\/wp\/v2\/users\/9"}],"replies":[{"embeddable":true,"href":"https:\/\/freedomges.com\/es\/wp-json\/wp\/v2\/comments?post=12715"}],"version-history":[{"count":13,"href":"https:\/\/freedomges.com\/es\/wp-json\/wp\/v2\/pages\/12715\/revisions"}],"predecessor-version":[{"id":12996,"href":"https:\/\/freedomges.com\/es\/wp-json\/wp\/v2\/pages\/12715\/revisions\/12996"}],"up":[{"embeddable":true,"href":"https:\/\/freedomges.com\/es\/wp-json\/wp\/v2\/pages\/12700"}],"wp:attachment":[{"href":"https:\/\/freedomges.com\/es\/wp-json\/wp\/v2\/media?parent=12715"}],"curies":[{"name":"wp","href":"https:\/\/api.w.org\/{rel}","templated":true}]}}