{"id":12718,"date":"2023-12-10T06:57:48","date_gmt":"2023-12-10T06:57:48","guid":{"rendered":"https:\/\/freedomges.com\/inicio\/seguros\/seguro-de-hogar\/"},"modified":"2024-02-26T18:48:16","modified_gmt":"2024-02-26T18:48:16","slug":"seguro-de-casa","status":"publish","type":"page","link":"https:\/\/freedomges.com\/es\/inicio\/seguros\/seguro-de-casa\/","title":{"rendered":"Seguro de Casa"},"content":{"rendered":"<div class=\"wpb-content-wrapper\"><p>[vc_row full_width=&#8221;stretch_row&#8221; kd_background_image_position=&#8221;vc_row-bg-position-top&#8221; kd_bottom_separator_style=&#8221;waves&#8221; kd_bottom_separator_height=&#8221;separator-height-large&#8221; kd_fixed_background=&#8221;true&#8221; kd_bottom_separator=&#8221;true&#8221; css=&#8221;.vc_custom_1703234456628{margin-top: 80px !important;padding-top: 290px !important;padding-bottom: 270px !important;background-image: url(https:\/\/freedomges.com\/wp-content\/uploads\/2023\/12\/exterior-1597098_1920.jpg?id=11232) !important;background-position: center !important;background-repeat: no-repeat !important;background-size: cover !important;}&#8221; el_class=&#8221;intro-section&#8221; css_mobile=&#8221;.vc_custom_1703234456631{margin-top: 0px !important;padding-top: 100px !important;padding-bottom: 150px !important;}&#8221; css_tablet_portrait=&#8221;.vc_custom_1703234456630{margin-top: 0px !important;padding-top: 200px !important;padding-bottom: 250px !important;}&#8221;][vc_column][vc_row_inner kd_background_image_position=&#8221;vc_row-bg-position-top&#8221;][vc_column_inner]<header class=\"kd-section-title col-lg-12 text-center  subtitle-below-title kd-animated fadeIn   vc_custom_1708971296581\" data-animation-delay=200><h1 class=\"separator_off\" style=\"color: #ffffff;font-size: 72px;line-height: 80px;margin-bottom:30px;\">Seguro de Casa<\/h1><h6 class=\"subtitle\" style=\"color: #ffffff;\">Proteja su propiedad y su hogar de lo inesperado<\/h6><\/header>[\/vc_column_inner][\/vc_row_inner][vc_row_inner kd_background_image_position=&#8221;vc_row-bg-position-top&#8221;][vc_column_inner width=&#8221;1\/4&#8243;][\/vc_column_inner][vc_column_inner width=&#8221;1\/2&#8243; css=&#8221;.vc_custom_1600777457771{padding-right: 65px !important;padding-left: 65px !important;}&#8221; css_tablet_landscape=&#8221;.vc_custom_1600777457772{padding-right: 0px !important;padding-left: 0px !important;}&#8221; css_tablet_portrait=&#8221;.vc_custom_1600777457772{padding-right: 0px !important;padding-left: 0px !important;}&#8221; css_mobile=&#8221;.vc_custom_1600777457773{padding-right: 0px !important;padding-left: 0px !important;}&#8221;]<a  href=\"https:\/\/freedomges.com\/es\/comenzar\/\"  target=\"_self\"  title=\"Comenzar\"  class=\"tt_button tt_primary_button btn_primary_color hover_solid_secondary button-center button-action-link   kd-animated zoomIn\" data-animation-delay=200><span class=\"prim_text\">Comenzar<\/span><\/a><div class=\"scroll-down-wrapper sd-align-center kd-animated fadeInUp  vc_custom_1703872676952\" data-animation-delay=200><a href=\"#Homeowners\" class=\"scroll-down-arrow btn-smooth-scroll\" style=\"background-color: #ffffff;\" aria-label=\"Scroll down\"><\/a><\/div>[\/vc_column_inner][vc_column_inner width=&#8221;1\/4&#8243;][\/vc_column_inner][\/vc_row_inner][\/vc_column][\/vc_row][vc_row kd_background_image_position=&#8221;vc_row-bg-position-top&#8221; css=&#8221;.vc_custom_1598372323510{margin-bottom: 80px !important;}&#8221;][vc_column]<div class=\"feature-sections-wrapper navigation-icons kd-fsp-69ea10b6ce8d7\">\r\n            <div class=\"feature-sections-tabs  \">\r\n              <nav class=\"kd-feature-tabs\">\r\n                <ul class=\"nav nav-tabs sticky-tabs container\">\r\n                <\/ul>\r\n              <\/nav>\r\n            <\/div>\r\n            <section id=\"Homeowners\" class=\"featured-left \"><li class=\"nav-label\"><a class=\"feature-tabs-scroll\" href=\"#Homeowners\"><span class=\"nav-number\"><\/span>\u00bfNecesito un seguro de casa?<\/a><\/li><div class=\"container\">\r\n                <div class=\"side-content-wrapper kd-animated fadeInRight\" data-animation-delay=\"200\"><span class=\"side-content-title-label\" >Do I need homeowners insurance?<\/span><h2 class=\"side-content-title\" >El seguro de casa cubre su vivienda contra riesgos<\/h2><h6 class=\"side-content-subtitle\" >Aunque no es un requisito legal, el seguro de casa suele ser un requisito previo de las compa\u00f1\u00edas hipotecarias y los bancos para la aprobaci\u00f3n de un pr\u00e9stamo.<\/h6><div class=\"side-content-text\" >Este tipo de seguro desempe\u00f1a un papel crucial a la hora de protegerse frente a p\u00e9rdidas econ\u00f3micas significativas derivadas de da\u00f1os en su residencia principal causados por elementos como el viento, el agua, el fuego o el robo. Para muchos particulares, el seguro de hogar es esencial para reconstruir tras los da\u00f1os sufridos por la vivienda, incluso en caso de siniestro total.<\/p>\n<p>M\u00e1s all\u00e1 de la protecci\u00f3n de la propiedad, el seguro de casa puede cubrir los gastos legales, incluidos los costes asociados a lesiones corporales a terceros o da\u00f1os a su propiedad.<\/p>\n<p>Nuestro equipo de agentes de seguros de casa est\u00e1 preparado para guiarle a lo largo del proceso, utilizando su experiencia para garantizarle la cobertura m\u00e1s adecuada a su presupuesto.<\/div><div class=\"side-content-link sc-primary-btn\"><a href=\"https:\/\/freedomges.com\/es\/comenzar\/\" target=\"_self\" title=\"Comenzar\" class=\"tt_button tt_primary_button btn_primary_color button-action-link\">Comenzar<\/a><\/div><\/div><div class=\"side-featured-wrapper fss-rectangle kd-animated fadeInLeft\" data-animation-delay=\"200\">\r\n      <div class=\"featured-image\"><img fetchpriority=\"high\" decoding=\"async\" width=\"420\" height=\"562\" src=\"https:\/\/freedomges.com\/wp-content\/uploads\/2023\/12\/ag_Scaled_to_420X562.jpg\" class=\"attachment-full\" alt=\"\" title=\"ag_Scaled_to_420X562\" srcset=\"https:\/\/freedomges.com\/wp-content\/uploads\/2023\/12\/ag_Scaled_to_420X562.jpg 420w, https:\/\/freedomges.com\/wp-content\/uploads\/2023\/12\/ag_Scaled_to_420X562-224x300.jpg 224w\" sizes=\"(max-width: 420px) 100vw, 420px\" \/><\/div>\r\n    <\/div><\/div>\r\n            <\/section><section id=\"Coverage\" class=\"featured-right \"><li class=\"nav-label\"><a class=\"feature-tabs-scroll\" href=\"#Coverage\"><span class=\"nav-number\"><\/span>\u00bfQu\u00e9 cubre?<\/a><\/li><div class=\"container\">\r\n                <div class=\"side-content-wrapper kd-animated fadeInLeft\" data-animation-delay=\"200\"><span class=\"side-content-title-label\" >WHAT DOES HOMEOWNERS INSURANCE?<\/span><h2 class=\"side-content-title\" >Entre las principales caracter\u00edsticas del seguro de hogar se incluyen:<\/h2><h6 class=\"side-content-subtitle\" >El seguro de hogar desempe\u00f1a un papel crucial a la hora de protegerse contra p\u00e9rdidas econ\u00f3micas significativas derivadas de da\u00f1os en su residencia principal causados por elementos como el viento, el agua, el fuego o el robo. Para muchos particulares, el seguro de hogar es esencial para reconstruir tras los da\u00f1os sufridos por la vivienda, incluso en caso de siniestro total.<\/h6><div class=\"side-content-text\" ><\/p>\n<ul>\n<li>Prestaciones m\u00e9dicas<\/li>\n<li>Prestaciones de invalidez<\/li>\n<li>Rehabilitaci\u00f3n<\/li>\n<li>Prestaciones por defunci\u00f3n<\/li>\n<li>Protecci\u00f3n jur\u00eddica<\/li>\n<\/ul>\n<p><\/div><div class=\"side-content-link sc-primary-btn\"><a href=\"https:\/\/freedomges.com\/es\/comenzar\/\" target=\"_self\" title=\"Comenzar\" class=\"tt_button tt_primary_button btn_primary_color button-action-link\">Comenzar<\/a><\/div><\/div><div class=\"side-featured-wrapper fss-rectangle kd-animated fadeInRight\" data-animation-delay=\"200\">\r\n      <div class=\"featured-image\"><img decoding=\"async\" width=\"1920\" height=\"1280\" src=\"https:\/\/freedomges.com\/wp-content\/uploads\/2023\/12\/vecteezy_construction-costs-flat-style-illustration-design_35263169.jpg\" class=\"attachment-full\" alt=\"\" title=\"vecteezy_construction-costs-flat-style-illustration-design_35263169\" srcset=\"https:\/\/freedomges.com\/wp-content\/uploads\/2023\/12\/vecteezy_construction-costs-flat-style-illustration-design_35263169.jpg 1920w, https:\/\/freedomges.com\/wp-content\/uploads\/2023\/12\/vecteezy_construction-costs-flat-style-illustration-design_35263169-300x200.jpg 300w, https:\/\/freedomges.com\/wp-content\/uploads\/2023\/12\/vecteezy_construction-costs-flat-style-illustration-design_35263169-1024x683.jpg 1024w, https:\/\/freedomges.com\/wp-content\/uploads\/2023\/12\/vecteezy_construction-costs-flat-style-illustration-design_35263169-768x512.jpg 768w, https:\/\/freedomges.com\/wp-content\/uploads\/2023\/12\/vecteezy_construction-costs-flat-style-illustration-design_35263169-1536x1024.jpg 1536w\" sizes=\"(max-width: 1920px) 100vw, 1920px\" \/><\/div>\r\n    <\/div><\/div>\r\n            <\/section><section id=\"How\" class=\"featured-left \"><li class=\"nav-label\"><a class=\"feature-tabs-scroll\" href=\"#How\"><span class=\"nav-number\"><\/span>\u00bfC\u00f3mo asegurar su vivienda?<\/a><\/li><div class=\"container\">\r\n                <div class=\"side-content-wrapper kd-animated fadeInRight\" data-animation-delay=\"200\"><span class=\"side-content-title-label\" >How?<\/span><h2 class=\"side-content-title\" >\u00bfC\u00f3mo asegurar su vivienda?<\/h2><h6 class=\"side-content-subtitle\" ><br \/>Seleccione su cobertura:<\/br><\/p>\n<p>Cada casa es \u00fanica. Hable con un agente de Freedom GES para confeccionar una p\u00f3liza de seguro que se adapte a sus necesidades espec\u00edficas.<\/br><\/p>\n<p>Solicitar una p\u00f3liza:<\/br><\/p>\n<p>Agilizamos el proceso para que sea r\u00e1pido y sencillo, lo que le permitir\u00e1 empezar a proteger su hogar lo antes posible.<\/br><\/p>\n<p>Mantente protegido:<\/br><\/p>\n<p>A medida que evoluciona su vida, tambi\u00e9n lo hacen sus necesidades en materia de seguros de hogar. Un agente colaborar\u00e1 con usted para garantizar que lo que usted valora est\u00e9 siempre cubierto.<\/br><\/h6><div class=\"side-content-link sc-primary-btn\"><a href=\"https:\/\/freedomges.com\/es\/comenzar\/\" target=\"_self\" title=\"Comenzar\" class=\"tt_button tt_primary_button btn_primary_color button-action-link\">Comenzar<\/a><\/div><\/div><div class=\"side-featured-wrapper fss-rectangle kd-animated fadeInLeft\" data-animation-delay=\"200\">\r\n      <div class=\"featured-image\"><img decoding=\"async\" width=\"1920\" height=\"1280\" src=\"https:\/\/freedomges.com\/wp-content\/uploads\/2023\/12\/vecteezy_building-safety-flat-style-illustration-vector-design_35263110.jpg\" class=\"attachment-full\" alt=\"\" title=\"vecteezy_building-safety-flat-style-illustration-vector-design_35263110\" srcset=\"https:\/\/freedomges.com\/wp-content\/uploads\/2023\/12\/vecteezy_building-safety-flat-style-illustration-vector-design_35263110.jpg 1920w, https:\/\/freedomges.com\/wp-content\/uploads\/2023\/12\/vecteezy_building-safety-flat-style-illustration-vector-design_35263110-300x200.jpg 300w, https:\/\/freedomges.com\/wp-content\/uploads\/2023\/12\/vecteezy_building-safety-flat-style-illustration-vector-design_35263110-1024x683.jpg 1024w, https:\/\/freedomges.com\/wp-content\/uploads\/2023\/12\/vecteezy_building-safety-flat-style-illustration-vector-design_35263110-768x512.jpg 768w, https:\/\/freedomges.com\/wp-content\/uploads\/2023\/12\/vecteezy_building-safety-flat-style-illustration-vector-design_35263110-1536x1024.jpg 1536w\" sizes=\"(max-width: 1920px) 100vw, 1920px\" \/><\/div>\r\n    <\/div><\/div>\r\n            <\/section>\r\n            <\/div><style><\/style>[\/vc_column][\/vc_row][vc_row full_width=&#8221;stretch_row_content_no_spaces&#8221; kd_background_image_position=&#8221;vc_row-bg-position-top&#8221;][vc_column css=&#8221;.vc_custom_1597665991208{padding-right: 0px !important;padding-left: 0px !important;}&#8221;][vc_row_inner full_width=&#8221;inner_row_contained&#8221; kd_background_image_position=&#8221;vc_row-bg-position-top&#8221; css=&#8221;.vc_custom_1599477002014{margin-right: 60px !important;margin-left: 60px !important;padding-top: 200px !important;padding-bottom: 200px !important;background-image: url(https:\/\/www.swaytheme.com\/wp-content\/uploads\/sites\/3\/2020\/09\/insurance2.jpg) !important;background-position: center !important;background-repeat: no-repeat !important;background-size: cover !important;border-radius: 50px !important;}&#8221; css_tablet_portrait=&#8221;.vc_custom_1599477002017{margin-right: 0px !important;margin-left: 0px !important;padding-top: 100px !important;padding-bottom: 100px !important;border-radius: 0px !important;}&#8221; css_mobile=&#8221;.vc_custom_1599477002018{margin-right: 0px !important;margin-left: 0px !important;padding-top: 100px !important;padding-bottom: 100px !important;border-radius: 0px !important;}&#8221; css_tablet_landscape=&#8221;.vc_custom_1599477002015{margin-right: 0px !important;margin-left: 0px !important;border-radius: 0px !important;}&#8221;][vc_column_inner css_tablet_portrait=&#8221;.vc_custom_1598614995974{padding-left: 30px !important;}&#8221; css_mobile=&#8221;.vc_custom_1598614995975{padding-left: 15px !important;}&#8221;]<div class=\"kd-shapes shape_dots with-parallax kd-animated fadeIn\" style=\"top: -200px;left: -7%;width: 172px;height: 302px;background-color: #c9cbd0;\" data-parallax-speed=\"-0.1\" data-animation-delay=400><\/div><header class=\"kd-section-title col-lg-12 text-center  subtitle-above-title kd-animated fadeIn   vc_custom_1703780104664\" data-animation-delay=200><h6 class=\"subtitle\" style=\"color: #ffffff;\">Trabajamos con usted para comprender sus necesidades individuales y ayudarle a obtener una cobertura que se ajuste a su vida y a su hogar.<\/h6><h2 class=\"separator_off\" style=\"color: #ffffff;font-size: 42px;\">Obtenga un presupuesto de seguro de hogar<\/h2><\/header><a  href=\"https:\/\/freedomges.com\/es\/comenzar\/\"  target=\"_self\"  title=\"Comenzar\"  class=\"tt_button tt_primary_button btn_primary_color hover_solid_white button-center button-action-link   kd-animated zoomIn\" data-animation-delay=200><span class=\"prim_text\">Comenzar<\/span><\/a><div class=\"kd-shapes shape_dots with-parallax kd-animated fadeIn\" style=\"right: -7%;bottom: -320px;width: 340px;height: 173px;background-color: rgba(201,203,208,0.7);\" data-parallax-speed=\"-0.1\" data-animation-delay=400><\/div>[\/vc_column_inner][\/vc_row_inner][\/vc_column][\/vc_row]<\/p>\n<\/div>","protected":false},"excerpt":{"rendered":"<p>[vc_row full_width=&#8221;stretch_row&#8221; kd_background_image_position=&#8221;vc_row-bg-position-top&#8221; kd_bottom_separator_style=&#8221;waves&#8221; kd_bottom_separator_height=&#8221;separator-height-large&#8221; kd_fixed_background=&#8221;true&#8221; kd_bottom_separator=&#8221;true&#8221; css=&#8221;.vc_custom_1703234456628{margin-top: 80px !important;padding-top: 290px !important;padding-bottom: 270px !important;background-image: url(https:\/\/freedomges.com\/wp-content\/uploads\/2023\/12\/exterior-1597098_1920.jpg?id=11232) !important;background-position: center !important;background-repeat: no-repeat !important;background-size: [&hellip;]<\/p>\n","protected":false},"author":9,"featured_media":0,"parent":12700,"menu_order":2,"comment_status":"closed","ping_status":"closed","template":"","meta":{"footnotes":""},"class_list":["post-12718","page","type-page","status-publish","hentry"],"_links":{"self":[{"href":"https:\/\/freedomges.com\/es\/wp-json\/wp\/v2\/pages\/12718","targetHints":{"allow":["GET"]}}],"collection":[{"href":"https:\/\/freedomges.com\/es\/wp-json\/wp\/v2\/pages"}],"about":[{"href":"https:\/\/freedomges.com\/es\/wp-json\/wp\/v2\/types\/page"}],"author":[{"embeddable":true,"href":"https:\/\/freedomges.com\/es\/wp-json\/wp\/v2\/users\/9"}],"replies":[{"embeddable":true,"href":"https:\/\/freedomges.com\/es\/wp-json\/wp\/v2\/comments?post=12718"}],"version-history":[{"count":7,"href":"https:\/\/freedomges.com\/es\/wp-json\/wp\/v2\/pages\/12718\/revisions"}],"predecessor-version":[{"id":13000,"href":"https:\/\/freedomges.com\/es\/wp-json\/wp\/v2\/pages\/12718\/revisions\/13000"}],"up":[{"embeddable":true,"href":"https:\/\/freedomges.com\/es\/wp-json\/wp\/v2\/pages\/12700"}],"wp:attachment":[{"href":"https:\/\/freedomges.com\/es\/wp-json\/wp\/v2\/media?parent=12718"}],"curies":[{"name":"wp","href":"https:\/\/api.w.org\/{rel}","templated":true}]}}