{"id":12724,"date":"2023-12-05T08:20:43","date_gmt":"2023-12-05T08:20:43","guid":{"rendered":"https:\/\/freedomges.com\/inicio\/seguros\/indemnizacion-por-accidente-laboral\/"},"modified":"2024-02-26T19:05:36","modified_gmt":"2024-02-26T19:05:36","slug":"indemnizacion-por-accidente-laboral","status":"publish","type":"page","link":"https:\/\/freedomges.com\/es\/inicio\/seguros\/indemnizacion-por-accidente-laboral\/","title":{"rendered":"Indemnizaci\u00f3n por accidente laboral"},"content":{"rendered":"<div class=\"wpb-content-wrapper\"><p>[vc_row full_width=&#8221;stretch_row&#8221; kd_background_image_position=&#8221;vc_row-bg-position-top&#8221; kd_bottom_separator_style=&#8221;waves&#8221; kd_bottom_separator_height=&#8221;separator-height-large&#8221; kd_fixed_background=&#8221;true&#8221; kd_bottom_separator=&#8221;true&#8221; css=&#8221;.vc_custom_1703714950662{margin-top: 80px !important;padding-top: 290px !important;padding-bottom: 270px !important;background-image: url(https:\/\/freedomges.com\/wp-content\/uploads\/2023\/12\/civil-engineer-construction-worker-man-blue-overlay-@50-opacity-scaled.jpg?id=11381) !important;background-position: center !important;background-repeat: no-repeat !important;background-size: cover !important;}&#8221; el_class=&#8221;intro-section&#8221; css_mobile=&#8221;.vc_custom_1703714950665{margin-top: 0px !important;padding-top: 100px !important;padding-bottom: 150px !important;}&#8221; css_tablet_portrait=&#8221;.vc_custom_1703714950664{margin-top: 0px !important;padding-top: 200px !important;padding-bottom: 250px !important;}&#8221;][vc_column][vc_row_inner kd_background_image_position=&#8221;vc_row-bg-position-top&#8221;][vc_column_inner]<header class=\"kd-section-title col-lg-12 text-center  subtitle-below-title kd-animated fadeIn   vc_custom_1703714462046\" data-animation-delay=200><h1 class=\"separator_off\" style=\"color: #ffffff;font-size: 72px;line-height: 80px;margin-bottom:30px;\">Seguro de accidentes laborales<\/h1><h6 class=\"subtitle\" style=\"color: #ffffff;\">Proteja a sus empleados de los accidentes laborales<\/h6><\/header>[\/vc_column_inner][\/vc_row_inner][vc_row_inner kd_background_image_position=&#8221;vc_row-bg-position-top&#8221;][vc_column_inner width=&#8221;1\/4&#8243;][\/vc_column_inner][vc_column_inner width=&#8221;1\/2&#8243; css=&#8221;.vc_custom_1600777457771{padding-right: 65px !important;padding-left: 65px !important;}&#8221; css_tablet_landscape=&#8221;.vc_custom_1600777457772{padding-right: 0px !important;padding-left: 0px !important;}&#8221; css_tablet_portrait=&#8221;.vc_custom_1600777457772{padding-right: 0px !important;padding-left: 0px !important;}&#8221; css_mobile=&#8221;.vc_custom_1600777457773{padding-right: 0px !important;padding-left: 0px !important;}&#8221;]<a  href=\"https:\/\/freedomges.com\/es\/comenzar\/\"  target=\"_self\"  title=\"Comenzar\"  class=\"tt_button tt_primary_button btn_primary_color hover_solid_secondary button-center button-action-link   kd-animated zoomIn\" data-animation-delay=200><span class=\"prim_text\">Comenzar<\/span><\/a><div class=\"scroll-down-wrapper sd-align-center kd-animated fadeInUp  vc_custom_1703873185416\" data-animation-delay=200><a href=\"#WC\" class=\"scroll-down-arrow btn-smooth-scroll\" style=\"background-color: #ffffff;\" aria-label=\"Scroll down\"><\/a><\/div>[\/vc_column_inner][vc_column_inner width=&#8221;1\/4&#8243;][\/vc_column_inner][\/vc_row_inner][\/vc_column][\/vc_row][vc_row kd_background_image_position=&#8221;vc_row-bg-position-top&#8221; css=&#8221;.vc_custom_1598372323510{margin-bottom: 80px !important;}&#8221;][vc_column]<div class=\"feature-sections-wrapper navigation-icons kd-fsp-69ea2343d0a39\">\r\n            <div class=\"feature-sections-tabs  \">\r\n              <nav class=\"kd-feature-tabs\">\r\n                <ul class=\"nav nav-tabs sticky-tabs container\">\r\n                <\/ul>\r\n              <\/nav>\r\n            <\/div>\r\n            <section id=\"WC\" class=\"featured-left \"><li class=\"nav-label\"><a class=\"feature-tabs-scroll\" href=\"#WC\"><span class=\"nav-number\"><\/span>\u00bfQu\u00e9 es la indemnizaci\u00f3n por accidente laboral?<\/a><\/li><div class=\"container\">\r\n                <div class=\"side-content-wrapper kd-animated fadeInRight\" data-animation-delay=\"200\"><span class=\"side-content-title-label\" >\u00bfQU\u00c9 ES EL SEGURO DE COMPENSACI\u00d3N PARA TRABAJADORES?<\/span><h2 class=\"side-content-title\" >Cubre a los empleados en caso de accidente laboral<\/h2><h6 class=\"side-content-subtitle\" >El seguro de indemnizaci\u00f3n por accidentes laborales es un tipo de seguro que ofrece cobertura a los empleados que sufren lesiones o enfermedades relacionadas con el trabajo. Este seguro est\u00e1 dise\u00f1ado para proteger tanto a los empresarios como a los trabajadores ofreciendo asistencia financiera y prestaciones en caso de accidente laboral. El seguro de accidentes de trabajo suele cubrir los gastos m\u00e9dicos, los costes de rehabilitaci\u00f3n y una parte de los salarios perdidos de los empleados que se lesionan o enferman mientras realizan tareas relacionadas con su trabajo.<\/h6><div class=\"side-content-link sc-primary-btn\"><a href=\"https:\/\/freedomges.com\/es\/comenzar\/\" target=\"_self\" title=\"Comenza\" class=\"tt_button tt_primary_button btn_primary_color button-action-link\">Comenza<\/a><\/div><\/div><div class=\"side-featured-wrapper fss-rectangle kd-animated fadeInLeft\" data-animation-delay=\"200\">\r\n      <div class=\"featured-image\"><img fetchpriority=\"high\" decoding=\"async\" src=\"https:\/\/www.swaytheme.com\/wp-content\/uploads\/sites\/3\/2020\/08\/seo-agency1.png\" alt=\"\" width=\"700\" height=\"600\" \/><\/div>\r\n    <\/div><\/div>\r\n            <\/section><section id=\"Coverage\" class=\"featured-right \"><li class=\"nav-label\"><a class=\"feature-tabs-scroll\" href=\"#Coverage\"><span class=\"nav-number\"><\/span>\u00bfQu\u00e9 cubre?<\/a><\/li><div class=\"container\">\r\n                <div class=\"side-content-wrapper kd-animated fadeInLeft\" data-animation-delay=\"200\"><span class=\"side-content-title-label\" >\u00bfQU\u00c9 CUBRE EL SEGURO DE COMPENSACI\u00d3N LABORAL?<\/span><h2 class=\"side-content-title\" >Entre las principales caracter\u00edsticas del seguro de accidentes de trabajo se incluyen:<\/h2><div class=\"side-content-text\" ><\/p>\n<ul>\n<li>Prestaciones m\u00e9dicas<\/li>\n<li>Prestaciones de invalidez<\/li>\n<li>Rehabilitaci\u00f3n<\/li>\n<li>Prestaciones por defunci\u00f3n<\/li>\n<li>Protecci\u00f3n jur\u00eddica<\/li>\n<\/ul>\n<p><\/div><div class=\"side-content-link sc-primary-btn\"><a href=\"https:\/\/freedomges.com\/es\/comenzar\/\" target=\"_self\" title=\"Comenzar\" class=\"tt_button tt_primary_button btn_primary_color button-action-link\">Comenzar<\/a><\/div><\/div><div class=\"side-featured-wrapper fss-rectangle kd-animated fadeInRight\" data-animation-delay=\"200\">\r\n      <div class=\"featured-image\"><img decoding=\"async\" src=\"https:\/\/www.swaytheme.com\/wp-content\/uploads\/sites\/3\/2020\/08\/seo-agency2.png\" alt=\"\" width=\"720\" height=\"600\" \/><\/div>\r\n    <\/div><\/div>\r\n            <\/section><section id=\"Why\" class=\"featured-left \"><li class=\"nav-label\"><a class=\"feature-tabs-scroll\" href=\"#Why\"><span class=\"nav-number\"><\/span>\u00bfPor qu\u00e9 lo necesita?<\/a><\/li><div class=\"container\">\r\n                <div class=\"side-content-wrapper kd-animated fadeInRight\" data-animation-delay=\"200\"><span class=\"side-content-title-label\" >\u00bfPOR QU\u00c9 SU NEGOCIO NECESITA UN SEGURO DE COMPENSACI\u00d3N PARA LOS TRABAJADORES?<\/span><h2 class=\"side-content-title\" >Proteja su empresa contra p\u00e9rdidas inesperadas<\/h2><h6 class=\"side-content-subtitle\" >Es importante tener en cuenta que las leyes y requisitos de indemnizaci\u00f3n por accidente de trabajo var\u00edan seg\u00fan la jurisdicci\u00f3n. En muchos lugares, los empresarios est\u00e1n legalmente obligados a contratar un seguro de indemnizaci\u00f3n por accidentes de trabajo, mientras que en otros puede ser opcional o exigirse s\u00f3lo a las empresas de cierto tama\u00f1o. Las prestaciones espec\u00edficas y los detalles de la cobertura tambi\u00e9n dependen de las leyes y normativas de cada jurisdicci\u00f3n.<\/p>\n<p>El Seguro de Indemnizaci\u00f3n por Accidentes Laborales ayuda a crear una red de seguridad para los empleados, garantizando que reciban la ayuda y las prestaciones necesarias en caso de lesiones o enfermedades relacionadas con el trabajo, al tiempo que proporciona protecci\u00f3n jur\u00eddica a los empresarios.<\/h6><div class=\"side-content-link sc-primary-btn\"><a href=\"https:\/\/freedomges.com\/es\/comenzar\/\" target=\"_self\" title=\"Comenzar\" class=\"tt_button tt_primary_button btn_primary_color button-action-link\">Comenzar<\/a><\/div><\/div><div class=\"side-featured-wrapper fss-rectangle kd-animated fadeInLeft\" data-animation-delay=\"200\">\r\n      <div class=\"featured-image\"><img decoding=\"async\" src=\"https:\/\/www.swaytheme.com\/wp-content\/uploads\/sites\/3\/2020\/08\/seo-agency3.png\" alt=\"\" width=\"700\" height=\"600\" \/><\/div>\r\n    <\/div><\/div>\r\n            <\/section>\r\n            <\/div><style><\/style>[\/vc_column][\/vc_row][vc_row full_width=&#8221;stretch_row_content_no_spaces&#8221; kd_background_image_position=&#8221;vc_row-bg-position-top&#8221; css=&#8221;.vc_custom_1603882768667{margin-top: 80px !important;}&#8221; css_tablet_portrait=&#8221;.vc_custom_1603882768668{margin-top: 50px !important;}&#8221; css_mobile=&#8221;.vc_custom_1603882768669{margin-top: 20px !important;}&#8221;][vc_column css=&#8221;.vc_custom_1515752234075{padding-right: 0px !important;padding-left: 0px !important;}&#8221;][vc_row_inner kd_background_image_position=&#8221;vc_row-bg-position-top&#8221; css=&#8221;.vc_custom_1598625305889{padding-top: 90px !important;}&#8221;][vc_column_inner]<header class=\"kd-section-title col-lg-12 text-center  subtitle-below-title kd-animated fadeIn   vc_custom_1701759289901\" data-animation-delay=200><h2 class=\"separator_off\" >Preguntas frecuentes<\/h2><\/header>[\/vc_column_inner][\/vc_row_inner][vc_row_inner full_width=&#8221;inner_row_contained&#8221; gap=&#8221;30&#8243; kd_background_image_position=&#8221;vc_row-bg-position-top&#8221; css=&#8221;.vc_custom_1603882887528{margin-right: 60px !important;margin-left: 60px !important;padding-top: 120px !important;padding-bottom: 85px !important;background-color: #f7f4fb !important;border-radius: 50px !important;}&#8221; css_mobile=&#8221;.vc_custom_1603882887530{margin-right: 0px !important;margin-left: 0px !important;padding-top: 100px !important;padding-bottom: 100px !important;border-radius: 0px !important;}&#8221; css_tablet_portrait=&#8221;.vc_custom_1603882887529{margin-right: 0px !important;margin-left: 0px !important;padding-top: 100px !important;padding-bottom: 100px !important;border-radius: 0px !important;}&#8221; css_tablet_landscape=&#8221;.vc_custom_1603882887528{margin-right: 0px !important;margin-left: 0px !important;padding-top: 100px !important;padding-bottom: 100px !important;border-radius: 0px !important;}&#8221;][vc_column_inner width=&#8221;1\/2&#8243; css=&#8221;.vc_custom_1603882872914{padding-right: 15px !important;padding-left: 0px !important;}&#8221; offset=&#8221;vc_col-lg-6 vc_col-md-12&#8243; css_tablet_portrait=&#8221;.vc_custom_1603882872915{padding-right: 15px !important;padding-left: 15px !important;}&#8221; css_mobile=&#8221;.vc_custom_1603882872915{padding-right: 15px !important;padding-left: 15px !important;}&#8221; css_tablet_landscape=&#8221;.vc_custom_1603882872914{padding-right: 15px !important;padding-left: 15px !important;}&#8221;][vc_toggle title=&#8221;\u00bfEs obligatorio por ley el seguro de accidentes de trabajo?&#8221; css_animation=&#8221;fadeIn&#8221;]Cada Estado establece su propia normativa en materia de indemnizaci\u00f3n por accidente laboral. En la mayor\u00eda de los estados, se convierte en un requisito en cuanto se contrata al primer empleado. En particular, Texas y Dakota del Sur son los \u00fanicos estados en los que los empresarios tienen la opci\u00f3n de decidir si contratan la indemnizaci\u00f3n por accidente laboral.<\/p>\n<p>Aparte de las variaciones entre estados, el sector de la construcci\u00f3n suele regirse por normativas distintas a las de otros sectores. Explore nuestra p\u00e1gina sobre leyes estatales de indemnizaci\u00f3n por accidentes de trabajo para conocer los requisitos espec\u00edficos aplicables en su estado.[\/vc_toggle][vc_toggle title=&#8221;\u00bfQu\u00e9 cubre la indemnizaci\u00f3n por accidente laboral?&#8221; css_animation=&#8221;fadeIn&#8221;]El seguro de compensaci\u00f3n de los trabajadores ayuda a cubrir los gastos m\u00e9dicos y las p\u00e9rdidas parciales de salario ocasionadas por una lesi\u00f3n o enfermedad relacionada con el trabajo. En el desafortunado caso de que se produzca un fallecimiento, tambi\u00e9n proporciona prestaciones por defunci\u00f3n.[\/vc_toggle][vc_toggle title=&#8221;\u00bfQu\u00e9 es el seguro de responsabilidad civil del empresario?&#8221; css_animation=&#8221;fadeIn&#8221;]El segmento de responsabilidad del empresario en materia de indemnizaci\u00f3n por accidentes de trabajo protege al empresario de las acciones legales asociadas a una lesi\u00f3n, abordando las reclamaciones que afirman que la negligencia del empresario provoc\u00f3 la lesi\u00f3n.<\/p>\n<p>Su seguro de compensaci\u00f3n de los trabajadores incorpora intr\u00ednsecamente el seguro de responsabilidad civil del empresario, a menos que su empresa opere en uno de los cuatro estados monopol\u00edsticos de compensaci\u00f3n de los trabajadores, lo que hace necesaria la cobertura a trav\u00e9s de un fondo estatal. En estos casos, tiene la opci\u00f3n de aumentar la cobertura a\u00f1adiendo una cobertura &#8220;stop gap&#8221; como endoso de una aseguradora privada.[\/vc_toggle]<div class=\"kd-shapes shape_dots with-parallax kd-animated zoomIn\" style=\"top: -70px;left: -65px;width: 172px;height: 156px;\" data-parallax-speed=\"0.1\" data-animation-delay=400><\/div>[\/vc_column_inner][vc_column_inner width=&#8221;1\/2&#8243; css=&#8221;.vc_custom_1603882867660{padding-right: 0px !important;padding-left: 15px !important;}&#8221; offset=&#8221;vc_col-lg-6 vc_col-md-12&#8243; css_tablet_landscape=&#8221;.vc_custom_1603882867660{padding-right: 15px !important;padding-left: 15px !important;}&#8221; css_tablet_portrait=&#8221;.vc_custom_1603882867661{padding-right: 15px !important;padding-left: 15px !important;}&#8221; css_mobile=&#8221;.vc_custom_1603882867661{padding-right: 15px !important;padding-left: 15px !important;}&#8221;][vc_toggle title=&#8221;\u00bfNecesitan los empresarios individuales y los contratistas independientes un seguro de indemnizaci\u00f3n por accidentes de trabajo?&#8221; css_animation=&#8221;fadeIn&#8221;]<\/p>\n<div class=\"flex-1 overflow-hidden\">\n<div class=\"react-scroll-to-bottom--css-arjww-79elbk h-full\">\n<div class=\"react-scroll-to-bottom--css-arjww-1n7m0yu\">\n<div class=\"flex flex-col pb-9 text-sm\">\n<div class=\"w-full text-token-text-primary\" data-testid=\"conversation-turn-11\">\n<div class=\"px-4 py-2 justify-center text-base md:gap-6 m-auto\">\n<div class=\"flex flex-1 text-base mx-auto gap-3 md:px-5 lg:px-1 xl:px-5 md:max-w-3xl lg:max-w-[40rem] xl:max-w-[48rem] } group final-completion\">\n<div class=\"flex-shrink-0 flex flex-col relative items-end\">\n<div class=\"pt-0.5\">\n<div class=\"gizmo-shadow-stroke flex h-6 w-6 items-center justify-center overflow-hidden rounded-full\">\n<div class=\"relative p-1 rounded-sm h-9 w-9 text-white flex items-center justify-center\">\n<p>El seguro de indemnizaci\u00f3n por accidentes de trabajo no suele ser obligatorio para empresarios individuales y contratistas independientes, a menos que se dediquen a ocupaciones de alto riesgo, como la construcci\u00f3n de tejados. No obstante, hay casos en los que a los aut\u00f3nomos sin empleados ni contratistas independientes les puede resultar beneficioso adquirir una p\u00f3liza.<\/p>\n<p>La raz\u00f3n de obtener esta cobertura radica en el hecho de que si sufre una lesi\u00f3n en el trabajo, su proveedor de seguro m\u00e9dico puede rechazar la reclamaci\u00f3n, por lo que es prudente protegerse frente a gastos m\u00e9dicos imprevistos. Adem\u00e1s, los clientes pueden exigir que tengas cobertura de indemnizaci\u00f3n por accidentes laborales.<\/p>\n<p>Dado que muchos empresarios individuales y contratistas independientes est\u00e1n exentos de los requisitos de indemnizaci\u00f3n por accidentes de trabajo en varios estados, una p\u00f3liza fantasma de indemnizaci\u00f3n por accidentes de trabajo puede ser una alternativa viable. Este tipo de p\u00f3liza permite a los aut\u00f3nomos facilitar un Certificado de Seguro (COI) sin incurrir en el coste de una p\u00f3liza completa de indemnizaci\u00f3n por accidentes de trabajo.<\/p>\n<\/div>\n<\/div>\n<\/div>\n<\/div>\n<\/div>\n<\/div>\n<\/div>\n<\/div>\n<\/div>\n<\/div>\n<\/div>\n<p>[\/vc_toggle][vc_toggle title=&#8221;\u00bfEs obligatoria la indemnizaci\u00f3n por accidente laboral para las sociedades de responsabilidad limitada?&#8221; css_animation=&#8221;fadeIn&#8221;]Si su sociedad de responsabilidad limitada (SRL) emplea a personas f\u00edsicas, es necesario disponer de una p\u00f3liza de seguro de indemnizaci\u00f3n por accidentes laborales. En ausencia de empleados en su LLC, el requisito de compensaci\u00f3n de los trabajadores depende de factores tales como el n\u00famero de funcionarios ejecutivos o miembros y otros aspectos pertinentes de su negocio.[\/vc_toggle][vc_toggle title=&#8221;\u00bfPor qu\u00e9 es importante la clasificaci\u00f3n de los trabajadores?&#8221; css_animation=&#8221;fadeIn&#8221;]El gasto en indemnizaciones por accidente laboral depende, en cierta medida, de la naturaleza del trabajo realizado por sus empleados. Es imperativo garantizar una clasificaci\u00f3n precisa de los empleados para evitar acciones legales y sanciones. Debe asignarse a cada trabajador un c\u00f3digo de clase de indemnizaci\u00f3n por accidentes de trabajo que caracterice con precisi\u00f3n su entorno laboral y el nivel de riesgo asociado.[\/vc_toggle]<div class=\"kd-shapes shape_dots with-parallax kd-animated zoomIn\" style=\"right: -60px;bottom: 20px;width: 172px;height: 340px;\" data-parallax-speed=\"0.1\" data-animation-delay=400><\/div>[\/vc_column_inner][\/vc_row_inner][\/vc_column][\/vc_row][vc_row full_width=&#8221;stretch_row_content_no_spaces&#8221; kd_background_image_position=&#8221;vc_row-bg-position-top&#8221;][vc_column css=&#8221;.vc_custom_1597665991208{padding-right: 0px !important;padding-left: 0px !important;}&#8221;][vc_row_inner full_width=&#8221;inner_row_contained&#8221; kd_background_image_position=&#8221;vc_row-bg-position-top&#8221; css=&#8221;.vc_custom_1599477002014{margin-right: 60px !important;margin-left: 60px !important;padding-top: 200px !important;padding-bottom: 200px !important;background-image: url(https:\/\/www.swaytheme.com\/wp-content\/uploads\/sites\/3\/2020\/09\/insurance2.jpg) !important;background-position: center !important;background-repeat: no-repeat !important;background-size: cover !important;border-radius: 50px !important;}&#8221; css_tablet_portrait=&#8221;.vc_custom_1599477002017{margin-right: 0px !important;margin-left: 0px !important;padding-top: 100px !important;padding-bottom: 100px !important;border-radius: 0px !important;}&#8221; css_mobile=&#8221;.vc_custom_1599477002018{margin-right: 0px !important;margin-left: 0px !important;padding-top: 100px !important;padding-bottom: 100px !important;border-radius: 0px !important;}&#8221; css_tablet_landscape=&#8221;.vc_custom_1599477002015{margin-right: 0px !important;margin-left: 0px !important;border-radius: 0px !important;}&#8221;][vc_column_inner css_tablet_portrait=&#8221;.vc_custom_1598614995974{padding-left: 30px !important;}&#8221; css_mobile=&#8221;.vc_custom_1598614995975{padding-left: 15px !important;}&#8221;]<div class=\"kd-shapes shape_dots with-parallax kd-animated fadeIn\" style=\"top: -200px;left: -7%;width: 172px;height: 302px;background-color: #c9cbd0;\" data-parallax-speed=\"-0.1\" data-animation-delay=400><\/div><header class=\"kd-section-title col-lg-12 text-center  subtitle-above-title kd-animated fadeIn   vc_custom_1708974332876\" data-animation-delay=200><h6 class=\"subtitle\" style=\"color: #ffffff;\">Complete nuestra solicitud en l\u00ednea y reciba asesoramiento experto para descubrir la p\u00f3liza m\u00e1s adecuada a sus necesidades.<\/h6><h2 class=\"separator_off\" style=\"color: #ffffff;font-size: 42px;\">Obtenga un presupuesto de Seguro de Indemnizaci\u00f3n por Accidentes Laborales<\/h2><\/header><a  href=\"https:\/\/freedomges.com\/es\/comenzar\/\"  target=\"_self\"  title=\"Comenzar\"  class=\"tt_button tt_primary_button btn_primary_color hover_solid_secondary button-center button-action-link   kd-animated zoomIn\" data-animation-delay=200><span class=\"prim_text\">Comenzar<\/span><\/a><div class=\"kd-shapes shape_dots with-parallax kd-animated fadeIn\" style=\"right: -7%;bottom: -320px;width: 340px;height: 173px;background-color: rgba(201,203,208,0.7);\" data-parallax-speed=\"-0.1\" data-animation-delay=400><\/div>[\/vc_column_inner][\/vc_row_inner][\/vc_column][\/vc_row]<\/p>\n<\/div>","protected":false},"excerpt":{"rendered":"<p>[vc_row full_width=&#8221;stretch_row&#8221; kd_background_image_position=&#8221;vc_row-bg-position-top&#8221; kd_bottom_separator_style=&#8221;waves&#8221; kd_bottom_separator_height=&#8221;separator-height-large&#8221; kd_fixed_background=&#8221;true&#8221; kd_bottom_separator=&#8221;true&#8221; css=&#8221;.vc_custom_1703714950662{margin-top: 80px !important;padding-top: 290px !important;padding-bottom: 270px !important;background-image: url(https:\/\/freedomges.com\/wp-content\/uploads\/2023\/12\/civil-engineer-construction-worker-man-blue-overlay-@50-opacity-scaled.jpg?id=11381) !important;background-position: center !important;background-repeat: no-repeat !important;background-size: [&hellip;]<\/p>\n","protected":false},"author":9,"featured_media":0,"parent":12700,"menu_order":2,"comment_status":"closed","ping_status":"closed","template":"","meta":{"footnotes":""},"class_list":["post-12724","page","type-page","status-publish","hentry"],"_links":{"self":[{"href":"https:\/\/freedomges.com\/es\/wp-json\/wp\/v2\/pages\/12724","targetHints":{"allow":["GET"]}}],"collection":[{"href":"https:\/\/freedomges.com\/es\/wp-json\/wp\/v2\/pages"}],"about":[{"href":"https:\/\/freedomges.com\/es\/wp-json\/wp\/v2\/types\/page"}],"author":[{"embeddable":true,"href":"https:\/\/freedomges.com\/es\/wp-json\/wp\/v2\/users\/9"}],"replies":[{"embeddable":true,"href":"https:\/\/freedomges.com\/es\/wp-json\/wp\/v2\/comments?post=12724"}],"version-history":[{"count":6,"href":"https:\/\/freedomges.com\/es\/wp-json\/wp\/v2\/pages\/12724\/revisions"}],"predecessor-version":[{"id":13008,"href":"https:\/\/freedomges.com\/es\/wp-json\/wp\/v2\/pages\/12724\/revisions\/13008"}],"up":[{"embeddable":true,"href":"https:\/\/freedomges.com\/es\/wp-json\/wp\/v2\/pages\/12700"}],"wp:attachment":[{"href":"https:\/\/freedomges.com\/es\/wp-json\/wp\/v2\/media?parent=12724"}],"curies":[{"name":"wp","href":"https:\/\/api.w.org\/{rel}","templated":true}]}}