{"id":12727,"date":"2023-11-20T08:22:19","date_gmt":"2023-11-20T08:22:19","guid":{"rendered":"https:\/\/freedomges.com\/inicio\/seguros\/automovil-de-empresa\/"},"modified":"2024-01-28T23:59:16","modified_gmt":"2024-01-28T23:59:16","slug":"automovil-de-empresa","status":"publish","type":"page","link":"https:\/\/freedomges.com\/es\/inicio\/seguros\/automovil-de-empresa\/","title":{"rendered":"Autom\u00f3vil de empresa"},"content":{"rendered":"<div class=\"wpb-content-wrapper\"><p>[vc_row full_width=&#8221;stretch_row&#8221; kd_background_image_position=&#8221;vc_row-bg-position-top&#8221; kd_bottom_separator_style=&#8221;waves&#8221; kd_bottom_separator_height=&#8221;separator-height-large&#8221; kd_fixed_background=&#8221;true&#8221; kd_bottom_separator=&#8221;true&#8221; css=&#8221;.vc_custom_1703721854906{margin-top: 80px !important;padding-top: 290px !important;padding-bottom: 270px !important;background-image: url(https:\/\/freedomges.com\/wp-content\/uploads\/2023\/12\/Commercial_Vehicle_blue_overlay_@50_opacity.jpeg?id=11383) !important;background-position: center !important;background-repeat: no-repeat !important;background-size: cover !important;}&#8221; el_class=&#8221;intro-section&#8221; css_mobile=&#8221;.vc_custom_1703721854911{margin-top: 0px !important;padding-top: 100px !important;padding-bottom: 150px !important;}&#8221; css_tablet_portrait=&#8221;.vc_custom_1703721854909{margin-top: 0px !important;padding-top: 200px !important;padding-bottom: 250px !important;}&#8221;][vc_column][vc_row_inner kd_background_image_position=&#8221;vc_row-bg-position-top&#8221;][vc_column_inner]<header class=\"kd-section-title col-lg-12 text-center  subtitle-below-title kd-animated fadeIn   vc_custom_1703716682060\" data-animation-delay=200><h1 class=\"separator_off\" style=\"color: #ffffff;font-size: 72px;line-height: 80px;margin-bottom:30px;\">Seguro de autom\u00f3vil para empresas<\/h1><h6 class=\"subtitle\" style=\"color: #ffffff;\">Obtenga ahora un presupuesto personalizado de seguro de autom\u00f3vil comercial adaptado a las necesidades de su empresa.<\/h6><\/header>[\/vc_column_inner][\/vc_row_inner][vc_row_inner kd_background_image_position=&#8221;vc_row-bg-position-top&#8221;][vc_column_inner width=&#8221;1\/4&#8243;][\/vc_column_inner][vc_column_inner width=&#8221;1\/2&#8243; css=&#8221;.vc_custom_1600777457771{padding-right: 65px !important;padding-left: 65px !important;}&#8221; css_tablet_landscape=&#8221;.vc_custom_1600777457772{padding-right: 0px !important;padding-left: 0px !important;}&#8221; css_tablet_portrait=&#8221;.vc_custom_1600777457772{padding-right: 0px !important;padding-left: 0px !important;}&#8221; css_mobile=&#8221;.vc_custom_1600777457773{padding-right: 0px !important;padding-left: 0px !important;}&#8221;]<a  href=\"https:\/\/freedomges.com\/get-started\/\"  target=\"_self\"  title=\"Comenzar\"  class=\"tt_button tt_primary_button btn_primary_color hover_solid_secondary button-center button-action-link   kd-animated zoomIn\" data-animation-delay=200><span class=\"prim_text\">Comenzar<\/span><\/a><div class=\"scroll-down-wrapper sd-align-center kd-animated fadeInUp  vc_custom_1703722294762\" data-animation-delay=200><a href=\"#Business-Auto\" class=\"scroll-down-arrow btn-smooth-scroll\" style=\"background-color: #ffffff;\" aria-label=\"Scroll down\"><\/a><\/div>[\/vc_column_inner][vc_column_inner width=&#8221;1\/4&#8243;][\/vc_column_inner][\/vc_row_inner][\/vc_column][\/vc_row][vc_row kd_background_image_position=&#8221;vc_row-bg-position-top&#8221; css=&#8221;.vc_custom_1598372323510{margin-bottom: 80px !important;}&#8221;][vc_column]<div class=\"feature-sections-wrapper navigation-icons kd-fsp-69ea10c698c41\">\r\n            <div class=\"feature-sections-tabs  \">\r\n              <nav class=\"kd-feature-tabs\">\r\n                <ul class=\"nav nav-tabs sticky-tabs container\">\r\n                <\/ul>\r\n              <\/nav>\r\n            <\/div>\r\n            <section id=\"Business-Auto\" class=\"featured-right \"><li class=\"nav-label\"><a class=\"feature-tabs-scroll\" href=\"#Business-Auto\"><span class=\"nav-number\"><\/span><i class=\"iconsmind-Laptop-3 iconsmind-Desktop-apps fss-nav-icon\" style=\" \"><\/i> Autom\u00f3vil de empresa<\/a><\/li><div class=\"container\">\r\n                <div class=\"side-content-wrapper kd-animated fadeInLeft\" data-animation-delay=\"200\"><span class=\"side-content-title-label\" >Business Auto Insurance<\/span><h2 class=\"side-content-title\" >\u00bfPor qu\u00e9 es importante el seguro de autom\u00f3vil para empresas?<\/h2><h6 class=\"side-content-subtitle\" >Si su empresa es propietaria de un veh\u00edculo, es probable que necesite un seguro de autom\u00f3vil para empresas. Pr\u00e1cticamente todos los estados exigen un seguro de autom\u00f3vil para los veh\u00edculos propiedad de las empresas.&lt;\/p&gt;<br \/>\n&lt;p&gt;El seguro de autom\u00f3vil para empresas sirve como salvaguarda financiera en situaciones en las que usted o un empleado necesiten tratamiento m\u00e9dico o incurran en gastos legales debido a un accidente de coche. Sin un seguro para veh\u00edculos de empresa, su negocio asumir\u00eda la responsabilidad de las facturas m\u00e9dicas y los honorarios legales, lo que puede llegar a ser una carga financiera.&lt;\/p&gt;<br \/>\n&lt;p&gt;Incluso en los casos en que la cobertura del seguro de autom\u00f3vil de empresa no es obligatoria, optar por ella sigue siendo una decisi\u00f3n prudente. Sin esa cobertura, podr\u00eda tener que hacer frente a costes considerables, incluidos miles de d\u00f3lares en facturas m\u00e9dicas y otros gastos.<\/h6><div class=\"side-content-link sc-primary-btn\"><a href=\"https:\/\/freedomges.com\/get-started\/\" target=\"_self\" title=\"Comenzar\" class=\"tt_button tt_primary_button btn_primary_color button-action-link\">Comenzar<\/a><\/div><\/div><div class=\"side-featured-wrapper fss-rectangle kd-animated fadeInRight\" data-animation-delay=\"200\">\r\n      <div class=\"featured-image\"><img fetchpriority=\"high\" decoding=\"async\" width=\"2560\" height=\"1707\" src=\"https:\/\/freedomges.com\/wp-content\/uploads\/2023\/12\/20944631-scaled.jpg\" class=\"attachment-full\" alt=\"\" title=\"Humanitarian aid concept vector illustration.\" srcset=\"https:\/\/freedomges.com\/wp-content\/uploads\/2023\/12\/20944631-scaled.jpg 2560w, https:\/\/freedomges.com\/wp-content\/uploads\/2023\/12\/20944631-300x200.jpg 300w, https:\/\/freedomges.com\/wp-content\/uploads\/2023\/12\/20944631-1024x683.jpg 1024w, https:\/\/freedomges.com\/wp-content\/uploads\/2023\/12\/20944631-768x512.jpg 768w, https:\/\/freedomges.com\/wp-content\/uploads\/2023\/12\/20944631-1536x1024.jpg 1536w, https:\/\/freedomges.com\/wp-content\/uploads\/2023\/12\/20944631-2048x1365.jpg 2048w\" sizes=\"(max-width: 2560px) 100vw, 2560px\" \/><\/div>\r\n    <\/div><\/div>\r\n            <\/section><section id=\"Coverage\" class=\"featured-left \"><li class=\"nav-label\"><a class=\"feature-tabs-scroll\" href=\"#Coverage\"><span class=\"nav-number\"><\/span><i class=\"iconsmind-Router-2 iconsmind-Communications-Network fss-nav-icon\" style=\" \"><\/i> \u00bfQu\u00e9 cubre?<\/a><\/li><div class=\"container\">\r\n                <div class=\"side-content-wrapper kd-animated fadeInRight\" data-animation-delay=\"200\"><span class=\"side-content-title-label\" >Coverage<\/span><h2 class=\"side-content-title\" >\u00bfQu\u00e9 cubre el seguro de autom\u00f3vil de empresa?<\/h2><h6 class=\"side-content-subtitle\" >El seguro de autom\u00f3vil para empresas ayuda a cubrir los pagos m\u00e9dicos y los da\u00f1os materiales derivados de un accidente. Esta cobertura cubre los gastos legales en caso de pleito. Adem\u00e1s, una p\u00f3liza puede cubrir el robo del veh\u00edculo, el vandalismo y otras p\u00e9rdidas y da\u00f1os.&lt;\/p&gt;<br \/>\n&lt;p&gt;La cobertura del seguro de autom\u00f3vil para empresas incluye:<\/h6><div class=\"side-content-text\" ><\/p>\n<ul>\n<li><strong>Responsabilidad por accidente de tr\u00e1fico<\/strong><\/li>\n<li><strong>Pago m\u00e9dico<\/strong><\/li>\n<li><strong>Da\u00f1os f\u00edsicos y colisi\u00f3n<\/strong><\/li>\n<li><strong>Accidentes con conductores sin seguro<\/strong><\/li>\n<\/ul>\n<div class=\"contain_qlwJP block wrap_1xFPn SpecialList\">\n<div class=\"textContainer_1xFPn\">\n<div class=\"block Heading contain_qlwJP\"><\/div>\n<\/div>\n<\/div>\n<div class=\"contain_qlwJP block wrap_1xFPn SpecialList\">\n<div class=\"textContainer_1xFPn\">\n<div class=\"block Heading contain_qlwJP\"><\/div>\n<\/div>\n<\/div>\n<div class=\"contain_qlwJP block wrap_1xFPn SpecialList\">\n<div class=\"textContainer_1xFPn\">\n<div class=\"block Heading contain_qlwJP\"><\/div>\n<\/div>\n<\/div>\n<p><\/div><div class=\"side-content-link sc-primary-btn\"><a href=\"https:\/\/freedomges.com\/get-started\/\" target=\"_self\" title=\"Comenzar\" class=\"tt_button tt_primary_button btn_primary_color button-action-link\">Comenzar<\/a><\/div><\/div><div class=\"side-featured-wrapper fss-rectangle kd-animated fadeInLeft\" data-animation-delay=\"200\">\r\n      <div class=\"featured-image\"><img decoding=\"async\" width=\"2560\" height=\"1707\" src=\"https:\/\/freedomges.com\/wp-content\/uploads\/2023\/12\/20945733-scaled.jpg\" class=\"attachment-full\" alt=\"\" title=\"Car alarm system concept vector illustration.\" srcset=\"https:\/\/freedomges.com\/wp-content\/uploads\/2023\/12\/20945733-scaled.jpg 2560w, https:\/\/freedomges.com\/wp-content\/uploads\/2023\/12\/20945733-300x200.jpg 300w, https:\/\/freedomges.com\/wp-content\/uploads\/2023\/12\/20945733-1024x683.jpg 1024w, https:\/\/freedomges.com\/wp-content\/uploads\/2023\/12\/20945733-768x512.jpg 768w, https:\/\/freedomges.com\/wp-content\/uploads\/2023\/12\/20945733-1536x1024.jpg 1536w, https:\/\/freedomges.com\/wp-content\/uploads\/2023\/12\/20945733-2048x1365.jpg 2048w\" sizes=\"(max-width: 2560px) 100vw, 2560px\" \/><\/div>\r\n    <\/div><\/div>\r\n            <\/section><section id=\"Who-Needs_It\" class=\"featured-right \"><li class=\"nav-label\"><a class=\"feature-tabs-scroll\" href=\"#Who-Needs_It\"><span class=\"nav-number\"><\/span><i class=\"iconsmind-Box-withFolders iconsmind-Folders-Class fss-nav-icon\" style=\" \"><\/i> \u00bfQui\u00e9n lo necesita?<\/a><\/li><div class=\"container\">\r\n                <div class=\"side-content-wrapper kd-animated fadeInLeft\" data-animation-delay=\"200\"><span class=\"side-content-title-label\" >Who needs it?<\/span><h2 class=\"side-content-title\" >\u00bfQui\u00e9n necesita un seguro de autom\u00f3vil profesional?<\/h2><h6 class=\"side-content-subtitle\" >El seguro de autom\u00f3vil para empresas es ventajoso para numerosas industrias que dependen de veh\u00edculos de empresa. Est\u00e1 dise\u00f1ado para satisfacer las necesidades tanto de las empresas como de los contratistas independientes que necesitan un veh\u00edculo de empresa para sus necesidades operativas.&lt;\/p&gt;<br \/>\n&lt;p&gt;Sin embargo, ciertas profesiones tienen una mayor frecuencia de requerir opciones de cobertura de autom\u00f3viles comerciales, incluyendo:<\/h6><div class=\"side-content-text\" ><\/p>\n<ul>\n<li>Construcci\u00f3n e instalaci\u00f3n<\/li>\n<li>Consultor\u00eda<\/li>\n<li>Limpieza<\/li>\n<li>Paisajismo<\/li>\n<\/ul>\n<p><\/div><div class=\"side-content-link sc-primary-btn\"><a href=\"https:\/\/freedomges.com\/get-started\/\" target=\"_self\" title=\"Comenzar\" class=\"tt_button tt_primary_button btn_primary_color button-action-link\">Comenzar<\/a><\/div><\/div><div class=\"side-featured-wrapper fss-rectangle kd-animated fadeInRight\" data-animation-delay=\"200\">\r\n      <div class=\"featured-image\"><img decoding=\"async\" width=\"2560\" height=\"1707\" src=\"https:\/\/freedomges.com\/wp-content\/uploads\/2023\/12\/20944192-scaled.jpg\" class=\"attachment-full\" alt=\"\" title=\"Construction quality control concept vector illustration\" srcset=\"https:\/\/freedomges.com\/wp-content\/uploads\/2023\/12\/20944192-scaled.jpg 2560w, https:\/\/freedomges.com\/wp-content\/uploads\/2023\/12\/20944192-300x200.jpg 300w, https:\/\/freedomges.com\/wp-content\/uploads\/2023\/12\/20944192-1024x683.jpg 1024w, https:\/\/freedomges.com\/wp-content\/uploads\/2023\/12\/20944192-768x512.jpg 768w, https:\/\/freedomges.com\/wp-content\/uploads\/2023\/12\/20944192-1536x1024.jpg 1536w, https:\/\/freedomges.com\/wp-content\/uploads\/2023\/12\/20944192-2048x1365.jpg 2048w\" sizes=\"(max-width: 2560px) 100vw, 2560px\" \/><\/div>\r\n    <\/div><\/div>\r\n            <\/section>\r\n            <\/div><style><\/style>[\/vc_column][\/vc_row][vc_row full_width=&#8221;stretch_row&#8221; kd_background_image_position=&#8221;vc_row-bg-position-top&#8221;][vc_column css=&#8221;.vc_custom_1515752234075{padding-right: 0px !important;padding-left: 0px !important;}&#8221;][vc_row_inner kd_background_image_position=&#8221;vc_row-bg-position-top&#8221; css=&#8221;.vc_custom_1598625305889{padding-top: 90px !important;}&#8221;][vc_column_inner]<header class=\"kd-section-title vc_col-lg-6 vc_col-sm-8 text-center  subtitle-below-title kd-animated fadeIn   vc_custom_1703727867155\" data-animation-delay=200><h2 class=\"separator_off\" >Preguntas m\u00e1s frecuentes<\/h2><h6 class=\"subtitle\" >Los veh\u00edculos propiedad de empresas necesitan un seguro de autom\u00f3vil para empresas. Inf\u00f3rmese sobre c\u00f3mo obtener una p\u00f3liza, la cobertura espec\u00edfica necesaria y obtenga respuestas a otras preguntas frecuentes.<\/h6><\/header>[\/vc_column_inner][\/vc_row_inner][vc_row_inner gap=&#8221;30&#8243; kd_background_image_position=&#8221;vc_row-bg-position-top&#8221; css=&#8221;.vc_custom_1598625238681{padding-bottom: 50px !important;}&#8221;][vc_column_inner width=&#8221;1\/2&#8243; css=&#8221;.vc_custom_1598624986890{padding-right: 0px !important;padding-left: 0px !important;}&#8221; offset=&#8221;vc_col-lg-6 vc_col-md-12&#8243;][vc_toggle title=&#8221;\u00bfC\u00f3mo s\u00e9 si necesito un seguro de autom\u00f3vil para empresas?&#8221; css_animation=&#8221;none&#8221;]Determinar la necesidad de un seguro de autom\u00f3vil para empresas implica tener en cuenta varios factores. Si su empresa es propietaria del veh\u00edculo, es probable que necesite esta cobertura. Adem\u00e1s, es crucial investigar las leyes de su estado para garantizar el cumplimiento. Obtenga m\u00e1s informaci\u00f3n sobre c\u00f3mo adquirir el seguro de autom\u00f3vil adecuado para su veh\u00edculo.[\/vc_toggle][vc_toggle title=&#8221;\u00bfEs obligatorio el seguro de autom\u00f3vil para empresas?&#8221;]El seguro de autom\u00f3vil para empresas es obligatorio por ley en todos los estados, excepto en New Hampshire y Virginia. Incluso en los estados donde no existen requisitos legales, los conductores pueden ser considerados responsables de los da\u00f1os.<\/p>\n<p>&lt;br&gt;&lt;br&gt;<\/p>\n<p>Para los veh\u00edculos utilizados pero que no son propiedad de su empresa, como los veh\u00edculos de los empleados o los camiones alquilados, la cobertura puede proporcionarse mediante un seguro de autom\u00f3vil alquilado y no propiedad. Aunque no es obligatorio por ley, las p\u00f3lizas de seguro de autom\u00f3viles personales suelen excluir el uso profesional, por lo que esta cobertura es vital para las empresas que dependen de veh\u00edculos que no son de su propiedad.[\/vc_toggle][vc_toggle title=&#8221;\u00bfQu\u00e9 cubre el seguro de autom\u00f3vil de empresa?&#8221;]El seguro de autom\u00f3vil para empresas ofrece protecci\u00f3n financiera en caso de accidentes en los que se vean implicados veh\u00edculos propiedad de su empresa, cubriendo gastos como facturas m\u00e9dicas, da\u00f1os materiales y honorarios de abogados en caso de pleito.<\/p>\n<p>&lt;br&gt;&lt;br&gt;<\/p>\n<p>Algunas p\u00f3lizas ampl\u00edan la cobertura para incluir la protecci\u00f3n contra el robo del veh\u00edculo, el vandalismo y diversos tipos de da\u00f1os. Tiene la flexibilidad de mejorar su p\u00f3liza a\u00f1adiendo diferentes tipos de cobertura, incluida la cobertura por colisi\u00f3n o a todo riesgo.<\/p>\n<p>&lt;br&gt;&lt;br&gt;<\/p>\n<p>Otra consideraci\u00f3n valiosa es el seguro de protecci\u00f3n contra lesiones personales (PIP), un a\u00f1adido a su p\u00f3liza de autom\u00f3vil comercial que proporciona cobertura de pagos m\u00e9dicos (MedPay) despu\u00e9s de un accidente de coche, independientemente de la culpa. La necesidad de cobertura PIP est\u00e1 sujeta a las leyes estatales.<\/p>\n<p>&lt;br&gt;&lt;br&gt;<\/p>\n<p>Es importante tener en cuenta que la cobertura del seguro de autom\u00f3vil de empresa se aplica espec\u00edficamente a los &#8220;autom\u00f3viles&#8221;, definidos como veh\u00edculos utilizados principalmente para viajar por v\u00edas p\u00fablicas. La maquinaria y los equipos de movimiento de tierras, aunque puedan conducirse y est\u00e9n dise\u00f1ados principalmente para su uso fuera de la carretera, entran en la categor\u00eda de &#8220;equipos m\u00f3viles.&#8221;<\/p>\n<p>&lt;br&gt;&lt;br&gt;<\/p>\n<p>Las empresas que buscan cobertura para este tipo de veh\u00edculos pueden necesitar incluir un endoso de equipo m\u00f3vil en su p\u00f3liza de seguro de autom\u00f3vil.[\/vc_toggle][\/vc_column_inner][vc_column_inner width=&#8221;1\/2&#8243; css=&#8221;.vc_custom_1598624993827{padding-right: 0px !important;padding-left: 0px !important;}&#8221; offset=&#8221;vc_col-lg-6 vc_col-md-12&#8243;][vc_toggle title=&#8221;\u00bfCu\u00e1nto seguro de autom\u00f3vil comercial necesito?&#8221;]La cuant\u00eda del seguro de autom\u00f3vil para empresas que necesita viene determinada por los requisitos m\u00ednimos establecidos por cada estado. Suele incluir niveles espec\u00edficos de cobertura de responsabilidad por lesiones corporales, cobertura de responsabilidad por da\u00f1os materiales y cobertura de motorista no asegurado.<\/p>\n<p>&lt;br&gt;&lt;br&gt;<\/p>\n<p>Usted tiene la opci\u00f3n de adquirir la cobertura m\u00ednima para cumplir con los mandatos estatales o elegir l\u00edmites de cobertura m\u00e1s altos si prefiere la posibilidad de hacer reclamaciones m\u00e1s grandes en su p\u00f3liza.<\/p>\n<p>&lt;br&gt;&lt;br&gt;<\/p>\n<p>Aplicar estrategias como mejorar las pr\u00e1cticas de seguridad y optar por l\u00edmites de cobertura m\u00e1s bajos son formas de reducir potencialmente su prima de autom\u00f3vil comercial. Adem\u00e1s, consultar con un agente de seguros puede ser valioso para abordar los requisitos de seguro de su empresa e identificar p\u00f3lizas de seguro de autom\u00f3vil asequibles.[\/vc_toggle][vc_toggle title=&#8221;\u00bfNecesitan los conductores de veh\u00edculos compartidos y de reparto un seguro de autom\u00f3vil profesional?&#8221; css_animation=&#8221;none&#8221;]Los conductores de veh\u00edculos compartidos y de reparto se enfrentan a riesgos distintos que pueden complicar la b\u00fasqueda de una cobertura adecuada.<\/p>\n<p>&lt;br&gt;&lt;br&gt;<\/p>\n<p>Por ahora, Insureon no ofrece cobertura para este tipo de conducci\u00f3n, a menos que seas empleado de un restaurante, una tienda de comestibles o un negocio similar. En tales casos, el empresario puede optar por contratar un seguro de autom\u00f3vil alquilado y no propio para salvaguardar a los empleados de la responsabilidad civil.<\/p>\n<p>&lt;br&gt;&lt;br&gt;<\/p>\n<p>Para las personas que trabajan como contratistas independientes para empresas de transporte compartido o de reparto, es aconsejable consultar con su agente personal de seguros de autom\u00f3vil para estudiar la posibilidad de ampliar la cobertura.[\/vc_toggle][vc_toggle title=&#8221;\u00bfNecesitan los contratistas independientes un seguro de autom\u00f3vil comercial?&#8221;]<\/p>\n<div class=\"accordionItemTitle_33avN headingOpen_33avN\">\n<div class=\"\"><\/div>\n<\/div>\n<div class=\"accordionItemContainer_33avN padBody_33avN\">\n<div class=\"contain_qlwJP body_UjeLU BodyText list-style\">\n<p>El seguro de autom\u00f3vil comercial para contratistas independientes ofrece protecci\u00f3n en caso de accidente mientras se conduce un veh\u00edculo de empresa.<\/p>\n<p>&lt;br&gt;&lt;br&gt;<\/p>\n<p>Independientemente de la condici\u00f3n de aut\u00f3nomo, todos los estados exigen esta cobertura para los veh\u00edculos registrados a nombre de una empresa o los que pueden indemnizar a alguien en caso de accidente de tr\u00e1fico.<\/p>\n<p>&lt;br&gt;&lt;br&gt;<\/p>\n<p>En el caso de los aut\u00f3nomos, es posible que el seguro de autom\u00f3vil personal no ampl\u00ede la cobertura cuando utilicen su veh\u00edculo para fines profesionales. En estos casos, es aconsejable considerar un seguro de autom\u00f3vil alquilado y no propio (HNOA). Aunque la ley no lo exija, los contratistas independientes pueden optar por esta cobertura para protegerse de posibles demandas.<\/p>\n<\/div>\n<\/div>\n<p>[\/vc_toggle][\/vc_column_inner][\/vc_row_inner][\/vc_column][\/vc_row][vc_row full_width=&#8221;stretch_row_content_no_spaces&#8221; kd_background_image_position=&#8221;vc_row-bg-position-top&#8221;][vc_column css=&#8221;.vc_custom_1597665991208{padding-right: 0px !important;padding-left: 0px !important;}&#8221;][vc_row_inner full_width=&#8221;inner_row_contained&#8221; kd_background_image_position=&#8221;vc_row-bg-position-top&#8221; css=&#8221;.vc_custom_1599477002014{margin-right: 60px !important;margin-left: 60px !important;padding-top: 200px !important;padding-bottom: 200px !important;background-image: url(https:\/\/www.swaytheme.com\/wp-content\/uploads\/sites\/3\/2020\/09\/insurance2.jpg) !important;background-position: center !important;background-repeat: no-repeat !important;background-size: cover !important;border-radius: 50px !important;}&#8221; css_tablet_portrait=&#8221;.vc_custom_1599477002017{margin-right: 0px !important;margin-left: 0px !important;padding-top: 100px !important;padding-bottom: 100px !important;border-radius: 0px !important;}&#8221; css_mobile=&#8221;.vc_custom_1599477002018{margin-right: 0px !important;margin-left: 0px !important;padding-top: 100px !important;padding-bottom: 100px !important;border-radius: 0px !important;}&#8221; css_tablet_landscape=&#8221;.vc_custom_1599477002015{margin-right: 0px !important;margin-left: 0px !important;border-radius: 0px !important;}&#8221;][vc_column_inner css_tablet_portrait=&#8221;.vc_custom_1598614995974{padding-left: 30px !important;}&#8221; css_mobile=&#8221;.vc_custom_1598614995975{padding-left: 15px !important;}&#8221;]<div class=\"kd-shapes shape_dots with-parallax kd-animated fadeIn\" style=\"top: -200px;left: -7%;width: 172px;height: 302px;background-color: #c9cbd0;\" data-parallax-speed=\"-0.1\" data-animation-delay=400><\/div><header class=\"kd-section-title col-lg-12 text-center  subtitle-above-title kd-animated fadeIn   vc_custom_1703729051365\" data-animation-delay=200><h6 class=\"subtitle\" style=\"color: #ffffff;\">Obtenga ahora un presupuesto personalizado de seguro de autom\u00f3vil comercial adaptado a las necesidades de su empresa.<\/h6><h2 class=\"separator_off\" style=\"color: #ffffff;font-size: 42px;\">Seguro de autom\u00f3vil de empresa<\/h2><\/header><a  href=\"https:\/\/freedomges.com\/get-started\/\"  target=\"_self\"  title=\"Comenzar\"  class=\"tt_button tt_primary_button btn_primary_color hover_solid_secondary button-center button-action-link   kd-animated zoomIn\" data-animation-delay=200><span class=\"prim_text\">Declararse<\/span><\/a><div class=\"kd-shapes shape_dots with-parallax kd-animated fadeIn\" style=\"right: -7%;bottom: -320px;width: 340px;height: 173px;background-color: rgba(201,203,208,0.7);\" data-parallax-speed=\"-0.1\" data-animation-delay=400><\/div>[\/vc_column_inner][\/vc_row_inner][\/vc_column][\/vc_row]<\/p>\n<\/div>","protected":false},"excerpt":{"rendered":"<p>[vc_row full_width=&#8221;stretch_row&#8221; kd_background_image_position=&#8221;vc_row-bg-position-top&#8221; kd_bottom_separator_style=&#8221;waves&#8221; kd_bottom_separator_height=&#8221;separator-height-large&#8221; kd_fixed_background=&#8221;true&#8221; kd_bottom_separator=&#8221;true&#8221; css=&#8221;.vc_custom_1703721854906{margin-top: 80px !important;padding-top: 290px !important;padding-bottom: 270px !important;background-image: url(https:\/\/freedomges.com\/wp-content\/uploads\/2023\/12\/Commercial_Vehicle_blue_overlay_@50_opacity.jpeg?id=11383) !important;background-position: center !important;background-repeat: no-repeat !important;background-size: [&hellip;]<\/p>\n","protected":false},"author":9,"featured_media":0,"parent":12700,"menu_order":2,"comment_status":"closed","ping_status":"closed","template":"","meta":{"footnotes":""},"class_list":["post-12727","page","type-page","status-publish","hentry"],"_links":{"self":[{"href":"https:\/\/freedomges.com\/es\/wp-json\/wp\/v2\/pages\/12727","targetHints":{"allow":["GET"]}}],"collection":[{"href":"https:\/\/freedomges.com\/es\/wp-json\/wp\/v2\/pages"}],"about":[{"href":"https:\/\/freedomges.com\/es\/wp-json\/wp\/v2\/types\/page"}],"author":[{"embeddable":true,"href":"https:\/\/freedomges.com\/es\/wp-json\/wp\/v2\/users\/9"}],"replies":[{"embeddable":true,"href":"https:\/\/freedomges.com\/es\/wp-json\/wp\/v2\/comments?post=12727"}],"version-history":[{"count":3,"href":"https:\/\/freedomges.com\/es\/wp-json\/wp\/v2\/pages\/12727\/revisions"}],"predecessor-version":[{"id":12730,"href":"https:\/\/freedomges.com\/es\/wp-json\/wp\/v2\/pages\/12727\/revisions\/12730"}],"up":[{"embeddable":true,"href":"https:\/\/freedomges.com\/es\/wp-json\/wp\/v2\/pages\/12700"}],"wp:attachment":[{"href":"https:\/\/freedomges.com\/es\/wp-json\/wp\/v2\/media?parent=12727"}],"curies":[{"name":"wp","href":"https:\/\/api.w.org\/{rel}","templated":true}]}}