{"id":12851,"date":"2023-12-20T01:00:14","date_gmt":"2023-12-20T01:00:14","guid":{"rendered":"https:\/\/freedomges.com\/inicio\/condiciones-generales\/"},"modified":"2024-01-31T07:09:46","modified_gmt":"2024-01-31T07:09:46","slug":"condiciones-generales","status":"publish","type":"page","link":"https:\/\/freedomges.com\/es\/inicio\/condiciones-generales\/","title":{"rendered":"Condiciones generales"},"content":{"rendered":"<div class=\"wpb-content-wrapper\"><p>[vc_row kd_background_image_position=&#8221;vc_row-bg-position-top&#8221; css=&#8221;.vc_custom_1605811779090{padding-top: 100px !important;}&#8221;][vc_column width=&#8221;2\/3&#8243; css=&#8221;.vc_custom_1607016951846{padding-right: 100px !important;}&#8221; offset=&#8221;vc_col-lg-8 vc_col-md-12 vc_col-xs-12&#8243; css_tablet_landscape=&#8221;.vc_custom_1607016951846{padding-right: 15px !important;}&#8221; css_tablet_portrait=&#8221;.vc_custom_1607016951847{padding-right: 15px !important;}&#8221; css_mobile=&#8221;.vc_custom_1607016951847{padding-right: 15px !important;}&#8221;][vc_row_inner kd_background_image_position=&#8221;vc_row-bg-position-top&#8221;][vc_column_inner offset=&#8221;vc_hidden-lg&#8221;][\/vc_column_inner][\/vc_row_inner][vc_column_text]<\/p>\n<h3>Condiciones de uso<\/h3>\n<p>Al utilizar este sitio web y todos los dem\u00e1s que Freedom GES Multiservices, LLC posee y mantiene, usted acepta los siguientes t\u00e9rminos y condiciones, por lo que le rogamos que los lea detenidamente. Estas condiciones pueden ser revisadas en cualquier momento actualizando este aviso y public\u00e1ndolo en nuestro sitio web. Usted quedar\u00e1 vinculado por dichas revisiones si contin\u00faa utilizando el sitio web despu\u00e9s de que hayamos publicado los cambios; y le sugerimos que visite peri\u00f3dicamente esta p\u00e1gina para revisar los T\u00e9rminos y Condiciones m\u00e1s recientes. Si decide adquirir productos o servicios de seguros de Freedom GES Multiservices, LLC, se aplicar\u00e1n los t\u00e9rminos y condiciones especificados en su p\u00f3liza o acuerdo con Freedom GES Multiservices, LLC. Todas las referencias a &#8220;Freedom GES Multiservices, LLC&#8221; incluyen a Freedom GES Multiservices, LLC y sus filiales enumeradas a continuaci\u00f3n.<\/p>\n<p>&nbsp;<\/p>\n<h3>Restricciones de uso de los materiales<\/h3>\n<p>Este sitio web es propiedad y est\u00e1 gestionado por Freedom GES Multiservices, LLC Insurance Company. A menos que se permita expresamente por escrito por Freedom GES Multiservices, LLC, ning\u00fan material de este sitio web o cualquier sitio web propiedad, operado, licenciado o controlado por Freedom GES Multiservices, LLC puede ser copiado, reproducido, republicado, cargado, publicado, transmitido, hipervinculado o distribuido de ninguna manera. Puede descargar el material que aparece en este sitio web para su uso exclusivo y siempre que no elimine los avisos de derechos de autor y otros avisos de propiedad que contengan los materiales. Queda prohibido distribuir, modificar, transmitir, reutilizar, reenviar, enlazar o utilizar el contenido de este sitio web con fines p\u00fablicos o comerciales, incluidos el texto, las im\u00e1genes, el audio y el v\u00eddeo, sin el permiso por escrito de Freedom GES Multiservices, LLC.<\/p>\n<p>&nbsp;<\/p>\n<h3><strong>Marcas y derechos de autor<\/strong><\/h3>\n<p>Todas las marcas comerciales, marcas de servicio, nombres comerciales, logotipos, iconos y nombres de dominio ubicados en este sitio web son propiedad de Freedom GES Multiservices, LLC y otros. Nada de lo contenido en el sitio web debe interpretarse como una concesi\u00f3n, por implicaci\u00f3n o de otro modo, de cualquier licencia o derecho a utilizar cualquier marca comercial, marca de servicio, nombre comercial, logotipo, icono y nombre de dominio que aparecen en este sitio web sin el permiso escrito de Freedom GES Multiservices, LLC o de un tercero que pueda ser propietario de dichas marcas o nombres que aparecen en este sitio web. Queda estrictamente prohibido el uso de las marcas comerciales, marcas de servicio, nombres comerciales, logotipos, iconos y nombres de dominio que aparecen en este sitio web, as\u00ed como de cualquier otro contenido de este sitio web, salvo lo dispuesto en el presente documento. Las im\u00e1genes que aparecen en este sitio web son propiedad de Freedom GES Multiservices, LLC, o se utilizan con su permiso. Queda prohibida la utilizaci\u00f3n de estas im\u00e1genes por usted, o por cualquier otra persona autorizada por usted, a menos que est\u00e9 espec\u00edficamente permitido. Cualquier uso no autorizado de las im\u00e1genes puede infringir la legislaci\u00f3n sobre derechos de autor, marcas registradas, privacidad y publicidad, as\u00ed como la normativa y los estatutos sobre comunicaciones.<\/p>\n<p>&nbsp;<\/p>\n<h3><strong>Enlaces a otros sitios web<\/strong><\/h3>\n<p>Este sitio web contiene hiperv\u00ednculos a otros sitios web que no son mantenidos ni controlados por Freedom GES Multiservices, LLC. Freedom GES Multiservices, LLC no es responsable del contenido de dichos sitios web. La inclusi\u00f3n de hiperv\u00ednculos a dichos sitios web no implica que Freedom GES Multiservices, LLC apruebe o respalde dichos sitios web, su contenido o sus productos y servicios. Si tiene dificultades para enlazar con alg\u00fan sitio web hipervinculado, necesita informar de un enlace muerto (que no funciona) o se encuentra con alg\u00fan problema t\u00e9cnico del sitio, env\u00edenos un correo electr\u00f3nico a: <a href=\"mailto:marketing@freedomges.com\">marketing@freedomges.com.<\/a> Este correo electr\u00f3nico no debe utilizarse para reclamaciones, presupuestos, servicios, quejas o consultas laborales.<\/p>\n<p>&nbsp;<\/p>\n<h3><strong>Consultas<\/strong><\/h3>\n<ul>\n<li>Para consultas o solicitudes de servicios, llame al: 1-561-877-1373<\/li>\n<li>Para reclamaciones, llame al 1-561-877-1373<\/li>\n<li>Para consultas sobre presupuestos o problemas, llame al: 1-561-877-1373 o visite: <a href=\"https:\/\/www.freedomges.com\/get-a-quote\" target=\"_new\" rel=\"noopener\">https:\/\/www.freedomges.com\/get-started\/<\/a><\/li>\n<li>Para reclamaciones, llame al 1-561-877-1373<\/li>\n<\/ul>\n<h3><\/h3>\n<h3><strong>AVISO LEGAL<\/strong><\/h3>\n<p>La informaci\u00f3n y las descripciones contenidas en nuestro sitio web no pretenden ser descripciones completas de todos los t\u00e9rminos, exclusiones y condiciones aplicables a cada producto o servicio de seguros ofrecido por Freedom GES Multiservices, LLC, sino que se proporcionan &#8220;tal cual&#8221; y con fines informativos generales. Freedom GES Multiservices, LLC no representa ni garantiza que los materiales sean adecuados para sus necesidades, sean completos, oportunos, fiables o est\u00e9n libres de errores, inexactitudes o errores tipogr\u00e1ficos. Freedom GES Multiservices, LLC no garantiza que el sitio web funcione sin errores o est\u00e9 libre de virus, gusanos, troyanos u otros c\u00f3digos destructivos o da\u00f1inos. Freedom GES Multiservices, LLC tampoco asume ninguna responsabilidad y no ser\u00e1 responsable de ning\u00fan da\u00f1o a su equipo inform\u00e1tico u otra propiedad como resultado de su acceso, uso o navegaci\u00f3n en el sitio web o su descarga de cualquier material, datos, texto, im\u00e1genes, v\u00eddeo o audio de este sitio web o que surjan en relaci\u00f3n con cualquier fallo de rendimiento, error, omisi\u00f3n, interrupci\u00f3n, defecto, virus inform\u00e1tico, retraso en la operaci\u00f3n o transmisi\u00f3n, o fallo de l\u00ednea o sistema.<\/p>\n<p><strong>FREEDOM GES MULTISERVICES, LLC RENUNCIA A TODAS LAS GARANT\u00cdAS, EXPRESAS O IMPL\u00cdCITAS, INCLUIDAS, ENTRE OTRAS, LAS GARANT\u00cdAS IMPL\u00cdCITAS DE COMERCIABILIDAD O IDONEIDAD PARA UN FIN DETERMINADO O DE NO INFRACCI\u00d3N.<\/strong><\/p>\n<h3><\/h3>\n<h3><strong>LIMITACI\u00d3N DE RESPONSABILIDAD<\/strong><\/h3>\n<p>En la m\u00e1xima medida prevista por la ley, Freedom GES Multiservices, LLC no ser\u00e1 responsable ante usted por da\u00f1os de ning\u00fan tipo, incluyendo, pero no limitado a, da\u00f1os directos, indirectos, consecuentes, especiales, incidentales, incluyendo sin limitaci\u00f3n, la p\u00e9rdida de beneficios o da\u00f1os resultantes de la p\u00e9rdida de datos o interrupci\u00f3n del negocio, o da\u00f1os punitivos de cualquier tipo que puedan resultar de su uso o imposibilidad de usar este sitio web o los materiales o servicios prestados en este sitio web o los productos o servicios recibidos de este sitio web. Las exenciones de garant\u00edas impl\u00edcitas pueden no estar permitidas en todas las jurisdicciones.<\/p>\n<h3><\/h3>\n<h3><strong>CUESTIONES JURISDICCIONALES<\/strong><\/h3>\n<p>Freedom GES Multiservices, LLC no garantiza que todos los productos y servicios de seguros de este sitio web sean apropiados o est\u00e9n disponibles para su uso en su estado. Algunos productos y servicios de seguros pueden no estar disponibles en todos los estados o jurisdicciones. Si decide acceder a este sitio web, lo hace por iniciativa propia y es responsable del cumplimiento de las leyes locales, estatales y federales. La informaci\u00f3n contenida en este sitio web no constituye una oferta de venta ni una solicitud de compra de ning\u00fan producto o servicio de seguros. No se ofrece ni se vender\u00e1 ning\u00fan producto o servicio de seguros en ninguna jurisdicci\u00f3n en la que dicha oferta o solicitud, compra o venta sea ilegal en virtud de las leyes de seguros u otras leyes de dicha jurisdicci\u00f3n. El uso de este sitio se regir\u00e1 e interpretar\u00e1 de acuerdo con las leyes del estado de Florida.<\/p>\n<p>&nbsp;<\/p>\n<h3><strong>LICENCIAS DE SOFTWARE<\/strong><\/h3>\n<p>Usted reconoce que cualquier software disponible o que se le proporcione en este sitio web puede contener tecnolog\u00eda sujeta a estrictos controles por parte de diversas agencias del Gobierno de los Estados Unidos, de conformidad con las leyes y reglamentos de control de exportaciones de los Estados Unidos. Por la presente, acepta que no transferir\u00e1 ni exportar\u00e1 dicho software desde Estados Unidos (incluido, por ejemplo, el suministro de dicho software a cualquier persona o entidad extranjera en Estados Unidos) ni lo reexportar\u00e1 fuera de Estados Unidos infringiendo las leyes y normativas de exportaci\u00f3n de Estados Unidos. Freedom GES Multiservices, LLC no autoriza la descarga o exportaci\u00f3n de ning\u00fan software o dato t\u00e9cnico de este sitio web a ninguna jurisdicci\u00f3n prohibida por las leyes y reglamentos de control de exportaciones de los Estados Unidos.<\/p>\n<p>&nbsp;<\/p>\n<h3><strong>PRIVACIDAD<\/strong><\/h3>\n<p>Por favor, revise la POL\u00cdTICA DE PRIVACIDAD EN INTERNET de Freedom GES Multiservices, LLC. La POL\u00cdTICA DE PRIVACIDAD EN INTERNET explica qu\u00e9 informaci\u00f3n Freedom GES Multiservices, LLC puede recopilar de usted en nuestro sitio web y c\u00f3mo utilizaremos y protegeremos su informaci\u00f3n. En nuestro sitio web no recopilamos informaci\u00f3n personal identificable a menos que usted nos la proporcione.<\/p>\n<p>&nbsp;<\/p>\n<h3><strong>INFORMACI\u00d3N DE LA EMPRESA<\/strong><\/h3>\n<p>El t\u00e9rmino &#8220;Freedom GES Multiservices, LLC&#8221;, tal como se utiliza en estas Condiciones Generales, significa:<\/p>\n<ul>\n<li><strong>Freedom GES Multiservices, LLC<\/strong> est\u00e1 domiciliada en Florida;<\/li>\n<li><strong>Freedom Insurance Group Of Florida, LLC<\/strong> (National Association of Insurance Commissioners (&#8216;NAIC&#8217;) Insurance Agency Code 524210) est\u00e1 domiciliada en Florida y tiene licencia en Florida;<\/li>\n<\/ul>\n<p>&nbsp;<\/p>\n<p>Freedom GES Multiservices, LLC tiene su domicilio social en 122 N MILITARY TRL SUITE F, WEST PALM BEACH FL 33415. Su direcci\u00f3n postal es 560 VILLAGE BLVD SUITE 120-77 WEST PALM BEACH, FL 33409. Cada compa\u00f1\u00eda aseguradora del grupo Freedom GES Multiservices, LLC es financieramente responsable de sus propios productos de seguro.<\/p>\n<p>Los sitios web de otras subsidiarias y filiales de Freedom GES Multiservices, LLC no enumeradas anteriormente, y que pueden estar hipervinculadas a este sitio web, contienen T\u00e9rminos y Condiciones de Uso y Declaraciones de Privacidad independientes aplicables a dichos sitios web. Pueden revisarse en el sitio web espec\u00edfico de la filial o del afiliado.<\/p>\n<p>&nbsp;<\/p>\n<p>&nbsp;<\/p>\n<p>&nbsp;<\/p>\n<p style=\"text-align: center;\">\u00a92023 Freedom GES Multiservices, LLC,<\/p>\n<p style=\"text-align: center;\">560 VILLAGE BLVD<br \/>\nSUITE 120-77<br \/>\nWEST PALM BEACH, FL 334092116<\/p>\n<h3><\/h3>\n<p>[\/vc_column_text][\/vc_column][vc_column width=&#8221;1\/3&#8243; offset=&#8221;vc_col-lg-4 vc_col-md-12 vc_col-xs-12&#8243;][vc_widget_sidebar sidebar_id=&#8221;page-sidebar&#8221;][\/vc_column][\/vc_row]<\/p>\n<\/div>","protected":false},"excerpt":{"rendered":"<p>[vc_row kd_background_image_position=&#8221;vc_row-bg-position-top&#8221; css=&#8221;.vc_custom_1605811779090{padding-top: 100px !important;}&#8221;][vc_column width=&#8221;2\/3&#8243; css=&#8221;.vc_custom_1607016951846{padding-right: 100px !important;}&#8221; offset=&#8221;vc_col-lg-8 vc_col-md-12 vc_col-xs-12&#8243; css_tablet_landscape=&#8221;.vc_custom_1607016951846{padding-right: 15px !important;}&#8221; css_tablet_portrait=&#8221;.vc_custom_1607016951847{padding-right: 15px !important;}&#8221; css_mobile=&#8221;.vc_custom_1607016951847{padding-right: 15px [&hellip;]<\/p>\n","protected":false},"author":9,"featured_media":12483,"parent":11660,"menu_order":1,"comment_status":"closed","ping_status":"closed","template":"","meta":{"footnotes":""},"class_list":["post-12851","page","type-page","status-publish","has-post-thumbnail","hentry"],"_links":{"self":[{"href":"https:\/\/freedomges.com\/es\/wp-json\/wp\/v2\/pages\/12851","targetHints":{"allow":["GET"]}}],"collection":[{"href":"https:\/\/freedomges.com\/es\/wp-json\/wp\/v2\/pages"}],"about":[{"href":"https:\/\/freedomges.com\/es\/wp-json\/wp\/v2\/types\/page"}],"author":[{"embeddable":true,"href":"https:\/\/freedomges.com\/es\/wp-json\/wp\/v2\/users\/9"}],"replies":[{"embeddable":true,"href":"https:\/\/freedomges.com\/es\/wp-json\/wp\/v2\/comments?post=12851"}],"version-history":[{"count":13,"href":"https:\/\/freedomges.com\/es\/wp-json\/wp\/v2\/pages\/12851\/revisions"}],"predecessor-version":[{"id":12900,"href":"https:\/\/freedomges.com\/es\/wp-json\/wp\/v2\/pages\/12851\/revisions\/12900"}],"up":[{"embeddable":true,"href":"https:\/\/freedomges.com\/es\/wp-json\/wp\/v2\/pages\/11660"}],"wp:featuredmedia":[{"embeddable":true,"href":"https:\/\/freedomges.com\/es\/wp-json\/wp\/v2\/media\/12483"}],"wp:attachment":[{"href":"https:\/\/freedomges.com\/es\/wp-json\/wp\/v2\/media?parent=12851"}],"curies":[{"name":"wp","href":"https:\/\/api.w.org\/{rel}","templated":true}]}}