{"id":12858,"date":"2023-12-20T03:28:53","date_gmt":"2023-12-20T03:28:53","guid":{"rendered":"https:\/\/freedomges.com\/inicio\/condiciones-generales\/politica-de-privacidad\/"},"modified":"2024-01-31T07:04:56","modified_gmt":"2024-01-31T07:04:56","slug":"politica-de-privacidad","status":"publish","type":"page","link":"https:\/\/freedomges.com\/es\/inicio\/condiciones-generales\/politica-de-privacidad\/","title":{"rendered":"Pol\u00edtica de privacidad"},"content":{"rendered":"<div class=\"wpb-content-wrapper\"><p>[vc_row kd_background_image_position=&#8221;vc_row-bg-position-top&#8221; css=&#8221;.vc_custom_1605811779090{padding-top: 100px !important;}&#8221;][vc_column width=&#8221;2\/3&#8243; css=&#8221;.vc_custom_1542980461785{padding-right: 100px !important;}&#8221; offset=&#8221;vc_col-lg-8 vc_col-md-12 vc_col-xs-12&#8243;][vc_row_inner kd_background_image_position=&#8221;vc_row-bg-position-top&#8221;][vc_column_inner offset=&#8221;vc_hidden-lg&#8221;][\/vc_column_inner][\/vc_row_inner][vc_column_text]En Freedom GES Multiservices, LLC, su privacidad es importante para nosotros. Los avisos de privacidad que figuran a continuaci\u00f3n describen los tipos de informaci\u00f3n que recopilamos sobre usted, c\u00f3mo la utilizamos y con qui\u00e9n la compartimos.<\/p>\n<p>Haga clic en los enlaces siguientes para consultar el aviso de privacidad espec\u00edfico que se aplica a su caso.<\/p>\n<p>&nbsp;<\/p>\n<h3>Aviso sobre la pol\u00edtica de privacidad<\/h3>\n<p>Freedom GES Multiservices, LLC le valora como cliente y se toma muy en serio su privacidad personal. Cuando solicita una cotizaci\u00f3n, solicita un seguro o una contabilidad, solicita cambios en su cuenta o presenta una reclamaci\u00f3n, revela informaci\u00f3n sobre s\u00ed mismo o sobre los miembros de su hogar. Este aviso le explica c\u00f3mo tratamos la informaci\u00f3n que recopilamos sobre usted.<\/p>\n<h3><\/h3>\n<h3>1. INFORMACI\u00d3N QUE PODEMOS RECOPILAR<\/h3>\n<p>Recopilamos informaci\u00f3n sobre usted de:<\/p>\n<ul>\n<li>Solicitudes u otros formularios que rellene, e informaci\u00f3n que nos facilite por tel\u00e9fono; Sus relaciones comerciales con nosotros y con otras empresas;<\/li>\n<li>Su empresa o asociaci\u00f3n para los productos Freedom GES Multiservices, LLC;<\/li>\n<li>Agencias de informaci\u00f3n al consumidor, departamentos de veh\u00edculos de motor, servicios de inspecci\u00f3n y proveedores m\u00e9dicos.<\/li>\n<li>Visitas a nuestro sitio web Freedom GES Multiservices, LLC.<\/li>\n<\/ul>\n<p><strong>2. TIPOS DE INFORMACI\u00d3N QUE PODEMOS REVELAR  <\/strong><\/p>\n<p>Podemos revelar la siguiente informaci\u00f3n sobre usted:<\/p>\n<ul>\n<li>Informaci\u00f3n de su solicitud u otros formularios, como su nombre, fecha de nacimiento, direcci\u00f3n, n\u00famero de la seguridad social, veh\u00edculo e informaci\u00f3n del conductor;<\/li>\n<li>Informaci\u00f3n sobre sus transacciones con nosotros, nuestras filiales u otros, como sus coberturas de seguro, historial de pagos y determinada informaci\u00f3n sobre reclamaciones;<\/li>\n<li>e Informaci\u00f3n que recibimos de terceros, como los registros de su veh\u00edculo de motor y el historial de reclamaciones.<\/li>\n<\/ul>\n<p><strong>3. A QUI\u00c9N PUEDE DIVULGARSE LA INFORMACI\u00d3N<\/strong><\/p>\n<p>No revelamos informaci\u00f3n personal sobre usted a nadie a menos que lo permita la ley. La ley nos permite facilitar informaci\u00f3n a:<\/p>\n<ul>\n<li>Un tercero que realiza servicios para nosotros, como investigaciones de siniestros, reconocimientos m\u00e9dicos, inspecciones y tasaciones, o para la asistencia en carretera o la reparaci\u00f3n de su veh\u00edculo si tiene un siniestro;<\/li>\n<li>Nuestras compa\u00f1\u00edas afiliadas y reaseguradoras; Reguladores de seguros y agencias de informaci\u00f3n; Agencias de informaci\u00f3n al consumidor para obtener informaci\u00f3n sobre el historial de siniestros, informes sobre veh\u00edculos de motor o informaci\u00f3n sobre informes de cr\u00e9dito cuando lo permita la ley;<\/li>\n<li>Departamentos estatales de veh\u00edculos de motor para obtener un informe de cualquier accidente o condena o para confirmar que cumple las leyes de seguro obligatorio de responsabilidad civil de veh\u00edculos de motor;<\/li>\n<li>Fuerzas y cuerpos de seguridad u otras autoridades gubernamentales para denunciar presuntas actividades ilegales;<\/li>\n<li>Persona u organizaci\u00f3n que realiza estudios actuariales o de investigaci\u00f3n sobre seguros;<\/li>\n<li>Empresas que prestan servicios de marketing en nuestro nombre, o como parte de un acuerdo de marketing conjunto con bancos, cooperativas de cr\u00e9dito y socios afines, o proveedores de productos y servicios financieros y de rentas vitalicias ofrecidos a trav\u00e9s de nosotros a nuestros clientes; y<\/li>\n<li>Si la ley lo permite.<\/li>\n<\/ul>\n<p><strong>4. C\u00d3MO PROTEGEMOS LA INFORMACI\u00d3N<\/strong><\/p>\n<p>Mantenemos medidas de seguridad f\u00edsicas, electr\u00f3nicas y de procedimiento para proteger su informaci\u00f3n personal no p\u00fablica. Estas salvaguardias cumplen la legislaci\u00f3n aplicable. Conservamos su informaci\u00f3n durante el tiempo que exija la ley o la normativa. Los \u00fanicos empleados o agentes que tienen acceso a su informaci\u00f3n son aquellos que deben tenerla para proporcionarle productos o servicios. No vendemos su informaci\u00f3n a empresas de marketing masivo o telemarketing. Toda la informaci\u00f3n que compartimos con terceros, como las organizaciones que nos prestan un servicio o comercializan nuestros productos, est\u00e1 sujeta a las protecciones de confidencialidad adecuadas y s\u00f3lo puede utilizarse para los fines previstos.<\/p>\n<p>*Este aviso de privacidad se proporciona en nombre de Freedom GES Multiservices, LLC, Freedom Insurance Group of Florida, LLC, y sus afiliados.<\/p>\n<p>&nbsp;<\/p>\n<p>&nbsp;<\/p>\n<p style=\"text-align: center;\">\u00a92023 Freedom GES Multiservices, LLC,<\/p>\n<p style=\"text-align: center;\">560 VILLAGE BLVD<br \/>\nSUITE 120-77<br \/>\nWEST PALM BEACH, FL 334092116<\/p>\n<p>[\/vc_column_text][\/vc_column][vc_column width=&#8221;1\/3&#8243; offset=&#8221;vc_col-lg-4 vc_col-md-12 vc_col-xs-12&#8243;][vc_widget_sidebar sidebar_id=&#8221;page-sidebar&#8221;][\/vc_column][\/vc_row]<\/p>\n<\/div>","protected":false},"excerpt":{"rendered":"<p>[vc_row kd_background_image_position=&#8221;vc_row-bg-position-top&#8221; css=&#8221;.vc_custom_1605811779090{padding-top: 100px !important;}&#8221;][vc_column width=&#8221;2\/3&#8243; css=&#8221;.vc_custom_1542980461785{padding-right: 100px !important;}&#8221; offset=&#8221;vc_col-lg-8 vc_col-md-12 vc_col-xs-12&#8243;][vc_row_inner kd_background_image_position=&#8221;vc_row-bg-position-top&#8221;][vc_column_inner offset=&#8221;vc_hidden-lg&#8221;][\/vc_column_inner][\/vc_row_inner][vc_column_text]En Freedom GES Multiservices, LLC, su privacidad [&hellip;]<\/p>\n","protected":false},"author":9,"featured_media":0,"parent":12851,"menu_order":2,"comment_status":"closed","ping_status":"closed","template":"","meta":{"footnotes":""},"class_list":["post-12858","page","type-page","status-publish","hentry"],"_links":{"self":[{"href":"https:\/\/freedomges.com\/es\/wp-json\/wp\/v2\/pages\/12858","targetHints":{"allow":["GET"]}}],"collection":[{"href":"https:\/\/freedomges.com\/es\/wp-json\/wp\/v2\/pages"}],"about":[{"href":"https:\/\/freedomges.com\/es\/wp-json\/wp\/v2\/types\/page"}],"author":[{"embeddable":true,"href":"https:\/\/freedomges.com\/es\/wp-json\/wp\/v2\/users\/9"}],"replies":[{"embeddable":true,"href":"https:\/\/freedomges.com\/es\/wp-json\/wp\/v2\/comments?post=12858"}],"version-history":[{"count":11,"href":"https:\/\/freedomges.com\/es\/wp-json\/wp\/v2\/pages\/12858\/revisions"}],"predecessor-version":[{"id":12892,"href":"https:\/\/freedomges.com\/es\/wp-json\/wp\/v2\/pages\/12858\/revisions\/12892"}],"up":[{"embeddable":true,"href":"https:\/\/freedomges.com\/es\/wp-json\/wp\/v2\/pages\/12851"}],"wp:attachment":[{"href":"https:\/\/freedomges.com\/es\/wp-json\/wp\/v2\/media?parent=12858"}],"curies":[{"name":"wp","href":"https:\/\/api.w.org\/{rel}","templated":true}]}}