{"id":13041,"date":"2024-02-26T20:19:42","date_gmt":"2024-02-26T20:19:42","guid":{"rendered":"https:\/\/freedomges.com\/quienes-somos\/"},"modified":"2024-02-27T00:33:15","modified_gmt":"2024-02-27T00:33:15","slug":"quienes-somos","status":"publish","type":"page","link":"https:\/\/freedomges.com\/es\/quienes-somos\/","title":{"rendered":"Qui\u00e9nes somos"},"content":{"rendered":"<div class=\"wpb-content-wrapper\"><p>[vc_row full_width=&#8221;stretch_row&#8221; kd_background_image_position=&#8221;vc_row-bg-position-top&#8221; kd_bottom_separator_style=&#8221;waves&#8221; kd_bottom_separator_height=&#8221;separator-height-large&#8221; kd_fixed_background=&#8221;true&#8221; kd_bottom_separator=&#8221;true&#8221; css=&#8221;.vc_custom_1708993561656{margin-top: 80px !important;padding-top: 290px !important;padding-bottom: 270px !important;background-image: url(https:\/\/freedomges.com\/wp-content\/uploads\/2024\/02\/Team-Members-1.jpg?id=13050) !important;background-position: center !important;background-repeat: no-repeat !important;background-size: cover !important;}&#8221; el_class=&#8221;intro-section&#8221; css_mobile=&#8221;.vc_custom_1708993561662{margin-top: 0px !important;padding-top: 100px !important;padding-bottom: 150px !important;}&#8221; css_tablet_portrait=&#8221;.vc_custom_1708993561660{margin-top: 0px !important;padding-top: 200px !important;padding-bottom: 250px !important;}&#8221;][vc_column][vc_row_inner kd_background_image_position=&#8221;vc_row-bg-position-top&#8221;][vc_column_inner]<header class=\"kd-section-title col-lg-12 text-center  subtitle-below-title kd-animated fadeIn   vc_custom_1708979208353\" data-animation-delay=200><h1 class=\"separator_off\" style=\"color: #ffffff;font-size: 72px;line-height: 80px;margin-bottom:30px;\">Qui\u00e9nes somos<\/h1><h6 class=\"subtitle\" style=\"color: #ffffff;\">Freedom GES es una empresa de servicios financieros dedicada a ofrecer soluciones financieras integrales&lt;br&gt;<br \/>\nque permiten a particulares y empresas alcanzar sus objetivos financieros y salvaguardar su futuro.<\/h6><\/header>[\/vc_column_inner][\/vc_row_inner][vc_row_inner kd_background_image_position=&#8221;vc_row-bg-position-top&#8221;][vc_column_inner width=&#8221;1\/4&#8243;][\/vc_column_inner][vc_column_inner width=&#8221;1\/2&#8243; css=&#8221;.vc_custom_1600777457771{padding-right: 65px !important;padding-left: 65px !important;}&#8221; css_tablet_landscape=&#8221;.vc_custom_1600777457772{padding-right: 0px !important;padding-left: 0px !important;}&#8221; css_tablet_portrait=&#8221;.vc_custom_1600777457772{padding-right: 0px !important;padding-left: 0px !important;}&#8221; css_mobile=&#8221;.vc_custom_1600777457773{padding-right: 0px !important;padding-left: 0px !important;}&#8221;]<a  href=\"https:\/\/freedomges.com\/es\/comenzar\/\"  target=\"_self\"  title=\"Comenzar\"  class=\"tt_button tt_primary_button btn_primary_color hover_solid_white button-center button-action-link   kd-animated zoomIn\" data-animation-delay=200><span class=\"prim_text\">Comenzar<\/span><\/a><div class=\"scroll-down-wrapper sd-align-center kd-animated fadeInUp  vc_custom_1708989398974\" data-animation-delay=200><a href=\"#mission\" class=\"scroll-down-arrow btn-smooth-scroll\" style=\"background-color: #ffffff;\" aria-label=\"Scroll down\"><\/a><\/div>[\/vc_column_inner][vc_column_inner width=&#8221;1\/4&#8243;][\/vc_column_inner][\/vc_row_inner][\/vc_column][\/vc_row][vc_row full_width=&#8221;stretch_row&#8221; kd_background_image_position=&#8221;vc_row-bg-position-top&#8221;][vc_column][vc_row_inner kd_background_image_position=&#8221;vc_row-bg-position-top&#8221; css=&#8221;.vc_custom_1708989382459{padding-top: 100px !important;padding-bottom: 130px !important;}&#8221; css_tablet_portrait=&#8221;.vc_custom_1708989382461{padding-top: 100px !important;}&#8221; css_mobile=&#8221;.vc_custom_1708989382463{padding-top: 100px !important;}&#8221; el_id=&#8221;mission&#8221;][vc_column_inner css=&#8221;.vc_custom_1598626887631{padding-right: 30px !important;padding-left: 0px !important;}&#8221; offset=&#8221;vc_col-lg-offset-0 vc_col-lg-6 vc_col-md-offset-0 vc_col-sm-offset-0&#8243; css_tablet_portrait=&#8221;.vc_custom_1598626887632{padding-right: 0px !important;}&#8221; css_mobile=&#8221;.vc_custom_1598626887633{padding-right: 0px !important;}&#8221;]<div class=\"kd-photo-group group-layout-left-right large-shadow enable-parallax\">\n                <div class=\"kd-group-image first-image-wrapper\"><div class=\"kd-group-image-animation kd-animated fadeInDown\" data-animation-delay=200><img loading=\"lazy\" decoding=\"async\" class=\"photo-group-img\" src=\"https:\/\/www.swaytheme.com\/wp-content\/uploads\/sites\/3\/2020\/08\/business-6.jpg\" alt=\"\" loading=\"lazy\" width=\"370\" height=\"430\" \/><\/div><\/div>\n                <div class=\"kd-group-image second-image-wrapper\" style=\"bottom: -15%;\"><div class=\"kd-group-image-animation kd-animated fadeInUp\" data-animation-delay=200><img loading=\"lazy\" decoding=\"async\" class=\"photo-group-img\" src=\"https:\/\/www.swaytheme.com\/wp-content\/uploads\/sites\/3\/2020\/08\/business-5.jpg\" alt=\"\" loading=\"lazy\" width=\"400\" height=\"500\" \/><\/div><\/div>\n            <\/div><div class=\"kd-shapes shape_dots with-parallax kd-animated zoomIn\" style=\"right: -45px;bottom: -160px;width: 340px;height: 173px;\" data-parallax-speed=\"-0.05\" data-animation-delay=400><\/div>[\/vc_column_inner][vc_column_inner css=&#8221;.vc_custom_1598629364542{padding-top: 30px !important;padding-right: 50px !important;padding-left: 100px !important;}&#8221; offset=&#8221;vc_col-lg-6&#8243; css_tablet_portrait=&#8221;.vc_custom_1598629364544{padding-top: 100px !important;padding-right: 15px !important;padding-left: 15px !important;}&#8221; css_mobile=&#8221;.vc_custom_1598629364545{padding-top: 100px !important;padding-right: 15px !important;padding-left: 15px !important;}&#8221; css_tablet_landscape=&#8221;.vc_custom_1598629364543{padding-top: 100px !important;padding-right: 10px !important;padding-left: 15px !important;}&#8221;]<header class=\"kd-section-title col-lg-12 text-left  subtitle-below-title kd-animated fadeIn   vc_custom_1708988879075\" data-animation-delay=200><h2 class=\"separator_off\" style=\"margin-bottom:30px;\">Nuestra misi\u00f3n, visi\u00f3n y valores<\/h2><h6 class=\"subtitle\" >Estamos orgullosos de haber ayudado a m\u00e1s de 1.000 particulares y empresas.<\/h6><\/header><div class=\"key-icon-box icon-default icon-left cont-left ib-no-effect     icon-no-background icon-no-border kd-animated fadeIn\" style=\"background-color: transparent;margin-bottom:40px;\" data-animation-delay=200><div class=\"ib-simple-icon-wrapper\" ><i class=\"iconsmind-Target iconsmind-Seo-Icons\" style=\"font-size: 25px;font-weight: 700;\"><\/i> <\/div><h6 class=\"service-heading\" >Nuestra misi\u00f3n<\/h6><p style=\"font-size: 18px;\">Nuestra misi\u00f3n es ser su gu\u00eda en el camino hacia la consecuci\u00f3n de sus objetivos financieros y salvaguardar su futuro.<\/p><\/div><div class=\"key-icon-box icon-default icon-left cont-left ib-no-effect     icon-no-background icon-no-border kd-animated fadeIn\" style=\"background-color: transparent;margin-bottom:40px;\" data-animation-delay=200><div class=\"ib-simple-icon-wrapper\" ><i class=\"iconsmind-Eye-Scan iconsmind-Security\" style=\"font-size: 25px;font-weight: 700;\"><\/i> <\/div><h6 class=\"service-heading\" >Nuestra visi\u00f3n<\/h6><p style=\"font-size: 18px;\">Ser el proveedor l\u00edder de servicios financieros integrados, conocido por nuestra experiencia, integridad y compromiso con el \u00e9xito de nuestros clientes.<\/p><\/div><div class=\"key-icon-box icon-default icon-left cont-left ib-no-effect     icon-no-background icon-no-border kd-animated fadeIn\" style=\"background-color: transparent;\" data-animation-delay=200><div class=\"ib-simple-icon-wrapper\" ><i class=\"iconsmind-People-onCloud iconsmind-Cloud-Class\" style=\"font-size: 25px;font-weight: 700;\"><\/i> <\/div><h6 class=\"service-heading\" >Nuestros valores<\/h6><p style=\"font-size: 18px;\">Con un equipo de profesionales experimentados y un compromiso con la excelencia, ofrecemos una gama completa de servicios financieros esenciales bajo un mismo techo, lo que le permite centrarse en lo que mejor sabe hacer.<\/p><\/div>[\/vc_column_inner][\/vc_row_inner][\/vc_column][\/vc_row][vc_row full_width=&#8221;stretch_row&#8221; kd_background_image_position=&#8221;vc_row-bg-position-top&#8221;][vc_column]<header class=\"kd-section-title vc_col-lg-6 vc_col-sm-8 text-center  subtitle-below-title kd-animated fadeIn   vc_custom_1699108604439\" data-animation-delay=200><h2 class=\"separator_off\" >Conoce a nuestra gente<\/h2><h6 class=\"subtitle\" >Si quieres el mejor cuidado posible para tu amigo de cuatro patas,&lt;br&gt;<br \/>\nnuestros profesionales certificados est\u00e1n aqu\u00ed para ayudarle<\/h6><\/header>[vc_row_inner kd_background_image_position=&#8221;vc_row-bg-position-top&#8221; css=&#8221;.vc_custom_1701039691088{padding-top: 20px !important;padding-bottom: 80px !important;}&#8221;][vc_column_inner css=&#8221;.vc_custom_1598446334119{padding-right: 0px !important;padding-left: 0px !important;}&#8221;]\r\n                <div class=\"team-carousel tc-parent four-elem-team kd-teamc-69ea10b88c79a black-navigation loop_on\">\r\n                    <div class=\"tc-content\" data-vc-items=\"4\"><div class=\"team-member design-creative  kd-animated zoomIn\" >\r\n                    <div class=\"team-content\" >\r\n                        <div class=\"team-image\"><img decoding=\"async\" src=\"https:\/\/freedomges.com\/wp-content\/uploads\/2022\/06\/42263aab04c9026423ca9005aa6c6f00_252x252.jpg\" alt=\"\"  \/><div class=\"team-content-hover\">\r\n                        <h4 >Elizabeth Simeon<\/h4>\r\n                        <p class=\"team-subtitle\" >Asesor contable y fiscal<\/p><div class=\"team-socials\"><\/div>\r\n                    <\/div><\/div>\r\n                    <\/div>\r\n                <\/div><div class=\"team-member design-creative  kd-animated zoomIn\" data-animation-delay=200>\r\n                    <div class=\"team-content\" >\r\n                        <div class=\"team-image\"><img decoding=\"async\" src=\"https:\/\/freedomges.com\/wp-content\/uploads\/2022\/06\/93cfd05bd7d72da83037d3cb36f3b536_250x261.jpg\" alt=\"\"  \/><div class=\"team-content-hover\">\r\n                        <h4 >C\u00e9sar D\u00edaz<\/h4>\r\n                        <p class=\"team-subtitle\" >Especialista en seguros<\/p><div class=\"team-socials\"><\/div>\r\n                    <\/div><\/div>\r\n                    <\/div>\r\n                <\/div><div class=\"team-member design-creative  kd-animated zoomIn\" data-animation-delay=400>\r\n                    <div class=\"team-content\" >\r\n                        <div class=\"team-image\"><img fetchpriority=\"high\" decoding=\"async\" width=\"250\" height=\"261\" src=\"https:\/\/freedomges.com\/wp-content\/uploads\/2023\/11\/93cfd05bd7d72da83037d3cb36f3b536_250x261.png\" class=\"attachment-full\" alt=\"\" title=\"93cfd05bd7d72da83037d3cb36f3b536_250x261\" \/><div class=\"team-content-hover\">\r\n                        <h4 >Miriam V\u00e1squez<\/h4>\r\n                        <p class=\"team-subtitle\" >Especialista en seguros<\/p><div class=\"team-socials\"><\/div>\r\n                    <\/div><\/div>\r\n                    <\/div>\r\n                <\/div><div class=\"team-member design-creative  kd-animated zoomIn\" data-animation-delay=600>\r\n                    <div class=\"team-content\" >\r\n                        <div class=\"team-image\"><img fetchpriority=\"high\" decoding=\"async\" width=\"250\" height=\"261\" src=\"https:\/\/freedomges.com\/wp-content\/uploads\/2023\/11\/93cfd05bd7d72da83037d3cb36f3b536_250x261.png\" class=\"attachment-full\" alt=\"\" title=\"93cfd05bd7d72da83037d3cb36f3b536_250x261\" \/><div class=\"team-content-hover\">\r\n                        <h4 >Elsy M Ram\u00edrez Casta\u00f1eda<\/h4>\r\n                        <p class=\"team-subtitle\" >Especialista en seguros<\/p><div class=\"team-socials\"><\/div>\r\n                    <\/div><\/div>\r\n                    <\/div>\r\n                <\/div><div class=\"team-member design-creative\" >\r\n                    <div class=\"team-content\" >\r\n                        <div class=\"team-image\"><img fetchpriority=\"high\" decoding=\"async\" width=\"250\" height=\"261\" src=\"https:\/\/freedomges.com\/wp-content\/uploads\/2023\/11\/93cfd05bd7d72da83037d3cb36f3b536_250x261.png\" class=\"attachment-full\" alt=\"\" title=\"93cfd05bd7d72da83037d3cb36f3b536_250x261\" \/><div class=\"team-content-hover\">\r\n                        <h4 >Ver\u00f3nica Romero Lea<\/h4>\r\n                        <p class=\"team-subtitle\" >Contabilidad y n\u00f3minas<\/p><div class=\"team-socials\"><\/div>\r\n                    <\/div><\/div>\r\n                    <\/div>\r\n                <\/div><\/div>\r\n                <\/div><script>\r\n                  jQuery(document).ready(function($){\r\n                    if ($(\".team-carousel.kd-teamc-69ea10b88c79a .tc-content\").length) {\r\n                      $(\".team-carousel.kd-teamc-69ea10b88c79a .tc-content\").owlCarousel({\r\n                        stageClass: \"owl-wrapper\",\r\n                        stageOuterClass: \"owl-wrapper-outer\",\r\n                        loadedClass: \"owl-carousel\",\r\n                        responsive:{\r\n                            0:{\r\n                                items:1,\r\n                            },\r\n                            768:{\r\n                                items:2,\r\n                            },\r\n                            1199:{\r\n                                items:3,\r\n                            },\r\n                            1366:{\r\n                                items: 4,\r\n                            }\r\n                        },\r\n                        slideBy: 1,\r\n                        nav: true,\r\n                        navSpeed: 500,\r\n                        dots: false,loop: true,\r\n                        addClassActive: true,\r\n                      });\r\n                    }\r\n                  });\r\n          \t\t\t<\/script>[\/vc_column_inner][\/vc_row_inner][\/vc_column][\/vc_row][vc_row full_width=&#8221;stretch_row_content&#8221; kd_background_image_position=&#8221;vc_row-bg-position-top&#8221; el_class=&#8221;overflow-fix&#8221; css=&#8221;.vc_custom_1699112359526{border-bottom-width: 100px !important;padding-bottom: 100px !important;}&#8221;][vc_column css_tablet_portrait=&#8221;.vc_custom_1598609688950{padding-right: 0px !important;padding-left: 0px !important;}&#8221; css_mobile=&#8221;.vc_custom_1598609688951{padding-right: 0px !important;padding-left: 0px !important;}&#8221;][vc_row_inner full_width=&#8221;inner_row_contained&#8221; kd_background_image_position=&#8221;vc_row-bg-position-top&#8221; kd_background_overlay=&#8221;true&#8221; css=&#8221;.vc_custom_1598631093946{margin-right: 45px !important;margin-left: 45px !important;padding-top: 100px !important;padding-bottom: 0px !important;border-radius: 50px !important;}&#8221; css_tablet_portrait=&#8221;.vc_custom_1598631093947{margin-right: 0px !important;margin-left: 0px !important;padding-bottom: 100px !important;border-radius: 0px !important;}&#8221; css_mobile=&#8221;.vc_custom_1598631093947{margin-right: 0px !important;margin-left: 0px !important;padding-bottom: 100px !important;border-radius: 0px !important;}&#8221; css_tablet_landscape=&#8221;.vc_custom_1598631093946{margin-right: 0px !important;margin-left: 0px !important;padding-bottom: 100px !important;}&#8221;][vc_column_inner width=&#8221;1\/4&#8243; css=&#8221;.vc_custom_1598612879768{padding-top: 190px !important;}&#8221; css_tablet_portrait=&#8221;.vc_custom_1598612879769{padding-top: 150px !important;}&#8221; css_mobile=&#8221;.vc_custom_1598612879770{padding-top: 0px !important;}&#8221; offset=&#8221;vc_col-lg-3 vc_col-md-6 vc_col-xs-12&#8243;]<div class=\"key-icon-box icon-default icon-top cont-left ib-hover-1 with-shadow    icon-with-background icon-no-border kd-animated fadeInUp\" style=\"background-color: transparent;\" data-animation-delay=200><div class=\"ib-wrapper\" style=\"padding-top:40px;padding-bottom:40px;padding-left:35px;padding-right:35px;\"><div class=\"ib-icon-wrapper\" style=\"background-color: #e0f0fd;width:70px;height:70px;margin-bottom:30px;\"><i class=\"iconsmind-Financial iconsmind-Business-Finance\" style=\"color: #377ef9;font-size: 30px;font-weight: 400;\"><\/i> <\/div><h4 class=\"service-heading\" >Contabilidad<\/h4><p >Nuestros experimentados profesionales ofrecen un conjunto completo de servicios financieros para garantizar la salud financiera de su empresa.<\/p><p class=\"ib-link \"><a href=\"https:\/\/freedomges.com\/home\/accounting-services\/\" target=\"_self\" >M\u00e1s informaci\u00f3n<\/a><\/p><\/div><\/div><div class=\"kd-shapes shape_dots with-parallax kd-animated zoomIn\" style=\"bottom: 60px;left: -100px;width: 340px;height: 173px;\" data-parallax-speed=\"0.1\" data-animation-delay=400><\/div>[\/vc_column_inner][vc_column_inner width=&#8221;1\/4&#8243; css=&#8221;.vc_custom_1598612823705{margin-bottom: -100px !important;}&#8221; css_tablet_portrait=&#8221;.vc_custom_1598612823706{margin-bottom: 0px !important;}&#8221; css_mobile=&#8221;.vc_custom_1598612823707{margin-bottom: 0px !important;}&#8221; offset=&#8221;vc_col-lg-3 vc_col-md-6 vc_col-xs-12&#8243;]<div class=\"kd-shapes shape_dots with-parallax kd-animated zoomIn\" style=\"top: -60px;right: -45px;width: 172px;height: 173px;\" data-parallax-speed=\"0.1\" data-animation-delay=400><\/div><div class=\"key-icon-box icon-default icon-top cont-left ib-hover-1 with-shadow    icon-with-background icon-no-border kd-animated fadeInDown\" style=\"background-color: transparent;margin-bottom:30px;\" data-animation-delay=200><div class=\"ib-wrapper\" style=\"padding-top:40px;padding-bottom:40px;padding-left:35px;padding-right:35px;\"><div class=\"ib-icon-wrapper\" style=\"background-color: #e0f0fd;width:70px;height:70px;margin-bottom:30px;\"><i class=\"iconsmind-Wallet-2 iconsmind-Business-Finance\" style=\"color: #377ef9;font-size: 30px;font-weight: 400;\"><\/i> <\/div><h4 class=\"service-heading\" >Impuestos<\/h4><p >Nos especializamos en la preparaci\u00f3n del impuesto sobre la renta de las personas f\u00edsicas y de las empresas.<\/p><p class=\"ib-link \"><a href=\"https:\/\/freedomges.com\/es\/inicio\/impuestos\/\" target=\"_self\" >M\u00e1s informaci\u00f3n<\/a><\/p><\/div><\/div><div class=\"key-icon-box icon-default icon-top cont-left ib-hover-1 with-shadow    icon-with-background icon-no-border kd-animated fadeInUp\" style=\"background-color: transparent;\" data-animation-delay=200><div class=\"ib-wrapper\" style=\"padding-top:40px;padding-bottom:40px;padding-left:35px;padding-right:35px;\"><div class=\"ib-icon-wrapper\" style=\"background-color: #e0f0fd;width:70px;height:70px;margin-bottom:30px;\"><i class=\"iconsmind-Globe iconsmind-Maps-Locations\" style=\"color: #377ef9;font-size: 30px;font-weight: 400;\"><\/i> <\/div><h4 class=\"service-heading\" >Seguros<\/h4><p >Proteger lo que m\u00e1s le importa es nuestra prioridad.<\/p><p class=\"ib-link \"><a href=\"https:\/\/freedomges.com\/es\/inicio\/seguros\/\" target=\"_self\" >M\u00e1s informaci\u00f3n<\/a><\/p><\/div><\/div>[\/vc_column_inner][vc_column_inner width=&#8221;1\/2&#8243; css=&#8221;.vc_custom_1598631117964{padding-top: 100px !important;padding-left: 115px !important;}&#8221; css_tablet_portrait=&#8221;.vc_custom_1598631117965{padding-top: 50px !important;padding-left: 15px !important;}&#8221; css_mobile=&#8221;.vc_custom_1598631117966{padding-top: 50px !important;padding-left: 15px !important;}&#8221; offset=&#8221;vc_col-lg-6 vc_col-md-12 vc_col-xs-12&#8243; css_tablet_landscape=&#8221;.vc_custom_1598631117965{padding-top: 100px !important;padding-left: 15px !important;}&#8221;]<header class=\"kd-section-title col-lg-12 text-left  subtitle-below-title kd-animated fadeIn   vc_custom_1699105688831\" data-animation-delay=200><h2 class=\"separator_off\" style=\"margin-bottom:30px;\">Explore nuestros completos servicios financieros<\/h2><h6 class=\"subtitle\" >El \u00e9xito financiero empieza por una planificaci\u00f3n adecuada, una contabilidad diligente y una cobertura de seguros meditada. Nos comprometemos a proporcionar los pilares esenciales de la estabilidad y la seguridad financieras.<\/h6><\/header><a  href=\"https:\/\/freedomges.com\/es\/comenzar\/\"  target=\"_self\"  title=\"Comenzar\"  class=\"tt_button tt_primary_button btn_primary_color  btn-align-left button-action-link icon_right  kd-animated zoomIn\" data-animation-delay=200><span class=\"prim_text\">Comenzar<\/span><span class=\"fas fa-chevron-right iconita\" ><\/span><\/a>[\/vc_column_inner][\/vc_row_inner][\/vc_column][\/vc_row][vc_row full_width=&#8221;stretch_row&#8221; kd_background_image_position=&#8221;vc_row-bg-position-top&#8221; css=&#8221;.vc_custom_1708989207777{margin-top: 80px !important;}&#8221;][vc_column]<header class=\"kd-section-title vc_col-lg-6 vc_col-sm-8 text-center solid-line sep-border-width-2  subtitle-below-title kd-animated fadeIn   vc_custom_1703744773950\" data-animation-delay=200><h2 class=\"separator_on\" >Vea por qu\u00e9 a nuestros clientes les encanta trabajar con nosotros.<\/h2><div class=\"kd-separator below_title\" ><div class=\"kd-separator-line\" ><\/div><\/div><\/header>[vc_raw_html]PHNjcmlwdCB0eXBlPSJ0ZXh0L2phdmFzY3JpcHQiIHNyYz0iaHR0cHM6Ly9hcGkubGVhZGNvbm5lY3RvcmhxLmNvbS9qcy9yZXZpZXdzX3dpZGdldC5qcyI+PC9zY3JpcHQ+PGlmcmFtZSBjbGFzcz0ibGNfcmV2aWV3c193aWRnZXQiIHNyYz0iaHR0cHM6Ly9zZXJ2aWNlcy5sZWFkY29ubmVjdG9yaHEuY29tL3JlcHV0YXRpb24vd2lkZ2V0cy9yZXZpZXdfd2lkZ2V0L0xleDNWV096UFZUT09wSkc1YThyIiBmcmFtZWJvcmRlcj0iMCIgc2Nyb2xsaW5nPSJubyIgc3R5bGU9Im1pbi13aWR0aDogMTAwJTt3aWR0aDogMTAwJTsiPjwvaWZyYW1lPg==[\/vc_raw_html][\/vc_column][\/vc_row]<\/p>\n<\/div>","protected":false},"excerpt":{"rendered":"<p>[vc_row full_width=&#8221;stretch_row&#8221; kd_background_image_position=&#8221;vc_row-bg-position-top&#8221; kd_bottom_separator_style=&#8221;waves&#8221; kd_bottom_separator_height=&#8221;separator-height-large&#8221; kd_fixed_background=&#8221;true&#8221; kd_bottom_separator=&#8221;true&#8221; css=&#8221;.vc_custom_1708993561656{margin-top: 80px !important;padding-top: 290px !important;padding-bottom: 270px !important;background-image: url(https:\/\/freedomges.com\/wp-content\/uploads\/2024\/02\/Team-Members-1.jpg?id=13050) !important;background-position: center !important;background-repeat: no-repeat !important;background-size: [&hellip;]<\/p>\n","protected":false},"author":9,"featured_media":0,"parent":0,"menu_order":0,"comment_status":"closed","ping_status":"closed","template":"","meta":{"footnotes":""},"class_list":["post-13041","page","type-page","status-publish","hentry"],"_links":{"self":[{"href":"https:\/\/freedomges.com\/es\/wp-json\/wp\/v2\/pages\/13041","targetHints":{"allow":["GET"]}}],"collection":[{"href":"https:\/\/freedomges.com\/es\/wp-json\/wp\/v2\/pages"}],"about":[{"href":"https:\/\/freedomges.com\/es\/wp-json\/wp\/v2\/types\/page"}],"author":[{"embeddable":true,"href":"https:\/\/freedomges.com\/es\/wp-json\/wp\/v2\/users\/9"}],"replies":[{"embeddable":true,"href":"https:\/\/freedomges.com\/es\/wp-json\/wp\/v2\/comments?post=13041"}],"version-history":[{"count":13,"href":"https:\/\/freedomges.com\/es\/wp-json\/wp\/v2\/pages\/13041\/revisions"}],"predecessor-version":[{"id":13060,"href":"https:\/\/freedomges.com\/es\/wp-json\/wp\/v2\/pages\/13041\/revisions\/13060"}],"wp:attachment":[{"href":"https:\/\/freedomges.com\/es\/wp-json\/wp\/v2\/media?parent=13041"}],"curies":[{"name":"wp","href":"https:\/\/api.w.org\/{rel}","templated":true}]}}