{"id":13078,"date":"2025-04-24T22:13:51","date_gmt":"2025-04-24T22:13:51","guid":{"rendered":"https:\/\/freedomges.com\/inicio\/condiciones-generales\/politica-de-cumplimiento-cancelacion-y-reembolso\/"},"modified":"2025-04-24T23:07:45","modified_gmt":"2025-04-24T23:07:45","slug":"politica-de-cumplimiento-cancelacion-y-reembolso","status":"publish","type":"page","link":"https:\/\/freedomges.com\/es\/inicio\/condiciones-generales\/politica-de-cumplimiento-cancelacion-y-reembolso\/","title":{"rendered":"Pol\u00edtica de Cumplimiento, Cancelaci\u00f3n y Reembolso"},"content":{"rendered":"<div class=\"wpb-content-wrapper\"><p>[vc_row kd_background_image_position=&#8221;vc_row-bg-position-top&#8221; css=&#8221;.vc_custom_1605811779090{padding-top: 100px !important;}&#8221;][vc_column width=&#8221;2\/3&#8243; css=&#8221;.vc_custom_1607016951846{padding-right: 100px !important;}&#8221; offset=&#8221;vc_col-lg-8 vc_col-md-12 vc_col-xs-12&#8243; css_tablet_landscape=&#8221;.vc_custom_1607016951846{padding-right: 15px !important;}&#8221; css_tablet_portrait=&#8221;.vc_custom_1607016951847{padding-right: 15px !important;}&#8221; css_mobile=&#8221;.vc_custom_1607016951847{padding-right: 15px !important;}&#8221;][vc_row_inner kd_background_image_position=&#8221;vc_row-bg-position-top&#8221;][vc_column_inner offset=&#8221;vc_hidden-lg&#8221;][\/vc_column_inner][\/vc_row_inner][vc_column_text css=&#8221;&#8221;]<b>Cumplimiento de los servicios:<\/b><b><br \/><\/b><span style=\"font-weight: 400;\">  Una vez adquirido un servicio, un miembro de nuestro equipo se pondr\u00e1 en contacto con el cliente en un plazo de 24 a 48 horas laborables para confirmar los detalles e iniciar el proceso. Los plazos de finalizaci\u00f3n var\u00edan en funci\u00f3n del alcance del trabajo y de la capacidad de respuesta del cliente. <\/span><\/p>\n<p><b>Cancelaciones:<\/b><b><br \/><\/b><span style=\"font-weight: 400;\">  Los servicios pueden cancelarse en las 24 horas siguientes al pago si el trabajo a\u00fan no ha comenzado. Una vez iniciados los servicios, se podr\u00e1n considerar las solicitudes de cancelaci\u00f3n, y se podr\u00e1 realizar un reembolso parcial en funci\u00f3n del trabajo ya realizado. <\/span><\/p>\n<p><b>Reembolsos:<\/b><b><br \/><\/b><span style=\"font-weight: 400;\">  No se garantizan los reembolsos una vez prestados los servicios. Si tienes alguna duda, ponte en contacto con nosotros en   <\/span><a href=\"mailto:Info@freedomges.com\"><span style=\"font-weight: 400;\">Info@FreedomGES.com<\/span><\/a><span style=\"font-weight: 400;\">  o llama al 561-877-1373. Estaremos encantados de resolver cualquier problema relacionado con la precisi\u00f3n o la satisfacci\u00f3n del servicio. <\/span><\/p>\n<p><span style=\"font-weight: 400;\">Esta pol\u00edtica se aplica a <\/span><b>Freedom GES Multiservicios LLC<\/b><span style=\"font-weight: 400;\">  \u00fanicamente. Los pagos relacionados con seguros no se procesan a trav\u00e9s de esta plataforma. <\/span><\/p>\n<p>&nbsp;<\/p>\n<p>&nbsp;<\/p>\n<p>(\u00daltima actualizaci\u00f3n: 24 de abril de 2025).<\/p>\n<p>&nbsp;<\/p>\n<p>&nbsp;<\/p>\n<p style=\"text-align: center;\">\u00a92025 Libertad GES Multiservicios, LLC,<\/p>\n<p style=\"text-align: center;\">560 VILLAGE BLVD<br \/>SUITE 120-77<br \/>WEST PALM BEACH, FL 334092116<\/p>\n<h3><\/h3>\n<p>[\/vc_column_text][\/vc_column][vc_column width=&#8221;1\/3&#8243; offset=&#8221;vc_col-lg-4 vc_col-md-12 vc_col-xs-12&#8243;][vc_widget_sidebar sidebar_id=&#8221;page-sidebar&#8221;][\/vc_column][\/vc_row]<\/p>\n<\/div>","protected":false},"excerpt":{"rendered":"<p>[vc_row kd_background_image_position=&#8221;vc_row-bg-position-top&#8221; css=&#8221;.vc_custom_1605811779090{padding-top: 100px !important;}&#8221;][vc_column width=&#8221;2\/3&#8243; css=&#8221;.vc_custom_1607016951846{padding-right: 100px !important;}&#8221; offset=&#8221;vc_col-lg-8 vc_col-md-12 vc_col-xs-12&#8243; css_tablet_landscape=&#8221;.vc_custom_1607016951846{padding-right: 15px !important;}&#8221; css_tablet_portrait=&#8221;.vc_custom_1607016951847{padding-right: 15px !important;}&#8221; css_mobile=&#8221;.vc_custom_1607016951847{padding-right: 15px [&hellip;]<\/p>\n","protected":false},"author":11,"featured_media":12483,"parent":12851,"menu_order":1,"comment_status":"closed","ping_status":"closed","template":"","meta":{"footnotes":""},"class_list":["post-13078","page","type-page","status-publish","has-post-thumbnail","hentry"],"_links":{"self":[{"href":"https:\/\/freedomges.com\/es\/wp-json\/wp\/v2\/pages\/13078","targetHints":{"allow":["GET"]}}],"collection":[{"href":"https:\/\/freedomges.com\/es\/wp-json\/wp\/v2\/pages"}],"about":[{"href":"https:\/\/freedomges.com\/es\/wp-json\/wp\/v2\/types\/page"}],"author":[{"embeddable":true,"href":"https:\/\/freedomges.com\/es\/wp-json\/wp\/v2\/users\/11"}],"replies":[{"embeddable":true,"href":"https:\/\/freedomges.com\/es\/wp-json\/wp\/v2\/comments?post=13078"}],"version-history":[{"count":5,"href":"https:\/\/freedomges.com\/es\/wp-json\/wp\/v2\/pages\/13078\/revisions"}],"predecessor-version":[{"id":13083,"href":"https:\/\/freedomges.com\/es\/wp-json\/wp\/v2\/pages\/13078\/revisions\/13083"}],"up":[{"embeddable":true,"href":"https:\/\/freedomges.com\/es\/wp-json\/wp\/v2\/pages\/12851"}],"wp:featuredmedia":[{"embeddable":true,"href":"https:\/\/freedomges.com\/es\/wp-json\/wp\/v2\/media\/12483"}],"wp:attachment":[{"href":"https:\/\/freedomges.com\/es\/wp-json\/wp\/v2\/media?parent=13078"}],"curies":[{"name":"wp","href":"https:\/\/api.w.org\/{rel}","templated":true}]}}